{"id":11,"date":"2023-04-28T07:27:23","date_gmt":"2023-04-28T07:27:23","guid":{"rendered":"https:\/\/inlingogames.com\/\/?page_id=11"},"modified":"2025-09-16T08:23:56","modified_gmt":"2025-09-16T08:23:56","slug":"about","status":"publish","type":"page","link":"https:\/\/inlingogames.com\/de\/about\/","title":{"rendered":"About Us"},"content":{"rendered":"\n\t<section class=\"section about-mainblock dark has-parallax is-full-height\" id=\"section_1316266290\">\n\t\t<div class=\"section-bg fill\" data-parallax-container=\".section\" data-parallax-background data-parallax=\"-3\">\n\t\t\t<img decoding=\"async\" width=\"1680\" height=\"945\" src=\"https:\/\/inlingogames.com\/de\/wp-content\/uploads\/sites\/9\/2023\/04\/Frame_9.jpg\" class=\"bg attachment-original size-original\" alt=\"\" \/>\t\t\t\t\t\t<div class=\"section-bg-overlay absolute fill\"><\/div>\n\t\t\t\n\n\t\t<\/div>\n\n\t\t\n\n\t\t<div class=\"section-content relative\">\n\t\t\t\n<div class=\"row row-small align-equal align-center\"  id=\"row-2039082446\">\n\n\t<div id=\"col-785382888\" class=\"col hide-for-medium medium-1 small-12 large-1\"  >\n\t\t\t\t<div class=\"col-inner\"  >\n\t\t\t\n\t\t\t\n\t\t<\/div>\n\t\t\t\t\t<\/div>\n\n\t\n\n\t<div id=\"col-638067945\" class=\"col medium-10 small-12 large-10\"  >\n\t\t\t\t<div class=\"col-inner text-center\"  >\n\t\t\t\n\t\t\t\n<h1>Wir sind <span class=\"orange uppercase\">Inlingo<\/span><\/h1>\n<h2>Unsere Mission ist es, die Ressourcen unserer Kunden zu schonen<\/h2>\n<div class=\"row\"  id=\"row-1670192115\">\n\n\t<div id=\"col-1508771965\" class=\"col medium-4 small-12 large-4\"  >\n\t\t\t\t<div class=\"col-inner\"  >\n\t\t\t\n\t\t\t\n\t<div id=\"gap-1038790314\" class=\"gap-element clearfix\" style=\"display:block; height:auto;\">\n\t\t\n<style>\n#gap-1038790314 {\n  padding-top: 60px;\n}\n@media (min-width:550px) {\n  #gap-1038790314 {\n    padding-top: 120px;\n  }\n}\n<\/style>\n\t<\/div>\n\t\n<p class=\"keynumber\">1300+<\/p>\n<p class=\"keynumber-description\">Spezialisten weltweit<\/p>\n\t\t<\/div>\n\t\t\t\t\t<\/div>\n\n\t\n\n\t<div id=\"col-906061511\" class=\"col medium-4 small-12 large-4\"  >\n\t\t\t\t<div class=\"col-inner\"  >\n\t\t\t\n\t\t\t\n\t<div id=\"gap-2117894703\" class=\"gap-element clearfix\" style=\"display:block; height:auto;\">\n\t\t\n<style>\n#gap-2117894703 {\n  padding-top: 10px;\n}\n@media (min-width:550px) {\n  #gap-2117894703 {\n    padding-top: 120px;\n  }\n}\n<\/style>\n\t<\/div>\n\t\n<p class=\"keynumber\">2500+<\/p>\n<p class=\"keynumber-description\">abgeschlossene Projekte<\/p>\n\t\t<\/div>\n\t\t\t\t\t<\/div>\n\n\t\n\n\t<div id=\"col-1702778294\" class=\"col medium-4 small-12 large-4\"  >\n\t\t\t\t<div class=\"col-inner\"  >\n\t\t\t\n\t\t\t\n\t<div id=\"gap-752087365\" class=\"gap-element clearfix\" style=\"display:block; height:auto;\">\n\t\t\n<style>\n#gap-752087365 {\n  padding-top: 10px;\n}\n@media (min-width:550px) {\n  #gap-752087365 {\n    padding-top: 120px;\n  }\n}\n<\/style>\n\t<\/div>\n\t\n<p class=\"keynumber\">300+<\/p>\n<p class=\"keynumber-description\">Firmen, die uns ihr Vertrauen schenken<\/p>\n\t\t<\/div>\n\t\t\t\t\t<\/div>\n\n\t\n<\/div>\n\t\t<\/div>\n\t\t\t\t\t<\/div>\n\n\t\n\n\t<div id=\"col-1048630217\" class=\"col hide-for-medium medium-1 small-12 large-1\"  >\n\t\t\t\t<div class=\"col-inner\"  >\n\t\t\t\n\t\t\t\n\t\t<\/div>\n\t\t\t\t\t<\/div>\n\n\t\n<\/div>\n\t\t<\/div>\n\n\t\t\n<style>\n#section_1316266290 {\n  padding-top: 30px;\n  padding-bottom: 30px;\n  min-height: 100vh;\n  background-color: rgb(40, 40, 40);\n}\n#section_1316266290 .section-bg-overlay {\n  background-color: rgba(0, 0, 0, 0.427);\n}\n#section_1316266290 .section-bg img {\n  object-position: center;\n}\n<\/style>\n\t<\/section>\n\t\n\n\t<section class=\"section\" id=\"section_1121524033\">\n\t\t<div class=\"section-bg fill\" >\n\t\t\t\t\t\t\t\t\t\n\t\t\t\n\n\t\t<\/div>\n\n\t\t\n\n\t\t<div class=\"section-content relative\">\n\t\t\t\n\t<div id=\"gap-1168608354\" class=\"gap-element clearfix\" style=\"display:block; height:auto;\">\n\t\t\n<style>\n#gap-1168608354 {\n  padding-top: 80px;\n}\n<\/style>\n\t<\/div>\n\t\n<div class=\"row\"  id=\"row-1000818936\">\n\n\t<div id=\"col-939060136\" class=\"col hide-for-small medium-1 small-12 large-2\"  >\n\t\t\t\t<div class=\"col-inner\"  >\n\t\t\t\n\t\t\t\n\t\t<\/div>\n\t\t\t\t\t<\/div>\n\n\t\n\n\t<div id=\"col-870627081\" class=\"col medium-10 small-12 large-8\"  >\n\t\t\t\t<div class=\"col-inner\"  >\n\t\t\t\n\t\t\t\n<p class=\"big-text\"><span class=\"orange\">INLINGO<\/span> wurde im Jahr 2012 gegr\u00fcndet. Innerhalb von zw\u00f6lf Jahren hat sich unser kleines Lokalisierungsb\u00fcro in eine ganze Reihe an B\u00fcros verwandelt, die GameDev-Outsourcing-Dienstleistungen anbieten.<\/p>\n<p class=\"big-text\">Jetzt deckt unser Team eine ganze Bandbreite an Bereichen ab. Wir helfen Ihnen, eine fesselnde Geschichte f\u00fcr jedes Genre zu erstellen sowie Ihre Charaktere zu zeichnen und ihnen eine Stimme zu geben.<\/p>\n\t\t<\/div>\n\t\t\t\t\t<\/div>\n\n\t\n\n\t<div id=\"col-1721258606\" class=\"col hide-for-small medium-1 small-12 large-2\"  >\n\t\t\t\t<div class=\"col-inner\"  >\n\t\t\t\n\t\t\t\n\t\t<\/div>\n\t\t\t\t\t<\/div>\n\n\t\n\n<style>\n#row-1000818936 > .col > .col-inner {\n  padding: 0px 0px 0px 0px;\n}\n<\/style>\n<\/div>\n\t<div id=\"gap-567449657\" class=\"gap-element clearfix\" style=\"display:block; height:auto;\">\n\t\t\n<style>\n#gap-567449657 {\n  padding-top: 80px;\n}\n<\/style>\n\t<\/div>\n\t\n\t\t<\/div>\n\n\t\t\n<style>\n#section_1121524033 {\n  padding-top: 30px;\n  padding-bottom: 30px;\n  background-color: rgb(240, 240, 240);\n}\n<\/style>\n\t<\/section>\n\t\n\n\t<section class=\"section orange dark\" id=\"section_1557794197\">\n\t\t<div class=\"section-bg fill\" >\n\t\t\t\t\t\t\t\t\t\n\t\t\t\n\n\t\t<\/div>\n\n\t\t\n\n\t\t<div class=\"section-content relative\">\n\t\t\t\n<div class=\"row\"  id=\"row-884410926\">\n\n\t<div id=\"col-1861286009\" class=\"col small-12 large-12\"  >\n\t\t\t\t<div class=\"col-inner text-center\"  >\n\t\t\t\n\t\t\t\n<h2>Werte<\/h2>\n<p>Unsere Arbeit folgt festgelegten Werten, an die unser Team glaubt.<\/p>\n\t\t<\/div>\n\t\t\t\t\n<style>\n#col-1861286009 > .col-inner {\n  padding: 80px 0px 50px 0px;\n}\n<\/style>\n\t<\/div>\n\n\t\n\n\t<div id=\"col-254782607\" class=\"col hide-for-medium medium-1 small-12 large-1\"  >\n\t\t\t\t<div class=\"col-inner\"  >\n\t\t\t\n\t\t\t\n\t\t<\/div>\n\t\t\t\t\t<\/div>\n\n\t\n\n\t<div id=\"col-1408959704\" class=\"col medium-12 small-12 large-10\"  >\n\t\t\t\t<div class=\"col-inner text-center\"  >\n\t\t\t\n\t\t\t\n<div class=\"row\"  id=\"row-1243186777\">\n\n\t<div id=\"col-2047431632\" class=\"col medium-10 small-12 large-4\"  >\n\t\t\t\t<div class=\"col-inner text-center\"  >\n\t\t\t\n\t\t\t\n\n\t\t<div class=\"icon-box featured-box icon-box-top text-left\"  >\n\t\t\t\t\t<div class=\"icon-box-img\" style=\"width: 100px\">\n\t\t\t\t<div class=\"icon\">\n\t\t\t\t\t<div class=\"icon-inner\" >\n\t\t\t\t\t\t<img decoding=\"async\" width=\"200\" height=\"200\" src=\"https:\/\/inlingogames.com\/de\/wp-content\/uploads\/sites\/9\/2023\/05\/1.webp\" class=\"attachment-medium size-medium\" alt=\"\" srcset=\"https:\/\/inlingogames.com\/de\/wp-content\/uploads\/sites\/9\/2023\/05\/1.webp 200w, https:\/\/inlingogames.com\/de\/wp-content\/uploads\/sites\/9\/2023\/05\/1-150x150.webp 150w\" sizes=\"(max-width: 200px) 100vw, 200px\" \/>\t\t\t\t\t<\/div>\n\t\t\t\t<\/div>\n\t\t\t<\/div>\n\t\t\t\t<div class=\"icon-box-text last-reset\">\n\t\t\t\t\t\t\t\t\t\n\t<div id=\"text-2797872808\" class=\"text\">\n\t\t\n<h4>Menschenorientiert<\/h4>\n<p>Menschen kommen bei uns an erster Stelle. Wir respektieren Ihre Arbeit, sch\u00e4tzen Ihre Zeit und legen uns besonders ins Zeug, wenn es hart auf hart kommt.<br \/>\n\t\t\n<style>\n#text-2797872808 {\n  text-align: center;\n}\n<\/style>\n\t<\/div>\n\t\n\t\t<\/div>\n\t<\/div>\n\t\n\t\n\t\t<\/div>\n\t\t\t\t\t<\/div>\n\n\t\n\n\t<div id=\"col-2002497292\" class=\"col medium-10 small-12 large-4\"  >\n\t\t\t\t<div class=\"col-inner text-center\"  >\n\t\t\t\n\t\t\t\n\n\t\t<div class=\"icon-box featured-box icon-box-top text-left\"  >\n\t\t\t\t\t<div class=\"icon-box-img\" style=\"width: 100px\">\n\t\t\t\t<div class=\"icon\">\n\t\t\t\t\t<div class=\"icon-inner\" >\n\t\t\t\t\t\t<img decoding=\"async\" width=\"200\" height=\"200\" src=\"https:\/\/inlingogames.com\/de\/wp-content\/uploads\/sites\/9\/2023\/05\/Coin.webp\" class=\"attachment-medium size-medium\" alt=\"\" srcset=\"https:\/\/inlingogames.com\/de\/wp-content\/uploads\/sites\/9\/2023\/05\/Coin.webp 200w, https:\/\/inlingogames.com\/de\/wp-content\/uploads\/sites\/9\/2023\/05\/Coin-150x150.webp 150w\" sizes=\"(max-width: 200px) 100vw, 200px\" \/>\t\t\t\t\t<\/div>\n\t\t\t\t<\/div>\n\t\t\t<\/div>\n\t\t\t\t<div class=\"icon-box-text last-reset\">\n\t\t\t\t\t\t\t\t\t\n\t<div id=\"text-3596521942\" class=\"text\">\n\t\t\n<h4>Berufliche Entwicklung<\/h4>\n<p>Wir entwickeln uns Tag f\u00fcr Tag weiter, indem wir spezialisierte Kurse belegen, an Konferenzen teilnehmen, uns mit unseren Kollegen austauschen und die Spieleindustrie aufmerksam verfolgen.<br \/>\n\t\t\n<style>\n#text-3596521942 {\n  text-align: center;\n}\n<\/style>\n\t<\/div>\n\t\n\t\t<\/div>\n\t<\/div>\n\t\n\t\n\t\t<\/div>\n\t\t\t\t\t<\/div>\n\n\t\n\n\t<div id=\"col-806563684\" class=\"col medium-10 small-12 large-4\"  >\n\t\t\t\t<div class=\"col-inner text-center\"  >\n\t\t\t\n\t\t\t\n\n\t\t<div class=\"icon-box featured-box icon-box-top text-left\"  >\n\t\t\t\t\t<div class=\"icon-box-img\" style=\"width: 100px\">\n\t\t\t\t<div class=\"icon\">\n\t\t\t\t\t<div class=\"icon-inner\" >\n\t\t\t\t\t\t<img decoding=\"async\" width=\"200\" height=\"200\" src=\"https:\/\/inlingogames.com\/de\/wp-content\/uploads\/sites\/9\/2023\/05\/Cake.webp\" class=\"attachment-medium size-medium\" alt=\"\" srcset=\"https:\/\/inlingogames.com\/de\/wp-content\/uploads\/sites\/9\/2023\/05\/Cake.webp 200w, https:\/\/inlingogames.com\/de\/wp-content\/uploads\/sites\/9\/2023\/05\/Cake-150x150.webp 150w\" sizes=\"(max-width: 200px) 100vw, 200px\" \/>\t\t\t\t\t<\/div>\n\t\t\t\t<\/div>\n\t\t\t<\/div>\n\t\t\t\t<div class=\"icon-box-text last-reset\">\n\t\t\t\t\t\t\t\t\t\n\t<div id=\"text-3960315602\" class=\"text\">\n\t\t\n<h4>Fokus auf Kundenergebnis<\/h4>\n<p>Unser Ziel ist die langfristige Zusammenarbeit mit unseren Kunden. Ihr Erfolg ist unser Erfolg.<br \/>\n\t\t\n<style>\n#text-3960315602 {\n  text-align: center;\n}\n<\/style>\n\t<\/div>\n\t\n\t\t<\/div>\n\t<\/div>\n\t\n\t\n\t\t<\/div>\n\t\t\t\t\t<\/div>\n\n\t\n<\/div>\n\t\t<\/div>\n\t\t\t\t\t<\/div>\n\n\t\n\n\t<div id=\"col-2047682281\" class=\"col hide-for-medium medium-1 small-12 large-1\"  >\n\t\t\t\t<div class=\"col-inner\"  >\n\t\t\t\n\t\t\t\n\t\t<\/div>\n\t\t\t\t\t<\/div>\n\n\t\n<\/div>\n\t<div id=\"gap-1422631437\" class=\"gap-element clearfix\" style=\"display:block; height:auto;\">\n\t\t\n<style>\n#gap-1422631437 {\n  padding-top: 40px;\n}\n@media (min-width:550px) {\n  #gap-1422631437 {\n    padding-top: 80px;\n  }\n}\n<\/style>\n\t<\/div>\n\t\n\t\t<\/div>\n\n\t\t\n<style>\n#section_1557794197 {\n  padding-top: 30px;\n  padding-bottom: 30px;\n  background-color: #222;\n}\n<\/style>\n\t<\/section>\n\t\n\n\t<section class=\"section\" id=\"section_214328481\">\n\t\t<div class=\"section-bg fill\" >\n\t\t\t\t\t\t\t\t\t\n\t\t\t\n\n\t\t<\/div>\n\n\t\t\n\n\t\t<div class=\"section-content relative\">\n\t\t\t\n<span class=\"scroll-to\" data-label=\"Scroll to: #contacts\" data-bullet=\"false\" data-link=\"#contacts\" data-title=\"Contacts\" ><a name=\"contacts\"><\/a><\/span>\n<div class=\"row\"  id=\"row-1196887732\">\n\n\t<div id=\"col-1797248179\" class=\"col small-12 large-12\"  >\n\t\t\t\t<div class=\"col-inner text-center\"  >\n\t\t\t\n\t\t\t\n<h2>Kontakt<\/h2>\n<p class=\"big-text\">Schreiben Sie uns gerne eine Nachricht, wenn Sie eine Frage oder ein Anliegen haben.<\/p>\n\t\t<\/div>\n\t\t\t\t\n<style>\n#col-1797248179 > .col-inner {\n  padding: 40px 0px 20px 0px;\n}\n@media (min-width:550px) {\n  #col-1797248179 > .col-inner {\n    padding: 40px 0px 0px 0px;\n  }\n}\n@media (min-width:850px) {\n  #col-1797248179 > .col-inner {\n    padding: 80px 0px 40px 0px;\n  }\n}\n<\/style>\n\t<\/div>\n\n\t\n\n\t<div id=\"col-773459508\" class=\"col hide-for-medium medium-1 small-12 large-1\"  >\n\t\t\t\t<div class=\"col-inner\"  >\n\t\t\t\n\t\t\t\n\t\t<\/div>\n\t\t\t\t\t<\/div>\n\n\t\n\n\t<div id=\"col-481442670\" class=\"col medium-12 small-12 large-5\"  >\n\t\t\t\t<div class=\"col-inner\"  >\n\t\t\t\n\t\t\t\n<p class=\"big-text\">Palliser House Palliser Road, Second Floor, London, England, W14 9EB<\/p>\n<div class=\"content-social-icons left\">\n<ul>\n<li><\/li>\n<\/ul>\n<\/div>\n\t\t<\/div>\n\t\t\t\t\t<\/div>\n\n\t\n\n\t<div id=\"col-1871975488\" class=\"col medium-10 small-12 large-5\"  >\n\t\t\t\t<div class=\"col-inner\"  >\n\t\t\t\n\t\t\t\n\n<div class=\"wpcf7 no-js\" id=\"wpcf7-f3357-o1\" lang=\"en-US\" dir=\"ltr\" data-wpcf7-id=\"3357\">\n<div class=\"screen-reader-response\"><p role=\"status\" aria-live=\"polite\" aria-atomic=\"true\"><\/p> <ul><\/ul><\/div>\n<form action=\"\/de\/wp-json\/wp\/v2\/pages\/11#wpcf7-f3357-o1\" method=\"post\" class=\"wpcf7-form init\" aria-label=\"Contact form\" novalidate=\"novalidate\" data-status=\"init\">\n<div style=\"display: none;\">\n<input type=\"hidden\" name=\"_wpcf7\" value=\"3357\" \/>\n<input type=\"hidden\" name=\"_wpcf7_version\" value=\"6.0.5\" \/>\n<input type=\"hidden\" name=\"_wpcf7_locale\" value=\"en_US\" \/>\n<input type=\"hidden\" name=\"_wpcf7_unit_tag\" value=\"wpcf7-f3357-o1\" \/>\n<input type=\"hidden\" name=\"_wpcf7_container_post\" value=\"0\" \/>\n<input type=\"hidden\" name=\"_wpcf7_posted_data_hash\" value=\"\" \/>\n<input type=\"hidden\" name=\"_uacf7_hidden_conditional_fields\" value=\"\" \/>\n<\/div>\n<div class=\"uacf7-form-3357  \"><div class=\"inlingo-form light-form\">\n<label>\n    <span class=\"wpcf7-form-control-wrap\" data-name=\"your-name\"><input size=\"40\" maxlength=\"400\" class=\"wpcf7-form-control wpcf7-text wpcf7-validates-as-required\" autocomplete=\"name\" aria-required=\"true\" aria-invalid=\"false\" placeholder=\"Name\" value=\"\" type=\"text\" name=\"your-name\" \/><\/span> <\/label>\n\n<label>\n    <span class=\"wpcf7-form-control-wrap\" data-name=\"your-email\"><input size=\"40\" maxlength=\"400\" class=\"wpcf7-form-control wpcf7-email wpcf7-validates-as-required wpcf7-text wpcf7-validates-as-email\" autocomplete=\"email\" aria-required=\"true\" aria-invalid=\"false\" placeholder=\"Email\" value=\"\" type=\"email\" name=\"your-email\" \/><\/span> <\/label>\n\n<label>\n    <span class=\"wpcf7-form-control-wrap\" data-name=\"your-message\"><textarea cols=\"40\" rows=\"10\" maxlength=\"2000\" class=\"wpcf7-form-control wpcf7-textarea wpcf7-validates-as-required\" aria-required=\"true\" aria-invalid=\"false\" placeholder=\"Your message\" name=\"your-message\"><\/textarea><\/span> <\/label>\n\n<span id=\"wpcf7-69d3afb7c5b00-wrapper\" class=\"wpcf7-form-control-wrap zipcode-wrap\" style=\"display:none !important; visibility:hidden !important;\"><label for=\"wpcf7-69d3afb7c5b00-field\" class=\"hp-message\">Please leave this field empty.<\/label><input id=\"wpcf7-69d3afb7c5b00-field\"  class=\"wpcf7-form-control wpcf7-text\" type=\"text\" name=\"zipcode\" value=\"\" size=\"40\" tabindex=\"-1\" autocomplete=\"new-password\" \/><\/span>\n\n<div class=\"form-accept\">\n<span class=\"wpcf7-form-control-wrap\" data-name=\"acceptance-615\"><span class=\"wpcf7-form-control wpcf7-acceptance\"><span class=\"wpcf7-list-item\"><label><input type=\"checkbox\" name=\"acceptance-615\" value=\"1\" aria-invalid=\"false\" \/><span class=\"wpcf7-list-item-label\">By clicking \"Send\" you consent to <a href=\"\/policy\" target=\"_blank\">to personal data processing<\/a>. We will not share your contact information with third parties<\/p><\/span><\/label><\/span><\/span><\/span>\n<\/div>\n\n<\/div>\n\n<div class=\"form-button orange-button\">\n<input class=\"wpcf7-form-control wpcf7-submit has-spinner\" type=\"submit\" value=\"Send\" \/>\n<\/div><\/div><input type=\"hidden\" id=\"ct_checkjs_cf7_7647966b7343c29048673252e490f736\" name=\"ct_checkjs_cf7\" value=\"0\" \/><script >setTimeout(function(){var ct_input_name = \"ct_checkjs_cf7_7647966b7343c29048673252e490f736\";if (document.getElementById(ct_input_name) !== null) {var ct_input_value = document.getElementById(ct_input_name).value;document.getElementById(ct_input_name).value = document.getElementById(ct_input_name).value.replace(ct_input_value, '62bc940be2a3e5cf5922df3509db99716c165df6a6dec40a310453ada0d696b6');}}, 1000);<\/script><label class=\"apbct_special_field\" id=\"apbct_label_id9525\" for=\"apbct__email_id__wp_contact_form_7_9525\">9525<\/label><input \n        id=\"apbct__email_id__wp_contact_form_7_9525\" \n        class=\"apbct_special_field apbct__email_id__wp_contact_form_7\"\n        autocomplete=\"off\" \n        name=\"apbct__email_id__wp_contact_form_7_9525\"  \n        type=\"text\" \n        value=\"9525\" \n        size=\"30\" \n        apbct_event_id=\"9525\"\n        maxlength=\"200\" \n    \/><input \n        id=\"apbct_event_id\"\n        class=\"apbct_special_field\"\n        name=\"apbct_event_id\"\n        type=\"hidden\" \n        value=\"9525\" \n            \/><p style=\"display: none !important;\" class=\"akismet-fields-container\" data-prefix=\"_wpcf7_ak_\"><label>&#916;<textarea name=\"_wpcf7_ak_hp_textarea\" cols=\"45\" rows=\"8\" maxlength=\"100\"><\/textarea><\/label><input type=\"hidden\" id=\"ak_js_1\" name=\"_wpcf7_ak_js\" value=\"3\"\/><script>document.getElementById( \"ak_js_1\" ).setAttribute( \"value\", ( new Date() ).getTime() );<\/script><\/p><div class=\"wpcf7-response-output\" aria-hidden=\"true\"><\/div>\n<\/form>\n<\/div>\n\n\t\t<\/div>\n\t\t\t\t\t<\/div>\n\n\t\n\n\t<div id=\"col-1405968138\" class=\"col hide-for-medium medium-1 small-12 large-1\"  >\n\t\t\t\t<div class=\"col-inner\"  >\n\t\t\t\n\t\t\t\n\t\t<\/div>\n\t\t\t\t\t<\/div>\n\n\t\n<\/div>\n\t\t<\/div>\n\n\t\t\n<style>\n#section_214328481 {\n  padding-top: 30px;\n  padding-bottom: 30px;\n  background-color: #f2f2f2;\n}\n<\/style>\n\t<\/section>\n\t\n","protected":false},"excerpt":{"rendered":"","protected":false},"author":1,"featured_media":36,"parent":0,"menu_order":0,"comment_status":"closed","ping_status":"closed","template":"main-template-header-footer.php","meta":{"footnotes":""},"class_list":["post-11","page","type-page","status-publish","has-post-thumbnail","hentry"],"yoast_head":"<!-- This site is optimized with the Yoast SEO plugin v24.7 - https:\/\/yoast.com\/wordpress\/plugins\/seo\/ -->\n<title>\u00dcber INLINGO - Gamedev Outsourcing Studio<\/title>\n<meta name=\"description\" content=\"Das INLINGO-Studio wurde im Jahr 2012 gegr\u00fcndet. In den 11 Jahren unserer Arbeit haben wir uns von einem kleinen Lokalisierungsstudio zu einem gro\u00dfen internationalen Outsourcing-Unternehmen entwickelt.\" \/>\n<meta name=\"robots\" content=\"index, follow, max-snippet:-1, max-image-preview:large, max-video-preview:-1\" \/>\n<link rel=\"canonical\" href=\"https:\/\/inlingogames.com\/de\/about\/\" \/>\n<meta property=\"og:locale\" content=\"en_US\" \/>\n<meta property=\"og:type\" content=\"article\" \/>\n<meta property=\"og:title\" content=\"About INLINGO \u2013 Gamedev Outsourcing Studio\" \/>\n<meta property=\"og:description\" content=\"INLINGO studio was founded in 2012. Over 11 years of work, we have grown from a small localization studio into a large international outsourcing company.\" \/>\n<meta property=\"og:url\" content=\"https:\/\/inlingogames.com\/de\/about\/\" \/>\n<meta property=\"og:site_name\" content=\"INLINGO \u2013 Gamedev Outsourcing Studios DE\" \/>\n<meta property=\"article:modified_time\" content=\"2025-09-16T08:23:56+00:00\" \/>\n<meta property=\"og:image\" content=\"https:\/\/inlingogames.com\/de\/wp-content\/uploads\/sites\/9\/2023\/04\/Frame_9.jpg\" \/>\n\t<meta property=\"og:image:width\" content=\"1680\" \/>\n\t<meta property=\"og:image:height\" content=\"945\" \/>\n\t<meta property=\"og:image:type\" content=\"image\/jpeg\" \/>\n<meta name=\"twitter:card\" content=\"summary_large_image\" \/>\n<meta name=\"twitter:title\" content=\"About INLINGO \u2013 Gamedev Outsourcing Studio\" \/>\n<meta name=\"twitter:description\" content=\"INLINGO studio was founded in 2012. Over 11 years of work, we have grown from a small localization studio into a large international outsourcing company.\" \/>\n<meta name=\"twitter:image\" content=\"https:\/\/inlingogames.com\/de\/wp-content\/uploads\/sites\/9\/2023\/04\/Frame_9.jpg\" \/>\n<meta name=\"twitter:label1\" content=\"Est. reading time\" \/>\n\t<meta name=\"twitter:data1\" content=\"2 minutes\" \/>\n<!-- \/ Yoast SEO plugin. -->","yoast_head_json":{"title":"\u00dcber INLINGO - Gamedev Outsourcing Studio","description":"Das INLINGO-Studio wurde im Jahr 2012 gegr\u00fcndet. In den 11 Jahren unserer Arbeit haben wir uns von einem kleinen Lokalisierungsstudio zu einem gro\u00dfen internationalen Outsourcing-Unternehmen entwickelt.","robots":{"index":"index","follow":"follow","max-snippet":"max-snippet:-1","max-image-preview":"max-image-preview:large","max-video-preview":"max-video-preview:-1"},"canonical":"https:\/\/inlingogames.com\/de\/about\/","og_locale":"en_US","og_type":"article","og_title":"About INLINGO \u2013 Gamedev Outsourcing Studio","og_description":"INLINGO studio was founded in 2012. Over 11 years of work, we have grown from a small localization studio into a large international outsourcing company.","og_url":"https:\/\/inlingogames.com\/de\/about\/","og_site_name":"INLINGO \u2013 Gamedev Outsourcing Studios DE","article_modified_time":"2025-09-16T08:23:56+00:00","og_image":[{"width":1680,"height":945,"url":"https:\/\/inlingogames.com\/de\/wp-content\/uploads\/sites\/9\/2023\/04\/Frame_9.jpg","type":"image\/jpeg"}],"twitter_card":"summary_large_image","twitter_title":"About INLINGO \u2013 Gamedev Outsourcing Studio","twitter_description":"INLINGO studio was founded in 2012. Over 11 years of work, we have grown from a small localization studio into a large international outsourcing company.","twitter_image":"https:\/\/inlingogames.com\/de\/wp-content\/uploads\/sites\/9\/2023\/04\/Frame_9.jpg","twitter_misc":{"Est. reading time":"2 minutes"},"schema":{"@context":"https:\/\/schema.org","@graph":[{"@type":"WebPage","@id":"https:\/\/inlingogames.com\/de\/about\/","url":"https:\/\/inlingogames.com\/de\/about\/","name":"\u00dcber INLINGO - Gamedev Outsourcing Studio","isPartOf":{"@id":"https:\/\/inlingogames.com\/de\/#website"},"primaryImageOfPage":{"@id":"https:\/\/inlingogames.com\/de\/about\/#primaryimage"},"image":{"@id":"https:\/\/inlingogames.com\/de\/about\/#primaryimage"},"thumbnailUrl":"https:\/\/inlingogames.com\/de\/wp-content\/uploads\/sites\/9\/2023\/04\/Frame_9.jpg","datePublished":"2023-04-28T07:27:23+00:00","dateModified":"2025-09-16T08:23:56+00:00","description":"Das INLINGO-Studio wurde im Jahr 2012 gegr\u00fcndet. In den 11 Jahren unserer Arbeit haben wir uns von einem kleinen Lokalisierungsstudio zu einem gro\u00dfen internationalen Outsourcing-Unternehmen entwickelt.","breadcrumb":{"@id":"https:\/\/inlingogames.com\/de\/about\/#breadcrumb"},"inLanguage":"en-US","potentialAction":[{"@type":"ReadAction","target":["https:\/\/inlingogames.com\/de\/about\/"]}]},{"@type":"ImageObject","inLanguage":"en-US","@id":"https:\/\/inlingogames.com\/de\/about\/#primaryimage","url":"https:\/\/inlingogames.com\/de\/wp-content\/uploads\/sites\/9\/2023\/04\/Frame_9.jpg","contentUrl":"https:\/\/inlingogames.com\/de\/wp-content\/uploads\/sites\/9\/2023\/04\/Frame_9.jpg","width":1680,"height":945},{"@type":"BreadcrumbList","@id":"https:\/\/inlingogames.com\/de\/about\/#breadcrumb","itemListElement":[{"@type":"ListItem","position":1,"name":"Home","item":"https:\/\/inlingogames.com\/de\/"},{"@type":"ListItem","position":2,"name":"About Us"}]},{"@type":"WebSite","@id":"https:\/\/inlingogames.com\/de\/#website","url":"https:\/\/inlingogames.com\/de\/","name":"INLINGO \u2013 Gamedev Outsourcing Studios DE","description":"","potentialAction":[{"@type":"SearchAction","target":{"@type":"EntryPoint","urlTemplate":"https:\/\/inlingogames.com\/de\/?s={search_term_string}"},"query-input":{"@type":"PropertyValueSpecification","valueRequired":true,"valueName":"search_term_string"}}],"inLanguage":"en-US"}]}},"_links":{"self":[{"href":"https:\/\/inlingogames.com\/de\/wp-json\/wp\/v2\/pages\/11","targetHints":{"allow":["GET"]}}],"collection":[{"href":"https:\/\/inlingogames.com\/de\/wp-json\/wp\/v2\/pages"}],"about":[{"href":"https:\/\/inlingogames.com\/de\/wp-json\/wp\/v2\/types\/page"}],"author":[{"embeddable":true,"href":"https:\/\/inlingogames.com\/de\/wp-json\/wp\/v2\/users\/1"}],"replies":[{"embeddable":true,"href":"https:\/\/inlingogames.com\/de\/wp-json\/wp\/v2\/comments?post=11"}],"version-history":[{"count":76,"href":"https:\/\/inlingogames.com\/de\/wp-json\/wp\/v2\/pages\/11\/revisions"}],"predecessor-version":[{"id":9140,"href":"https:\/\/inlingogames.com\/de\/wp-json\/wp\/v2\/pages\/11\/revisions\/9140"}],"wp:featuredmedia":[{"embeddable":true,"href":"https:\/\/inlingogames.com\/de\/wp-json\/wp\/v2\/media\/36"}],"wp:attachment":[{"href":"https:\/\/inlingogames.com\/de\/wp-json\/wp\/v2\/media?parent=11"}],"curies":[{"name":"wp","href":"https:\/\/api.w.org\/{rel}","templated":true}]}}