{"id":11,"date":"2023-04-28T07:27:23","date_gmt":"2023-04-28T07:27:23","guid":{"rendered":"https:\/\/inlingogames.com\/\/?page_id=11"},"modified":"2025-09-17T07:46:16","modified_gmt":"2025-09-17T07:46:16","slug":"about","status":"publish","type":"page","link":"https:\/\/inlingogames.com\/es\/about\/","title":{"rendered":"About Us"},"content":{"rendered":"\n\t<section class=\"section about-mainblock dark has-parallax is-full-height\" id=\"section_1655667797\">\n\t\t<div class=\"section-bg fill\" data-parallax-container=\".section\" data-parallax-background data-parallax=\"-3\">\n\t\t\t\t\t\t\t\t\t<div class=\"section-bg-overlay absolute fill\"><\/div>\n\t\t\t\n\n\t\t<\/div>\n\n\t\t\n\n\t\t<div class=\"section-content relative\">\n\t\t\t\n<div class=\"row row-small align-equal align-center\"  id=\"row-2140198528\">\n\n\t<div id=\"col-51766358\" class=\"col hide-for-medium medium-1 small-12 large-1\"  >\n\t\t\t\t<div class=\"col-inner\"  >\n\t\t\t\n\t\t\t\n\t\t<\/div>\n\t\t\t\t\t<\/div>\n\n\t\n\n\t<div id=\"col-1581239416\" class=\"col medium-10 small-12 large-10\"  >\n\t\t\t\t<div class=\"col-inner text-center\"  >\n\t\t\t\n\t\t\t\n<h1>Somos <span class=\"orange uppercase\">Inlingo<\/span><\/h1>\n<h2>Nuestra misi\u00f3n es ahorrarles recursos a nuestros clientes<\/h2>\n<div class=\"row\"  id=\"row-879332627\">\n\n\t<div id=\"col-1824091737\" class=\"col medium-4 small-12 large-4\"  >\n\t\t\t\t<div class=\"col-inner\"  >\n\t\t\t\n\t\t\t\n\t<div id=\"gap-1014460590\" class=\"gap-element clearfix\" style=\"display:block; height:auto;\">\n\t\t\n<style>\n#gap-1014460590 {\n  padding-top: 60px;\n}\n@media (min-width:550px) {\n  #gap-1014460590 {\n    padding-top: 120px;\n  }\n}\n<\/style>\n\t<\/div>\n\t\n<p class=\"keynumber\">1300+<\/p>\n<p class=\"keynumber-description\">especialistas de todo el mundo<\/p>\n\t\t<\/div>\n\t\t\t\t\t<\/div>\n\n\t\n\n\t<div id=\"col-235644165\" class=\"col medium-4 small-12 large-4\"  >\n\t\t\t\t<div class=\"col-inner\"  >\n\t\t\t\n\t\t\t\n\t<div id=\"gap-2026049396\" class=\"gap-element clearfix\" style=\"display:block; height:auto;\">\n\t\t\n<style>\n#gap-2026049396 {\n  padding-top: 10px;\n}\n@media (min-width:550px) {\n  #gap-2026049396 {\n    padding-top: 120px;\n  }\n}\n<\/style>\n\t<\/div>\n\t\n<p class=\"keynumber\">2500+<\/p>\n<p class=\"keynumber-description\">proyectos terminados<\/p>\n\t\t<\/div>\n\t\t\t\t\t<\/div>\n\n\t\n\n\t<div id=\"col-1625280162\" class=\"col medium-4 small-12 large-4\"  >\n\t\t\t\t<div class=\"col-inner\"  >\n\t\t\t\n\t\t\t\n\t<div id=\"gap-382392805\" class=\"gap-element clearfix\" style=\"display:block; height:auto;\">\n\t\t\n<style>\n#gap-382392805 {\n  padding-top: 10px;\n}\n@media (min-width:550px) {\n  #gap-382392805 {\n    padding-top: 120px;\n  }\n}\n<\/style>\n\t<\/div>\n\t\n<p class=\"keynumber\">300+<\/p>\n<p class=\"keynumber-description\">empresas conf\u00edan en nosotros<\/p>\n\t\t<\/div>\n\t\t\t\t\t<\/div>\n\n\t\n<\/div>\n\t\t<\/div>\n\t\t\t\t\t<\/div>\n\n\t\n\n\t<div id=\"col-725090981\" class=\"col hide-for-medium medium-1 small-12 large-1\"  >\n\t\t\t\t<div class=\"col-inner\"  >\n\t\t\t\n\t\t\t\n\t\t<\/div>\n\t\t\t\t\t<\/div>\n\n\t\n<\/div>\n\t\t<\/div>\n\n\t\t\n<style>\n#section_1655667797 {\n  padding-top: 30px;\n  padding-bottom: 30px;\n  min-height: 100vh;\n  background-color: rgb(40, 40, 40);\n}\n#section_1655667797 .section-bg-overlay {\n  background-color: rgba(0, 0, 0, 0.427);\n}\n#section_1655667797 .section-bg img {\n  object-position: center;\n}\n<\/style>\n\t<\/section>\n\t\n\n\t<section class=\"section\" id=\"section_210168912\">\n\t\t<div class=\"section-bg fill\" >\n\t\t\t\t\t\t\t\t\t\n\t\t\t\n\n\t\t<\/div>\n\n\t\t\n\n\t\t<div class=\"section-content relative\">\n\t\t\t\n\t<div id=\"gap-450125461\" class=\"gap-element clearfix\" style=\"display:block; height:auto;\">\n\t\t\n<style>\n#gap-450125461 {\n  padding-top: 80px;\n}\n<\/style>\n\t<\/div>\n\t\n<div class=\"row\"  id=\"row-52934159\">\n\n\t<div id=\"col-858591667\" class=\"col hide-for-small medium-1 small-12 large-2\"  >\n\t\t\t\t<div class=\"col-inner\"  >\n\t\t\t\n\t\t\t\n\t\t<\/div>\n\t\t\t\t\t<\/div>\n\n\t\n\n\t<div id=\"col-744342184\" class=\"col medium-10 small-12 large-8\"  >\n\t\t\t\t<div class=\"col-inner\"  >\n\t\t\t\n\t\t\t\n<p class=\"big-text\"><span class=\"orange\">INLINGO<\/span> se fund\u00f3 en 2012. En estos doce a\u00f1os, hemos pasado de ser un peque\u00f1o estudio de localizaci\u00f3n a ser todo un conjunto de departamentos que ofrecen servicios de externalizaci\u00f3n de desarrollo de juegos.<\/p>\n<p class=\"big-text\">Ahora, nuestro equipo abarca varios campos: podemos ayudarte a localizar tu proyecto, crear una historia cautivadora de cualquier g\u00e9nero, dise\u00f1ar y dar voz a tus personajes.<\/p>\n\t\t<\/div>\n\t\t\t\t\t<\/div>\n\n\t\n\n\t<div id=\"col-1992079456\" class=\"col hide-for-small medium-1 small-12 large-2\"  >\n\t\t\t\t<div class=\"col-inner\"  >\n\t\t\t\n\t\t\t\n\t\t<\/div>\n\t\t\t\t\t<\/div>\n\n\t\n\n<style>\n#row-52934159 > .col > .col-inner {\n  padding: 0px 0px 0px 0px;\n}\n<\/style>\n<\/div>\n\t<div id=\"gap-279858208\" class=\"gap-element clearfix\" style=\"display:block; height:auto;\">\n\t\t\n<style>\n#gap-279858208 {\n  padding-top: 80px;\n}\n<\/style>\n\t<\/div>\n\t\n\t\t<\/div>\n\n\t\t\n<style>\n#section_210168912 {\n  padding-top: 30px;\n  padding-bottom: 30px;\n  background-color: rgb(240, 240, 240);\n}\n<\/style>\n\t<\/section>\n\t\n\n\t<section class=\"section orange dark\" id=\"section_1903410597\">\n\t\t<div class=\"section-bg fill\" >\n\t\t\t\t\t\t\t\t\t\n\t\t\t\n\n\t\t<\/div>\n\n\t\t\n\n\t\t<div class=\"section-content relative\">\n\t\t\t\n<div class=\"row\"  id=\"row-2105231889\">\n\n\t<div id=\"col-751308231\" class=\"col small-12 large-12\"  >\n\t\t\t\t<div class=\"col-inner text-center\"  >\n\t\t\t\n\t\t\t\n<h2>Valores<\/h2>\n<p>Los valores de nuestro equipo son la gu\u00eda de nuestro trabajo.<\/p>\n\t\t<\/div>\n\t\t\t\t\n<style>\n#col-751308231 > .col-inner {\n  padding: 80px 0px 50px 0px;\n}\n<\/style>\n\t<\/div>\n\n\t\n\n\t<div id=\"col-2057672486\" class=\"col hide-for-medium medium-1 small-12 large-1\"  >\n\t\t\t\t<div class=\"col-inner\"  >\n\t\t\t\n\t\t\t\n\t\t<\/div>\n\t\t\t\t\t<\/div>\n\n\t\n\n\t<div id=\"col-1353051428\" class=\"col medium-12 small-12 large-10\"  >\n\t\t\t\t<div class=\"col-inner text-center\"  >\n\t\t\t\n\t\t\t\n<div class=\"row\"  id=\"row-1014441650\">\n\n\t<div id=\"col-1666168256\" class=\"col medium-10 small-12 large-4\"  >\n\t\t\t\t<div class=\"col-inner text-center\"  >\n\t\t\t\n\t\t\t\n\n\t\t<div class=\"icon-box featured-box icon-box-top text-left\"  >\n\t\t\t\t\t<div class=\"icon-box-img\" style=\"width: 100px\">\n\t\t\t\t<div class=\"icon\">\n\t\t\t\t\t<div class=\"icon-inner\" >\n\t\t\t\t\t\t<img decoding=\"async\" width=\"200\" height=\"200\" src=\"https:\/\/inlingogames.com\/es\/wp-content\/uploads\/sites\/10\/2023\/05\/1.webp\" class=\"attachment-medium size-medium\" alt=\"\" srcset=\"https:\/\/inlingogames.com\/es\/wp-content\/uploads\/sites\/10\/2023\/05\/1.webp 200w, https:\/\/inlingogames.com\/es\/wp-content\/uploads\/sites\/10\/2023\/05\/1-150x150.webp 150w\" sizes=\"(max-width: 200px) 100vw, 200px\" \/>\t\t\t\t\t<\/div>\n\t\t\t\t<\/div>\n\t\t\t<\/div>\n\t\t\t\t<div class=\"icon-box-text last-reset\">\n\t\t\t\t\t\t\t\t\t\n\t<div id=\"text-526096168\" class=\"text\">\n\t\t\n<h4>Orientados a las personas<\/h4>\n<p>Ponemos a las personas por delante. Respetamos su trabajo, valoramos su tiempo y estamos dispuestos a hacer esfuerzos adicionales en momentos complicados.<br \/>\n\t\t\n<style>\n#text-526096168 {\n  text-align: center;\n}\n<\/style>\n\t<\/div>\n\t\n\t\t<\/div>\n\t<\/div>\n\t\n\t\n\t\t<\/div>\n\t\t\t\t\t<\/div>\n\n\t\n\n\t<div id=\"col-138659568\" class=\"col medium-10 small-12 large-4\"  >\n\t\t\t\t<div class=\"col-inner text-center\"  >\n\t\t\t\n\t\t\t\n\n\t\t<div class=\"icon-box featured-box icon-box-top text-left\"  >\n\t\t\t\t\t<div class=\"icon-box-img\" style=\"width: 100px\">\n\t\t\t\t<div class=\"icon\">\n\t\t\t\t\t<div class=\"icon-inner\" >\n\t\t\t\t\t\t<img decoding=\"async\" width=\"200\" height=\"200\" src=\"https:\/\/inlingogames.com\/es\/wp-content\/uploads\/sites\/10\/2023\/05\/Coin.webp\" class=\"attachment-medium size-medium\" alt=\"\" srcset=\"https:\/\/inlingogames.com\/es\/wp-content\/uploads\/sites\/10\/2023\/05\/Coin.webp 200w, https:\/\/inlingogames.com\/es\/wp-content\/uploads\/sites\/10\/2023\/05\/Coin-150x150.webp 150w\" sizes=\"(max-width: 200px) 100vw, 200px\" \/>\t\t\t\t\t<\/div>\n\t\t\t\t<\/div>\n\t\t\t<\/div>\n\t\t\t\t<div class=\"icon-box-text last-reset\">\n\t\t\t\t\t\t\t\t\t\n\t<div id=\"text-3530500070\" class=\"text\">\n\t\t\n<h4>Desarrollo profesional<\/h4>\n<p>Mejoramos cada d\u00eda: realizamos cursos especializados, asistimos a conferencias, intercambiamos conocimientos con colegas y seguimos de cerca la industria de los videojuegos.<br \/>\n\t\t\n<style>\n#text-3530500070 {\n  text-align: center;\n}\n<\/style>\n\t<\/div>\n\t\n\t\t<\/div>\n\t<\/div>\n\t\n\t\n\t\t<\/div>\n\t\t\t\t\t<\/div>\n\n\t\n\n\t<div id=\"col-581198726\" class=\"col medium-10 small-12 large-4\"  >\n\t\t\t\t<div class=\"col-inner text-center\"  >\n\t\t\t\n\t\t\t\n\n\t\t<div class=\"icon-box featured-box icon-box-top text-left\"  >\n\t\t\t\t\t<div class=\"icon-box-img\" style=\"width: 100px\">\n\t\t\t\t<div class=\"icon\">\n\t\t\t\t\t<div class=\"icon-inner\" >\n\t\t\t\t\t\t<img decoding=\"async\" width=\"200\" height=\"200\" src=\"https:\/\/inlingogames.com\/es\/wp-content\/uploads\/sites\/10\/2023\/05\/Cake.webp\" class=\"attachment-medium size-medium\" alt=\"\" srcset=\"https:\/\/inlingogames.com\/es\/wp-content\/uploads\/sites\/10\/2023\/05\/Cake.webp 200w, https:\/\/inlingogames.com\/es\/wp-content\/uploads\/sites\/10\/2023\/05\/Cake-150x150.webp 150w\" sizes=\"(max-width: 200px) 100vw, 200px\" \/>\t\t\t\t\t<\/div>\n\t\t\t\t<\/div>\n\t\t\t<\/div>\n\t\t\t\t<div class=\"icon-box-text last-reset\">\n\t\t\t\t\t\t\t\t\t\n\t<div id=\"text-3859213009\" class=\"text\">\n\t\t\n<h4>Enfoque en los resultados del cliente<\/h4>\n<p>Nuestro objetivo es establecer colaboraciones a largo plazo con nuestros clientes. Tu \u00e9xito es nuestro \u00e9xito.<br \/>\n\t\t\n<style>\n#text-3859213009 {\n  text-align: center;\n}\n<\/style>\n\t<\/div>\n\t\n\t\t<\/div>\n\t<\/div>\n\t\n\t\n\t\t<\/div>\n\t\t\t\t\t<\/div>\n\n\t\n<\/div>\n\t\t<\/div>\n\t\t\t\t\t<\/div>\n\n\t\n\n\t<div id=\"col-1121287349\" class=\"col hide-for-medium medium-1 small-12 large-1\"  >\n\t\t\t\t<div class=\"col-inner\"  >\n\t\t\t\n\t\t\t\n\t\t<\/div>\n\t\t\t\t\t<\/div>\n\n\t\n<\/div>\n\t<div id=\"gap-601497291\" class=\"gap-element clearfix\" style=\"display:block; height:auto;\">\n\t\t\n<style>\n#gap-601497291 {\n  padding-top: 40px;\n}\n@media (min-width:550px) {\n  #gap-601497291 {\n    padding-top: 80px;\n  }\n}\n<\/style>\n\t<\/div>\n\t\n\t\t<\/div>\n\n\t\t\n<style>\n#section_1903410597 {\n  padding-top: 30px;\n  padding-bottom: 30px;\n  background-color: #222;\n}\n<\/style>\n\t<\/section>\n\t\n\n\t<section class=\"section\" id=\"section_2096077818\">\n\t\t<div class=\"section-bg fill\" >\n\t\t\t\t\t\t\t\t\t\n\t\t\t\n\n\t\t<\/div>\n\n\t\t\n\n\t\t<div class=\"section-content relative\">\n\t\t\t\n<span class=\"scroll-to\" data-label=\"Scroll to: #contacts\" data-bullet=\"false\" data-link=\"#contacts\" data-title=\"Contacts\" ><a name=\"contacts\"><\/a><\/span>\n<div class=\"row\"  id=\"row-1878103770\">\n\n\t<div id=\"col-579794932\" class=\"col small-12 large-12\"  >\n\t\t\t\t<div class=\"col-inner text-center\"  >\n\t\t\t\n\t\t\t\n<h2>Ponte en contacto con nosotros<\/h2>\n<p class=\"big-text\">Si tienes alguna pregunta o solicitud, no dudes en ponerte en contacto con nosotros.<\/p>\n\t\t<\/div>\n\t\t\t\t\n<style>\n#col-579794932 > .col-inner {\n  padding: 40px 0px 20px 0px;\n}\n@media (min-width:550px) {\n  #col-579794932 > .col-inner {\n    padding: 40px 0px 0px 0px;\n  }\n}\n@media (min-width:850px) {\n  #col-579794932 > .col-inner {\n    padding: 80px 0px 40px 0px;\n  }\n}\n<\/style>\n\t<\/div>\n\n\t\n\n\t<div id=\"col-277208489\" class=\"col hide-for-medium medium-1 small-12 large-1\"  >\n\t\t\t\t<div class=\"col-inner\"  >\n\t\t\t\n\t\t\t\n\t\t<\/div>\n\t\t\t\t\t<\/div>\n\n\t\n\n\t<div id=\"col-900888580\" class=\"col medium-12 small-12 large-5\"  >\n\t\t\t\t<div class=\"col-inner\"  >\n\t\t\t\n\t\t\t\n<p class=\"big-text\">Palliser House Palliser Road, Second Floor, London, England, W14 9EB<\/p>\n<div class=\"content-social-icons left\">\n<ul>\n<li><\/li>\n<\/ul>\n<\/div>\n\t\t<\/div>\n\t\t\t\t\t<\/div>\n\n\t\n\n\t<div id=\"col-1187579356\" class=\"col medium-10 small-12 large-5\"  >\n\t\t\t\t<div class=\"col-inner\"  >\n\t\t\t\n\t\t\t\n\n<div class=\"wpcf7 no-js\" id=\"wpcf7-f3357-o1\" lang=\"en-US\" dir=\"ltr\" data-wpcf7-id=\"3357\">\n<div class=\"screen-reader-response\"><p role=\"status\" aria-live=\"polite\" aria-atomic=\"true\"><\/p> <ul><\/ul><\/div>\n<form action=\"\/es\/wp-json\/wp\/v2\/pages\/11#wpcf7-f3357-o1\" method=\"post\" class=\"wpcf7-form init\" aria-label=\"Contact form\" novalidate=\"novalidate\" data-status=\"init\">\n<div style=\"display: none;\">\n<input type=\"hidden\" name=\"_wpcf7\" value=\"3357\" \/>\n<input type=\"hidden\" name=\"_wpcf7_version\" value=\"6.0.5\" \/>\n<input type=\"hidden\" name=\"_wpcf7_locale\" value=\"en_US\" \/>\n<input type=\"hidden\" name=\"_wpcf7_unit_tag\" value=\"wpcf7-f3357-o1\" \/>\n<input type=\"hidden\" name=\"_wpcf7_container_post\" value=\"0\" \/>\n<input type=\"hidden\" name=\"_wpcf7_posted_data_hash\" value=\"\" \/>\n<input type=\"hidden\" name=\"_uacf7_hidden_conditional_fields\" value=\"\" \/>\n<\/div>\n<div class=\"uacf7-form-3357  \"><div class=\"inlingo-form light-form\">\n<label>\n    <span class=\"wpcf7-form-control-wrap\" data-name=\"your-name\"><input size=\"40\" maxlength=\"400\" class=\"wpcf7-form-control wpcf7-text wpcf7-validates-as-required\" autocomplete=\"name\" aria-required=\"true\" aria-invalid=\"false\" placeholder=\"Name\" value=\"\" type=\"text\" name=\"your-name\" \/><\/span> <\/label>\n\n<label>\n    <span class=\"wpcf7-form-control-wrap\" data-name=\"your-email\"><input size=\"40\" maxlength=\"400\" class=\"wpcf7-form-control wpcf7-email wpcf7-validates-as-required wpcf7-text wpcf7-validates-as-email\" autocomplete=\"email\" aria-required=\"true\" aria-invalid=\"false\" placeholder=\"Email\" value=\"\" type=\"email\" name=\"your-email\" \/><\/span> <\/label>\n\n<label>\n    <span class=\"wpcf7-form-control-wrap\" data-name=\"your-message\"><textarea cols=\"40\" rows=\"10\" maxlength=\"2000\" class=\"wpcf7-form-control wpcf7-textarea wpcf7-validates-as-required\" aria-required=\"true\" aria-invalid=\"false\" placeholder=\"Your message\" name=\"your-message\"><\/textarea><\/span> <\/label>\n\n<span id=\"wpcf7-69d3afbfaabb0-wrapper\" class=\"wpcf7-form-control-wrap zipcode-wrap\" style=\"display:none !important; visibility:hidden !important;\"><label for=\"wpcf7-69d3afbfaabb0-field\" class=\"hp-message\">Please leave this field empty.<\/label><input id=\"wpcf7-69d3afbfaabb0-field\"  class=\"wpcf7-form-control wpcf7-text\" type=\"text\" name=\"zipcode\" value=\"\" size=\"40\" tabindex=\"-1\" autocomplete=\"new-password\" \/><\/span>\n\n<div class=\"form-accept\">\n<span class=\"wpcf7-form-control-wrap\" data-name=\"acceptance-615\"><span class=\"wpcf7-form-control wpcf7-acceptance\"><span class=\"wpcf7-list-item\"><label><input type=\"checkbox\" name=\"acceptance-615\" value=\"1\" aria-invalid=\"false\" \/><span class=\"wpcf7-list-item-label\">By clicking \"Send\" you consent to <a href=\"\/policy\" target=\"_blank\">to personal data processing<\/a>. We will not share your contact information with third parties<\/p><\/span><\/label><\/span><\/span><\/span>\n<\/div>\n\n<\/div>\n\n<div class=\"form-button orange-button\">\n<input class=\"wpcf7-form-control wpcf7-submit has-spinner\" type=\"submit\" value=\"Send\" \/>\n<\/div><\/div><input type=\"hidden\" id=\"ct_checkjs_cf7_d554f7bb7be44a7267068a7df88ddd20\" name=\"ct_checkjs_cf7\" value=\"0\" \/><script >setTimeout(function(){var ct_input_name = \"ct_checkjs_cf7_d554f7bb7be44a7267068a7df88ddd20\";if (document.getElementById(ct_input_name) !== null) {var ct_input_value = document.getElementById(ct_input_name).value;document.getElementById(ct_input_name).value = document.getElementById(ct_input_name).value.replace(ct_input_value, '62bc940be2a3e5cf5922df3509db99716c165df6a6dec40a310453ada0d696b6');}}, 1000);<\/script><label class=\"apbct_special_field\" id=\"apbct_label_id30178\" for=\"apbct__email_id__wp_contact_form_7_30178\">30178<\/label><input \n        id=\"apbct__email_id__wp_contact_form_7_30178\" \n        class=\"apbct_special_field apbct__email_id__wp_contact_form_7\"\n        autocomplete=\"off\" \n        name=\"apbct__email_id__wp_contact_form_7_30178\"  \n        type=\"text\" \n        value=\"30178\" \n        size=\"30\" \n        apbct_event_id=\"30178\"\n        maxlength=\"200\" \n    \/><input \n        id=\"apbct_event_id\"\n        class=\"apbct_special_field\"\n        name=\"apbct_event_id\"\n        type=\"hidden\" \n        value=\"30178\" \n            \/><p style=\"display: none !important;\" class=\"akismet-fields-container\" data-prefix=\"_wpcf7_ak_\"><label>&#916;<textarea name=\"_wpcf7_ak_hp_textarea\" cols=\"45\" rows=\"8\" maxlength=\"100\"><\/textarea><\/label><input type=\"hidden\" id=\"ak_js_1\" name=\"_wpcf7_ak_js\" value=\"160\"\/><script>document.getElementById( \"ak_js_1\" ).setAttribute( \"value\", ( new Date() ).getTime() );<\/script><\/p><div class=\"wpcf7-response-output\" aria-hidden=\"true\"><\/div>\n<\/form>\n<\/div>\n\n\t\t<\/div>\n\t\t\t\t\t<\/div>\n\n\t\n\n\t<div id=\"col-1624007773\" class=\"col hide-for-medium medium-1 small-12 large-1\"  >\n\t\t\t\t<div class=\"col-inner\"  >\n\t\t\t\n\t\t\t\n\t\t<\/div>\n\t\t\t\t\t<\/div>\n\n\t\n<\/div>\n\t\t<\/div>\n\n\t\t\n<style>\n#section_2096077818 {\n  padding-top: 30px;\n  padding-bottom: 30px;\n  background-color: #f2f2f2;\n}\n<\/style>\n\t<\/section>\n\t\n","protected":false},"excerpt":{"rendered":"","protected":false},"author":1,"featured_media":0,"parent":0,"menu_order":0,"comment_status":"closed","ping_status":"closed","template":"main-template-header-footer.php","meta":{"footnotes":""},"class_list":["post-11","page","type-page","status-publish","hentry"],"yoast_head":"<!-- This site is optimized with the Yoast SEO plugin v24.7 - https:\/\/yoast.com\/wordpress\/plugins\/seo\/ -->\n<title>Acerca de INLINGO - Gamedev Outsourcing Studio<\/title>\n<meta name=\"description\" content=\"El estudio INLINGO se fund\u00f3 en 2012. A lo largo de 11 a\u00f1os de trabajo, hemos pasado de ser un peque\u00f1o estudio de localizaci\u00f3n a una gran empresa internacional de externalizaci\u00f3n.\" \/>\n<meta name=\"robots\" content=\"index, follow, max-snippet:-1, max-image-preview:large, max-video-preview:-1\" \/>\n<link rel=\"canonical\" href=\"https:\/\/inlingogames.com\/es\/about\/\" \/>\n<meta property=\"og:locale\" content=\"en_US\" \/>\n<meta property=\"og:type\" content=\"article\" \/>\n<meta property=\"og:title\" content=\"About INLINGO \u2013 Gamedev Outsourcing Studio\" \/>\n<meta property=\"og:description\" content=\"INLINGO studio was founded in 2012. Over 11 years of work, we have grown from a small localization studio into a large international outsourcing company.\" \/>\n<meta property=\"og:url\" content=\"https:\/\/inlingogames.com\/es\/about\/\" \/>\n<meta property=\"og:site_name\" content=\"INLINGO \u2013 Gamedev Outsourcing Studios ES\" \/>\n<meta property=\"article:modified_time\" content=\"2025-09-17T07:46:16+00:00\" \/>\n<meta name=\"twitter:card\" content=\"summary_large_image\" \/>\n<meta name=\"twitter:title\" content=\"About INLINGO \u2013 Gamedev Outsourcing Studio\" \/>\n<meta name=\"twitter:description\" content=\"INLINGO studio was founded in 2012. Over 11 years of work, we have grown from a small localization studio into a large international outsourcing company.\" \/>\n<meta name=\"twitter:label1\" content=\"Est. reading time\" \/>\n\t<meta name=\"twitter:data1\" content=\"2 minutes\" \/>\n<!-- \/ Yoast SEO plugin. -->","yoast_head_json":{"title":"Acerca de INLINGO - Gamedev Outsourcing Studio","description":"El estudio INLINGO se fund\u00f3 en 2012. A lo largo de 11 a\u00f1os de trabajo, hemos pasado de ser un peque\u00f1o estudio de localizaci\u00f3n a una gran empresa internacional de externalizaci\u00f3n.","robots":{"index":"index","follow":"follow","max-snippet":"max-snippet:-1","max-image-preview":"max-image-preview:large","max-video-preview":"max-video-preview:-1"},"canonical":"https:\/\/inlingogames.com\/es\/about\/","og_locale":"en_US","og_type":"article","og_title":"About INLINGO \u2013 Gamedev Outsourcing Studio","og_description":"INLINGO studio was founded in 2012. Over 11 years of work, we have grown from a small localization studio into a large international outsourcing company.","og_url":"https:\/\/inlingogames.com\/es\/about\/","og_site_name":"INLINGO \u2013 Gamedev Outsourcing Studios ES","article_modified_time":"2025-09-17T07:46:16+00:00","twitter_card":"summary_large_image","twitter_title":"About INLINGO \u2013 Gamedev Outsourcing Studio","twitter_description":"INLINGO studio was founded in 2012. Over 11 years of work, we have grown from a small localization studio into a large international outsourcing company.","twitter_misc":{"Est. reading time":"2 minutes"},"schema":{"@context":"https:\/\/schema.org","@graph":[{"@type":"WebPage","@id":"https:\/\/inlingogames.com\/es\/about\/","url":"https:\/\/inlingogames.com\/es\/about\/","name":"Acerca de INLINGO - Gamedev Outsourcing Studio","isPartOf":{"@id":"https:\/\/inlingogames.com\/es\/#website"},"datePublished":"2023-04-28T07:27:23+00:00","dateModified":"2025-09-17T07:46:16+00:00","description":"El estudio INLINGO se fund\u00f3 en 2012. A lo largo de 11 a\u00f1os de trabajo, hemos pasado de ser un peque\u00f1o estudio de localizaci\u00f3n a una gran empresa internacional de externalizaci\u00f3n.","breadcrumb":{"@id":"https:\/\/inlingogames.com\/es\/about\/#breadcrumb"},"inLanguage":"en-US","potentialAction":[{"@type":"ReadAction","target":["https:\/\/inlingogames.com\/es\/about\/"]}]},{"@type":"BreadcrumbList","@id":"https:\/\/inlingogames.com\/es\/about\/#breadcrumb","itemListElement":[{"@type":"ListItem","position":1,"name":"Home","item":"https:\/\/inlingogames.com\/es\/"},{"@type":"ListItem","position":2,"name":"About Us"}]},{"@type":"WebSite","@id":"https:\/\/inlingogames.com\/es\/#website","url":"https:\/\/inlingogames.com\/es\/","name":"INLINGO \u2013 Gamedev Outsourcing Studios ES","description":"","potentialAction":[{"@type":"SearchAction","target":{"@type":"EntryPoint","urlTemplate":"https:\/\/inlingogames.com\/es\/?s={search_term_string}"},"query-input":{"@type":"PropertyValueSpecification","valueRequired":true,"valueName":"search_term_string"}}],"inLanguage":"en-US"}]}},"_links":{"self":[{"href":"https:\/\/inlingogames.com\/es\/wp-json\/wp\/v2\/pages\/11","targetHints":{"allow":["GET"]}}],"collection":[{"href":"https:\/\/inlingogames.com\/es\/wp-json\/wp\/v2\/pages"}],"about":[{"href":"https:\/\/inlingogames.com\/es\/wp-json\/wp\/v2\/types\/page"}],"author":[{"embeddable":true,"href":"https:\/\/inlingogames.com\/es\/wp-json\/wp\/v2\/users\/1"}],"replies":[{"embeddable":true,"href":"https:\/\/inlingogames.com\/es\/wp-json\/wp\/v2\/comments?post=11"}],"version-history":[{"count":74,"href":"https:\/\/inlingogames.com\/es\/wp-json\/wp\/v2\/pages\/11\/revisions"}],"predecessor-version":[{"id":9126,"href":"https:\/\/inlingogames.com\/es\/wp-json\/wp\/v2\/pages\/11\/revisions\/9126"}],"wp:attachment":[{"href":"https:\/\/inlingogames.com\/es\/wp-json\/wp\/v2\/media?parent=11"}],"curies":[{"name":"wp","href":"https:\/\/api.w.org\/{rel}","templated":true}]}}