{"id":8072,"date":"2024-07-02T12:44:20","date_gmt":"2024-07-02T12:44:20","guid":{"rendered":"https:\/\/inlingogames.com\/?page_id=8072"},"modified":"2025-09-17T07:55:01","modified_gmt":"2025-09-17T07:55:01","slug":"projects","status":"publish","type":"page","link":"https:\/\/inlingogames.com\/es\/projects\/","title":{"rendered":"Our Potrfolio"},"content":{"rendered":"\t\t<div class=\"hidden\">\n\t\t\t\t\n<style>\n<p>.inlingo_section.portfolio_header h1 {\ntext-transform: uppercase;\nmargin-bottom: 0em;\npadding-bottom: 0px;\n}<\/p>\n<p>@media (min-width: 551px) {\n.inlingo_section.portfolio_header .custom_color p {\ncolor: #AAA;\n}\n}<\/p>\n<p>.inlingo_section.portfolio.custom_portfolio .filter-nav {\npadding-left: 8px;\n}\n@media (max-width: 1024px) {\n.inlingo_section.portfolio.custom_portfolio .filter-nav {\npadding: 0 8px 0 8px;\n}\n}<\/p>\n<p>.inlingo_section.portfolio.custom_portfolio .filter-nav li {\nmargin-left: 12px;\n}\n@media (max-width: 400px) {\n.inlingo_section.portfolio.custom_portfolio .filter-nav li {\nmargin-left: 6px;\n}\n}<\/p>\n<p>.inlingo_section.portfolio.custom_portfolio .filter-nav li a {<\/p>\n<p>font-size: 18px;\n  line-height: 24px !important;\n  padding: 13px 30px 15px 30px !important;<\/p>\n<p>-webkit-border-radius: 16px;\n  border: 2px solid #FFF;\n  background: none;\nbackground-color: transparent !important;\ncolor: #FFF;\n  font-family: 'Manrope';\nfont-style: normal;\n  font-weight: 500;\ntransition-property: all;\n  transition-duration: 0.25s;\n}\n@media (max-width: 388px) {\n.inlingo_section.portfolio.custom_portfolio .filter-nav li a {\npadding: 13px 23px 15px 23px !important;\n}\n}<\/p>\n<p>.inlingo_section.portfolio.custom_portfolio .mb-half {\n  margin-bottom: 32px;\n}\n@media (max-width: 1024px) {\n.inlingo_section.portfolio.custom_portfolio .mb-half {\n  margin-bottom: 24px;\n}\n}<\/p>\n<p>.inlingo_section.portfolio.custom_portfolio .filter-nav li.active a {\nborder-radius: 16px;\n  border: 2px solid #B1EF42;\n  background: #B1EF42 !important;\ncolor: #000;\n}<\/p>\n<p>\/*----\u043a\u0430\u0442\u0435\u0433\u043e\u0440\u0438\u0438--*\/<\/p>\n<p>.inlingo_section.portfolio.custom_portfolio .portfolio-box .portfolio-box-category.is-xsmall {\n  display: block;\nopacity: 1 !important;\ntext-transform: none;<\/p>\n<p>}<\/p>\n<p>.inlingo_section.portfolio.custom_portfolio .portfolio-box .portfolio-box-category.is-xsmall span {\n  opacity: 1 !important;<\/p>\n<p>}<\/p>\n<p>.inlingo_section.portfolio.custom_portfolio .box-text.show-on-hover {\n\/*opacity: 1;*\/\n}<\/p>\n<p>.inlingo_section.portfolio.custom_portfolio .hover-fade-in .portfolio-box-title {\n\/*  opacity: 0;\n  transition: opacity .3s;*\/\n}<\/p>\n<p>.inlingo_section.portfolio.custom_portfolio .portfolio-box-category_container {\nposition: absolute;\n  top: 20px;\n  padding: 7px 16px 9px 16px;\n  background-color: rgba(14, 14, 14, 0.75);\n  border-radius: 12px;\n  left: 20px;\n}<\/p>\n<p>\/*---\u0441\u043b\u0430\u0439\u0434\u0435\u0440-------*\/<\/p>\n<p>.custom_portfolio.slider_view .flickity-button.flickity-prev-next-button\n{\ndisplay: none;\n}<\/p>\n<p>.inlingo_section.portfolio_slider .custom_portfolio .flickity-slider .col { width: 290px; margin-right: 12px; } \n.inlingo_section.portfolio_slider .custom_portfolio .flickity-slider {\n  margin-left: 8px;\n}<\/p>\n<p>.inlingo_section.portfolio_slider .custom_portfolio .flickity-slider .col:last-child { margin-right: 0; }<\/p>\n<p>.art_section.inlingo_section.portfolio.custom_portfolio.portfolio_slider .row:first-of-type {\npadding-right: 0px !important;\n}<\/p>\n<\/style>\n\t\t<\/div>\n\t\n\n\t<section class=\"section gameart art_section inlingo_section portfolio_header dark\" id=\"section_1793619350\">\n\t\t<div class=\"section-bg fill\" >\n\t\t\t\t\t\t\t\t\t\n\t\t\t\n\n\t\t<\/div>\n\n\t\t\n\n\t\t<div class=\"section-content relative\">\n\t\t\t\n\t<div id=\"gap-416144367\" class=\"gap-element clearfix\" style=\"display:block; height:auto;\">\n\t\t\n<style>\n#gap-416144367 {\n  padding-top: 0px;\n}\n@media (min-width:550px) {\n  #gap-416144367 {\n    padding-top: 32px;\n  }\n}\n@media (min-width:850px) {\n  #gap-416144367 {\n    padding-top: 32px;\n  }\n}\n<\/style>\n\t<\/div>\n\t\n<div class=\"row\"  id=\"row-1222867802\">\n\n\t<div id=\"col-382440542\" class=\"col medium-10 small-12 large-7\"  >\n\t\t\t\t<div class=\"col-inner text-left\"  >\n\t\t\t\n\t\t\t\n<h1>Casos pr\u00e1cticos<\/h1>\n\t<div id=\"gap-90753281\" class=\"gap-element clearfix\" style=\"display:block; height:auto;\">\n\t\t\n<style>\n#gap-90753281 {\n  padding-top: 24px;\n}\n@media (min-width:550px) {\n  #gap-90753281 {\n    padding-top: 24px;\n  }\n}\n@media (min-width:850px) {\n  #gap-90753281 {\n    padding-top: 24px;\n  }\n}\n<\/style>\n\t<\/div>\n\t\n\t<div id=\"text-3058453439\" class=\"text custom_color\">\n\t\t\n<p>Es el lugar perfecto para conectar con los l\u00edderes del sector y hablar de todo lo relacionado con la industria del videojuego. Si te interesa la localizaci\u00f3n de juegos, el arte o simplemente quieres charlar sobre el sector, nos encantar\u00eda conocerte.<\/p>\n\t\t\n<style>\n#text-3058453439 {\n  text-align: left;\n}\n<\/style>\n\t<\/div>\n\t\n\t\t<\/div>\n\t\t\t\t\n<style>\n#col-382440542 > .col-inner {\n  padding: 0px 0px 0px 0px;\n}\n@media (min-width:550px) {\n  #col-382440542 > .col-inner {\n    padding: 0px 0px 0px 0px;\n  }\n}\n@media (min-width:850px) {\n  #col-382440542 > .col-inner {\n    padding: 0px 40px 0px 0px;\n  }\n}\n<\/style>\n\t<\/div>\n\n\t\n<\/div>\n\t<div id=\"gap-1923882949\" class=\"gap-element clearfix\" style=\"display:block; height:auto;\">\n\t\t\n<style>\n#gap-1923882949 {\n  padding-top: 40px;\n}\n@media (min-width:550px) {\n  #gap-1923882949 {\n    padding-top: 40px;\n  }\n}\n@media (min-width:850px) {\n  #gap-1923882949 {\n    padding-top: 64px;\n  }\n}\n<\/style>\n\t<\/div>\n\t\n\t\t<\/div>\n\n\t\t\n<style>\n#section_1793619350 {\n  padding-top: 0px;\n  padding-bottom: 0px;\n  background-color: rgb(14, 14, 14);\n}\n<\/style>\n\t<\/section>\n\t\n\n\t<section class=\"section gameart art_section inlingo_section portfolio custom_portfolio dark\" id=\"section_870865870\">\n\t\t<div class=\"section-bg fill\" >\n\t\t\t\t\t\t\t\t\t\n\t\t\t\n\n\t\t<\/div>\n\n\t\t\n\n\t\t<div class=\"section-content relative\">\n\t\t\t\n<span class=\"scroll-to\" data-label=\"Scroll to: #portfolio\" data-bullet=\"false\" data-link=\"#portfolio\" data-title=\"Portfolio\" ><a name=\"portfolio\"><\/a><\/span>\n<div class=\"row row-small align-equal\"  id=\"row-1708420695\">\n\n\t<div id=\"col-797432570\" class=\"col portfolio_column small-12 large-12\"  >\n\t\t\t\t<div class=\"col-inner\"  >\n\t\t\t\n\t\t\t\n<div id=\"portfolio-2141015366\" class=\"portfolio-element-wrapper has-filtering\">  <div class=\"container mb-half\">\n  <ul class=\"nav nav-true nav-left nav-pills nav-uppercase filter-nav\">\n    <li class=\"active\"><a href=\"#\" data-filter=\"*\">All<\/a><\/li>\n    <li><a href=\"#\" data-filter=\"[data-terms*='&quot;Localizaci\u00f3n&quot;']\">Localizaci\u00f3n<\/a><\/li>  <\/ul>\n  <\/div>\n  \n  \n    <div class=\"row custom_portfolio row-isotope large-columns-3 medium-columns-3 small-columns-2 row-small\" >\n    <div class=\"col\" data-terms=\"[&quot;Localizaci\u00f3n&quot;]\" >\n          <div class=\"col-inner\" style=\"border-radius:10%;\">\n          <a href=\"https:\/\/inlingogames.com\/es\/projects\/localization\/caso-practico-de-localizacion-shadow-fight-3\/\" class=\"plain \">\n          <div class=\"portfolio-box box has-hover box-shade dark\">\n            <div class=\"box-image\" style=\"border-radius:10%;\">\n                <div class=\"image-overlay-add-50 image-cover\" style=\"padding-top:300px;\">\n                <img decoding=\"async\" width=\"768\" height=\"432\" src=\"https:\/\/inlingogames.com\/es\/wp-content\/uploads\/sites\/10\/2025\/02\/unnamed5-768x432-1.jpg\" class=\"attachment-large size-large\" alt=\"\" srcset=\"https:\/\/inlingogames.com\/es\/wp-content\/uploads\/sites\/10\/2025\/02\/unnamed5-768x432-1.jpg 768w, https:\/\/inlingogames.com\/es\/wp-content\/uploads\/sites\/10\/2025\/02\/unnamed5-768x432-1-300x169.jpg 300w\" sizes=\"(max-width: 768px) 100vw, 768px\" \/>                <div class=\"overlay\" style=\"background-color:rgba(0, 0, 0, 0.407)\"><\/div>                <div class=\"shade\"><\/div>                <\/div>\n            <\/div>\n            <div class=\"box-text show-on-hover hover-fade-in text-left is-large\" >\n                  <div class=\"box-text-inner\">\n                      <h6 class=\"uppercase portfolio-box-title\">Caso pr\u00e1ctico de localizaci\u00f3n: Shadow Fight 3<\/h6>\n                      <p class=\"uppercase portfolio-box-category is-xsmall op-6\">\n                        <span class=\"show-on-hover\">\n                         Localizaci\u00f3n                        <\/span>\n                      <\/p>\n                  <\/div>\n            <\/div>\n           <\/div>\n           <\/a>\n           <\/div>\n           <\/div><\/div><\/div>\n\t\t<\/div>\n\t\t\t\t\t<\/div>\n\n\t\n<\/div>\n\n\t<div id=\"gap-1627316504\" class=\"gap-element clearfix portfolio-bottom-gap-2\" style=\"display:block; height:auto;\">\n\t\t\n<style>\n#gap-1627316504 {\n  padding-top: 80px;\n}\n<\/style>\n\t<\/div>\n\t\n\t\t<\/div>\n\n\t\t\n<style>\n#section_870865870 {\n  padding-top: 0px;\n  padding-bottom: 0px;\n  background-color: rgb(14, 14, 14);\n}\n<\/style>\n\t<\/section>\n\t\n\n\n\t<section class=\"section art_section inlingo_section dark\" id=\"section_859760417\">\n\t\t<div class=\"section-bg fill\" >\n\t\t\t\t\t\t\t\t\t\n\t\t\t\n\n\t\t<\/div>\n\n\t\t\n\n\t\t<div class=\"section-content relative\">\n\t\t\t\n<span class=\"scroll-to\" data-label=\"Scroll to: #getintouch\" data-bullet=\"false\" data-link=\"#getintouch\" data-title=\"Get in touch\" ><a name=\"getintouch\"><\/a><\/span>\n\t<div id=\"gap-1870577981\" class=\"gap-element clearfix top_gap\" style=\"display:block; height:auto;\">\n\t\t\n<style>\n#gap-1870577981 {\n  padding-top: 20px;\n}\n@media (min-width:550px) {\n  #gap-1870577981 {\n    padding-top: 64px;\n  }\n}\n<\/style>\n\t<\/div>\n\t\n<div class=\"row row-small align-equal\"  id=\"row-1715654063\">\n\n\t<div id=\"col-1331971151\" class=\"col medium-12 small-12 large-6\"  >\n\t\t\t\t<div class=\"col-inner\"  >\n\t\t\t\n\t\t\t\n\n  <div class=\"banner has-hover gagetintouch-banner\" id=\"banner-1394297250\">\n          <div class=\"banner-inner fill\">\n        <div class=\"banner-bg fill\" >\n                                                \n                    <\/div>\n\t\t\n        <div class=\"banner-layers container\">\n            <div class=\"fill banner-link\"><\/div>            \n   <div id=\"text-box-1678454580\" class=\"text-box banner-layer x50 md-x5 lg-x5 y50 md-y5 lg-y5 res-text\">\n                                <div class=\"text-box-content text dark\">\n              \n              <div class=\"text-inner text-center\">\n                  \n\t<div id=\"text-3466882517\" class=\"text\">\n\t\t\n<h4>Hablemos de su proyecto.<\/h4>\n<p>Estamos listos para discutir los detalles de su proyecto y responder a cualquiera de sus preguntas. S\u00f3lo tiene que rellenar el siguiente formulario.<br \/>\n\t\t\n<style>\n#text-3466882517 {\n  text-align: left;\n}\n<\/style>\n\t<\/div>\n\t\n              <\/div>\n           <\/div>\n                            \n<style>\n#text-box-1678454580 {\n  width: 85%;\n}\n#text-box-1678454580 .text-box-content {\n  font-size: 100%;\n}\n@media (min-width:550px) {\n  #text-box-1678454580 {\n    width: 81%;\n  }\n}\n<\/style>\n    <\/div>\n \n        <\/div>\n      <\/div>\n\n            \n<style>\n#banner-1394297250 {\n  padding-top: 292px;\n  background-color: rgb(131, 56, 236);\n}\n#banner-1394297250 .overlay {\n  background-color: rgb(14, 14, 14);\n}\n@media (min-width:550px) {\n  #banner-1394297250 {\n    padding-top: 450px;\n  }\n}\n@media (min-width:850px) {\n  #banner-1394297250 {\n    padding-top: 500px;\n  }\n}\n<\/style>\n  <\/div>\n\n\n\t\t<\/div>\n\t\t\t\t\t<\/div>\n\n\t\n\n\t<div id=\"col-618199680\" class=\"col medium-12 small-12 large-6\"  >\n\t\t\t\t<div class=\"col-inner\"  >\n\t\t\t\n\t\t\t\n\n  <div class=\"banner has-hover gagetintouch-banner withgaform\" id=\"banner-203444240\">\n          <div class=\"banner-inner fill\">\n        <div class=\"banner-bg fill\" >\n                                    <div class=\"overlay\"><\/div>            \n                    <\/div>\n\t\t\n        <div class=\"banner-layers container\">\n            <div class=\"fill banner-link\"><\/div>            \n<div class=\"artform-blck\">\n<p class=\"wpcf7-contact-form-not-found\"><strong>Error:<\/strong> Contact form not found.<\/p>\n<\/div>\n        <\/div>\n      <\/div>\n\n            \n<style>\n#banner-203444240 {\n  padding-top: 670px;\n}\n#banner-203444240 .overlay {\n  background-color: rgb(14, 14, 14);\n}\n@media (min-width:550px) {\n  #banner-203444240 {\n    padding-top: 600px;\n  }\n  #banner-203444240 .overlay {\n    background-color: rgba(29, 29, 29, 1);\n  }\n}\n@media (min-width:850px) {\n  #banner-203444240 {\n    padding-top: 600px;\n  }\n}\n<\/style>\n  <\/div>\n\n\n\t\t<\/div>\n\t\t\t\t\t<\/div>\n\n\t\n<\/div>\n\t<div id=\"gap-574602506\" class=\"gap-element clearfix bottom_gap\" style=\"display:block; height:auto;\">\n\t\t\n<style>\n#gap-574602506 {\n  padding-top: 20px;\n}\n@media (min-width:550px) {\n  #gap-574602506 {\n    padding-top: 90px;\n  }\n}\n<\/style>\n\t<\/div>\n\t\n\t\t<\/div>\n\n\t\t\n<style>\n#section_859760417 {\n  padding-top: 0px;\n  padding-bottom: 0px;\n  background-color: rgb(14, 14, 14);\n}\n<\/style>\n\t<\/section>\n\t\n","protected":false},"excerpt":{"rendered":"","protected":false},"author":1,"featured_media":0,"parent":0,"menu_order":0,"comment_status":"closed","ping_status":"closed","template":"main-template-header-footer.php","meta":{"footnotes":""},"class_list":["post-8072","page","type-page","status-publish","hentry"],"yoast_head":"<!-- This site is optimized with the Yoast SEO plugin v24.7 - https:\/\/yoast.com\/wordpress\/plugins\/seo\/ -->\n<title>Cartera de Inlingo<\/title>\n<meta name=\"description\" content=\"Consulte nuestra cartera\" \/>\n<meta name=\"robots\" content=\"index, follow, max-snippet:-1, max-image-preview:large, max-video-preview:-1\" \/>\n<link rel=\"canonical\" href=\"https:\/\/inlingogames.com\/es\/projects\/\" \/>\n<meta property=\"og:locale\" content=\"en_US\" \/>\n<meta property=\"og:type\" content=\"article\" \/>\n<meta property=\"og:title\" content=\"Cartera de Inlingo\" \/>\n<meta property=\"og:description\" content=\"Consulte nuestra cartera\" \/>\n<meta property=\"og:url\" content=\"https:\/\/inlingogames.com\/es\/projects\/\" \/>\n<meta property=\"og:site_name\" content=\"INLINGO \u2013 Gamedev Outsourcing Studios ES\" \/>\n<meta property=\"article:modified_time\" content=\"2025-09-17T07:55:01+00:00\" \/>\n<meta name=\"twitter:card\" content=\"summary_large_image\" \/>\n<meta name=\"twitter:label1\" content=\"Est. reading time\" \/>\n\t<meta name=\"twitter:data1\" content=\"2 minutes\" \/>\n<!-- \/ Yoast SEO plugin. -->","yoast_head_json":{"title":"Cartera de Inlingo","description":"Consulte nuestra cartera","robots":{"index":"index","follow":"follow","max-snippet":"max-snippet:-1","max-image-preview":"max-image-preview:large","max-video-preview":"max-video-preview:-1"},"canonical":"https:\/\/inlingogames.com\/es\/projects\/","og_locale":"en_US","og_type":"article","og_title":"Cartera de Inlingo","og_description":"Consulte nuestra cartera","og_url":"https:\/\/inlingogames.com\/es\/projects\/","og_site_name":"INLINGO \u2013 Gamedev Outsourcing Studios ES","article_modified_time":"2025-09-17T07:55:01+00:00","twitter_card":"summary_large_image","twitter_misc":{"Est. reading time":"2 minutes"},"schema":{"@context":"https:\/\/schema.org","@graph":[{"@type":"WebPage","@id":"https:\/\/inlingogames.com\/es\/projects\/","url":"https:\/\/inlingogames.com\/es\/projects\/","name":"Cartera de Inlingo","isPartOf":{"@id":"https:\/\/inlingogames.com\/es\/#website"},"datePublished":"2024-07-02T12:44:20+00:00","dateModified":"2025-09-17T07:55:01+00:00","description":"Consulte nuestra cartera","breadcrumb":{"@id":"https:\/\/inlingogames.com\/es\/projects\/#breadcrumb"},"inLanguage":"en-US","potentialAction":[{"@type":"ReadAction","target":["https:\/\/inlingogames.com\/es\/projects\/"]}]},{"@type":"BreadcrumbList","@id":"https:\/\/inlingogames.com\/es\/projects\/#breadcrumb","itemListElement":[{"@type":"ListItem","position":1,"name":"Home","item":"https:\/\/inlingogames.com\/es\/"},{"@type":"ListItem","position":2,"name":"Our Potrfolio"}]},{"@type":"WebSite","@id":"https:\/\/inlingogames.com\/es\/#website","url":"https:\/\/inlingogames.com\/es\/","name":"INLINGO \u2013 Gamedev Outsourcing Studios ES","description":"","potentialAction":[{"@type":"SearchAction","target":{"@type":"EntryPoint","urlTemplate":"https:\/\/inlingogames.com\/es\/?s={search_term_string}"},"query-input":{"@type":"PropertyValueSpecification","valueRequired":true,"valueName":"search_term_string"}}],"inLanguage":"en-US"}]}},"_links":{"self":[{"href":"https:\/\/inlingogames.com\/es\/wp-json\/wp\/v2\/pages\/8072","targetHints":{"allow":["GET"]}}],"collection":[{"href":"https:\/\/inlingogames.com\/es\/wp-json\/wp\/v2\/pages"}],"about":[{"href":"https:\/\/inlingogames.com\/es\/wp-json\/wp\/v2\/types\/page"}],"author":[{"embeddable":true,"href":"https:\/\/inlingogames.com\/es\/wp-json\/wp\/v2\/users\/1"}],"replies":[{"embeddable":true,"href":"https:\/\/inlingogames.com\/es\/wp-json\/wp\/v2\/comments?post=8072"}],"version-history":[{"count":7,"href":"https:\/\/inlingogames.com\/es\/wp-json\/wp\/v2\/pages\/8072\/revisions"}],"predecessor-version":[{"id":9131,"href":"https:\/\/inlingogames.com\/es\/wp-json\/wp\/v2\/pages\/8072\/revisions\/9131"}],"wp:attachment":[{"href":"https:\/\/inlingogames.com\/es\/wp-json\/wp\/v2\/media?parent=8072"}],"curies":[{"name":"wp","href":"https:\/\/api.w.org\/{rel}","templated":true}]}}