{"id":11,"date":"2023-04-28T07:27:23","date_gmt":"2023-04-28T07:27:23","guid":{"rendered":"https:\/\/inlingogames.com\/\/?page_id=11"},"modified":"2025-09-17T07:56:33","modified_gmt":"2025-09-17T07:56:33","slug":"about","status":"publish","type":"page","link":"https:\/\/inlingogames.com\/fi\/about\/","title":{"rendered":"About Us"},"content":{"rendered":"\n\t<section class=\"section about-mainblock dark has-parallax is-full-height\" id=\"section_1486418331\">\n\t\t<div class=\"section-bg fill\" data-parallax-container=\".section\" data-parallax-background data-parallax=\"-3\">\n\t\t\t\t\t\t\t\t\t<div class=\"section-bg-overlay absolute fill\"><\/div>\n\t\t\t\n\n\t\t<\/div>\n\n\t\t\n\n\t\t<div class=\"section-content relative\">\n\t\t\t\n<div class=\"row row-small align-equal align-center\"  id=\"row-1561692137\">\n\n\t<div id=\"col-1650466988\" class=\"col hide-for-medium medium-1 small-12 large-1\"  >\n\t\t\t\t<div class=\"col-inner\"  >\n\t\t\t\n\t\t\t\n\t\t<\/div>\n\t\t\t\t\t<\/div>\n\n\t\n\n\t<div id=\"col-1050694022\" class=\"col medium-10 small-12 large-10\"  >\n\t\t\t\t<div class=\"col-inner text-center\"  >\n\t\t\t\n\t\t\t\n<h1>Me olemme <span class=\"orange uppercase\">Inlingo<\/span><\/h1>\n<h2>Teht\u00e4v\u00e4mme on s\u00e4\u00e4st\u00e4\u00e4 asiakkaidemme resursseja<\/h2>\n<div class=\"row\"  id=\"row-383058161\">\n\n\t<div id=\"col-846310304\" class=\"col medium-4 small-12 large-4\"  >\n\t\t\t\t<div class=\"col-inner\"  >\n\t\t\t\n\t\t\t\n\t<div id=\"gap-328331428\" class=\"gap-element clearfix\" style=\"display:block; height:auto;\">\n\t\t\n<style>\n#gap-328331428 {\n  padding-top: 60px;\n}\n@media (min-width:550px) {\n  #gap-328331428 {\n    padding-top: 120px;\n  }\n}\n<\/style>\n\t<\/div>\n\t\n<p class=\"keynumber\">1300+<\/p>\n<p class=\"keynumber-description\">ammattilaista ymp\u00e4ri maailmaa<\/p>\n\t\t<\/div>\n\t\t\t\t\t<\/div>\n\n\t\n\n\t<div id=\"col-28330691\" class=\"col medium-4 small-12 large-4\"  >\n\t\t\t\t<div class=\"col-inner\"  >\n\t\t\t\n\t\t\t\n\t<div id=\"gap-506877599\" class=\"gap-element clearfix\" style=\"display:block; height:auto;\">\n\t\t\n<style>\n#gap-506877599 {\n  padding-top: 10px;\n}\n@media (min-width:550px) {\n  #gap-506877599 {\n    padding-top: 120px;\n  }\n}\n<\/style>\n\t<\/div>\n\t\n<p class=\"keynumber\">2500+<\/p>\n<p class=\"keynumber-description\">valmistunutta projektia<\/p>\n\t\t<\/div>\n\t\t\t\t\t<\/div>\n\n\t\n\n\t<div id=\"col-602046101\" class=\"col medium-4 small-12 large-4\"  >\n\t\t\t\t<div class=\"col-inner\"  >\n\t\t\t\n\t\t\t\n\t<div id=\"gap-2927959\" class=\"gap-element clearfix\" style=\"display:block; height:auto;\">\n\t\t\n<style>\n#gap-2927959 {\n  padding-top: 10px;\n}\n@media (min-width:550px) {\n  #gap-2927959 {\n    padding-top: 120px;\n  }\n}\n<\/style>\n\t<\/div>\n\t\n<p class=\"keynumber\">300+<\/p>\n<p class=\"keynumber-description\">yrityst\u00e4 luottaa meihin<\/p>\n\t\t<\/div>\n\t\t\t\t\t<\/div>\n\n\t\n<\/div>\n\t\t<\/div>\n\t\t\t\t\t<\/div>\n\n\t\n\n\t<div id=\"col-271591103\" class=\"col hide-for-medium medium-1 small-12 large-1\"  >\n\t\t\t\t<div class=\"col-inner\"  >\n\t\t\t\n\t\t\t\n\t\t<\/div>\n\t\t\t\t\t<\/div>\n\n\t\n<\/div>\n\t\t<\/div>\n\n\t\t\n<style>\n#section_1486418331 {\n  padding-top: 30px;\n  padding-bottom: 30px;\n  min-height: 100vh;\n  background-color: rgb(40, 40, 40);\n}\n#section_1486418331 .section-bg-overlay {\n  background-color: rgba(0, 0, 0, 0.427);\n}\n#section_1486418331 .section-bg img {\n  object-position: center;\n}\n<\/style>\n\t<\/section>\n\t\n\n\t<section class=\"section\" id=\"section_1401078689\">\n\t\t<div class=\"section-bg fill\" >\n\t\t\t\t\t\t\t\t\t\n\t\t\t\n\n\t\t<\/div>\n\n\t\t\n\n\t\t<div class=\"section-content relative\">\n\t\t\t\n\t<div id=\"gap-23219433\" class=\"gap-element clearfix\" style=\"display:block; height:auto;\">\n\t\t\n<style>\n#gap-23219433 {\n  padding-top: 80px;\n}\n<\/style>\n\t<\/div>\n\t\n<div class=\"row\"  id=\"row-1146294373\">\n\n\t<div id=\"col-1023048641\" class=\"col hide-for-small medium-1 small-12 large-2\"  >\n\t\t\t\t<div class=\"col-inner\"  >\n\t\t\t\n\t\t\t\n\t\t<\/div>\n\t\t\t\t\t<\/div>\n\n\t\n\n\t<div id=\"col-1434697812\" class=\"col medium-10 small-12 large-8\"  >\n\t\t\t\t<div class=\"col-inner\"  >\n\t\t\t\n\t\t\t\n<p class=\"big-text\"><span class=\"orange\">INLINGO<\/span> perustettiin vuonna 2012. Olemme 12 vuodessa kasvaneet pienest\u00e4 lokalisointistudiosta kokonaiseksi studioryhm\u00e4ksi, joka tarjoaa pelikehityksen ulkoistuspalveluja.<\/p>\n<p class=\"big-text\">Nykyisin ryhm\u00e4mme kattaa monia eri aloja. Me autamme lokalisoimaan projektisi, luomaan kiehtovan tarinan mille tahansa genrelle, piirt\u00e4m\u00e4\u00e4n ja \u00e4\u00e4nitt\u00e4m\u00e4\u00e4n hahmosi.<\/p>\n\t\t<\/div>\n\t\t\t\t\t<\/div>\n\n\t\n\n\t<div id=\"col-1246064033\" class=\"col hide-for-small medium-1 small-12 large-2\"  >\n\t\t\t\t<div class=\"col-inner\"  >\n\t\t\t\n\t\t\t\n\t\t<\/div>\n\t\t\t\t\t<\/div>\n\n\t\n\n<style>\n#row-1146294373 > .col > .col-inner {\n  padding: 0px 0px 0px 0px;\n}\n<\/style>\n<\/div>\n\t<div id=\"gap-1626051590\" class=\"gap-element clearfix\" style=\"display:block; height:auto;\">\n\t\t\n<style>\n#gap-1626051590 {\n  padding-top: 80px;\n}\n<\/style>\n\t<\/div>\n\t\n\t\t<\/div>\n\n\t\t\n<style>\n#section_1401078689 {\n  padding-top: 30px;\n  padding-bottom: 30px;\n  background-color: rgb(240, 240, 240);\n}\n<\/style>\n\t<\/section>\n\t\n\n\t<section class=\"section orange dark\" id=\"section_1359814992\">\n\t\t<div class=\"section-bg fill\" >\n\t\t\t\t\t\t\t\t\t\n\t\t\t\n\n\t\t<\/div>\n\n\t\t\n\n\t\t<div class=\"section-content relative\">\n\t\t\t\n<div class=\"row\"  id=\"row-1640933375\">\n\n\t<div id=\"col-1765794575\" class=\"col small-12 large-12\"  >\n\t\t\t\t<div class=\"col-inner text-center\"  >\n\t\t\t\n\t\t\t\n<h2>Arvot<\/h2>\n<p>Ty\u00f6t\u00e4mme ohjaavat arvot, joihin ryhm\u00e4mme uskoo.<\/p>\n\t\t<\/div>\n\t\t\t\t\n<style>\n#col-1765794575 > .col-inner {\n  padding: 80px 0px 50px 0px;\n}\n<\/style>\n\t<\/div>\n\n\t\n\n\t<div id=\"col-1646810059\" class=\"col hide-for-medium medium-1 small-12 large-1\"  >\n\t\t\t\t<div class=\"col-inner\"  >\n\t\t\t\n\t\t\t\n\t\t<\/div>\n\t\t\t\t\t<\/div>\n\n\t\n\n\t<div id=\"col-1428013142\" class=\"col medium-12 small-12 large-10\"  >\n\t\t\t\t<div class=\"col-inner text-center\"  >\n\t\t\t\n\t\t\t\n<div class=\"row\"  id=\"row-1628737384\">\n\n\t<div id=\"col-1435266664\" class=\"col medium-10 small-12 large-4\"  >\n\t\t\t\t<div class=\"col-inner text-center\"  >\n\t\t\t\n\t\t\t\n\n\t\t<div class=\"icon-box featured-box icon-box-top text-left\"  >\n\t\t\t\t\t<div class=\"icon-box-img\" style=\"width: 100px\">\n\t\t\t\t<div class=\"icon\">\n\t\t\t\t\t<div class=\"icon-inner\" >\n\t\t\t\t\t\t\t\t\t\t\t<\/div>\n\t\t\t\t<\/div>\n\t\t\t<\/div>\n\t\t\t\t<div class=\"icon-box-text last-reset\">\n\t\t\t\t\t\t\t\t\t\n\t<div id=\"text-323961765\" class=\"text\">\n\t\t\n<h4>Ihmiskeskeisyys<\/h4>\n<p>Ihmiset ovat keskeisin prioriteettimme. Me kunnioitamme ty\u00f6t\u00e4si, arvostamme aikaasi, ja olemme valmiita lis\u00e4ty\u00f6h\u00f6n vaikeuksien sattuessa.<br \/>\n\t\t\n<style>\n#text-323961765 {\n  text-align: center;\n}\n<\/style>\n\t<\/div>\n\t\n\t\t<\/div>\n\t<\/div>\n\t\n\t\n\t\t<\/div>\n\t\t\t\t\t<\/div>\n\n\t\n\n\t<div id=\"col-1288935681\" class=\"col medium-10 small-12 large-4\"  >\n\t\t\t\t<div class=\"col-inner text-center\"  >\n\t\t\t\n\t\t\t\n\n\t\t<div class=\"icon-box featured-box icon-box-top text-left\"  >\n\t\t\t\t\t<div class=\"icon-box-img\" style=\"width: 100px\">\n\t\t\t\t<div class=\"icon\">\n\t\t\t\t\t<div class=\"icon-inner\" >\n\t\t\t\t\t\t\t\t\t\t\t<\/div>\n\t\t\t\t<\/div>\n\t\t\t<\/div>\n\t\t\t\t<div class=\"icon-box-text last-reset\">\n\t\t\t\t\t\t\t\t\t\n\t<div id=\"text-1758102391\" class=\"text\">\n\t\t\n<h4>Ammatillinen kehitys<\/h4>\n<p>Meist\u00e4 tulee parempia joka p\u00e4iv\u00e4: k\u00e4ymme kursseja, osallistumme konferensseihin, vaihdamme tietoja kollegoidemme kanssa ja seuraamme pelialaa aktiivisesti.<br \/>\n\t\t\n<style>\n#text-1758102391 {\n  text-align: center;\n}\n<\/style>\n\t<\/div>\n\t\n\t\t<\/div>\n\t<\/div>\n\t\n\t\n\t\t<\/div>\n\t\t\t\t\t<\/div>\n\n\t\n\n\t<div id=\"col-640488966\" class=\"col medium-10 small-12 large-4\"  >\n\t\t\t\t<div class=\"col-inner text-center\"  >\n\t\t\t\n\t\t\t\n\n\t\t<div class=\"icon-box featured-box icon-box-top text-left\"  >\n\t\t\t\t\t<div class=\"icon-box-img\" style=\"width: 100px\">\n\t\t\t\t<div class=\"icon\">\n\t\t\t\t\t<div class=\"icon-inner\" >\n\t\t\t\t\t\t\t\t\t\t\t<\/div>\n\t\t\t\t<\/div>\n\t\t\t<\/div>\n\t\t\t\t<div class=\"icon-box-text last-reset\">\n\t\t\t\t\t\t\t\t\t\n\t<div id=\"text-1508643269\" class=\"text\">\n\t\t\n<h4>Asiakastuloksiin keskittyminen<\/h4>\n<p>Tavoitteemme on pitk\u00e4aikainen yhteisty\u00f6 asiakkaidemme kanssa. Sinin menestyksesi on meid\u00e4n menestys.<br \/>\n\t\t\n<style>\n#text-1508643269 {\n  text-align: center;\n}\n<\/style>\n\t<\/div>\n\t\n\t\t<\/div>\n\t<\/div>\n\t\n\t\n\t\t<\/div>\n\t\t\t\t\t<\/div>\n\n\t\n<\/div>\n\t\t<\/div>\n\t\t\t\t\t<\/div>\n\n\t\n\n\t<div id=\"col-35363686\" class=\"col hide-for-medium medium-1 small-12 large-1\"  >\n\t\t\t\t<div class=\"col-inner\"  >\n\t\t\t\n\t\t\t\n\t\t<\/div>\n\t\t\t\t\t<\/div>\n\n\t\n<\/div>\n\t<div id=\"gap-214476631\" class=\"gap-element clearfix\" style=\"display:block; height:auto;\">\n\t\t\n<style>\n#gap-214476631 {\n  padding-top: 40px;\n}\n@media (min-width:550px) {\n  #gap-214476631 {\n    padding-top: 80px;\n  }\n}\n<\/style>\n\t<\/div>\n\t\n\t\t<\/div>\n\n\t\t\n<style>\n#section_1359814992 {\n  padding-top: 30px;\n  padding-bottom: 30px;\n  background-color: #222;\n}\n<\/style>\n\t<\/section>\n\t\n\n\t<section class=\"section\" id=\"section_1281479859\">\n\t\t<div class=\"section-bg fill\" >\n\t\t\t\t\t\t\t\t\t\n\t\t\t\n\n\t\t<\/div>\n\n\t\t\n\n\t\t<div class=\"section-content relative\">\n\t\t\t\n<span class=\"scroll-to\" data-label=\"Scroll to: #contacts\" data-bullet=\"false\" data-link=\"#contacts\" data-title=\"Contacts\" ><a name=\"contacts\"><\/a><\/span>\n<div class=\"row\"  id=\"row-11443581\">\n\n\t<div id=\"col-564840762\" class=\"col small-12 large-12\"  >\n\t\t\t\t<div class=\"col-inner text-center\"  >\n\t\t\t\n\t\t\t\n<h2>Ota yhteytt\u00e4<\/h2>\n<p class=\"big-text\">Laita meille rohkeasti viesti\u00e4, jos sinulla on kysytt\u00e4v\u00e4\u00e4 tai pyynt\u00f6j\u00e4.<\/p>\n\t\t<\/div>\n\t\t\t\t\n<style>\n#col-564840762 > .col-inner {\n  padding: 40px 0px 20px 0px;\n}\n@media (min-width:550px) {\n  #col-564840762 > .col-inner {\n    padding: 40px 0px 0px 0px;\n  }\n}\n@media (min-width:850px) {\n  #col-564840762 > .col-inner {\n    padding: 80px 0px 40px 0px;\n  }\n}\n<\/style>\n\t<\/div>\n\n\t\n\n\t<div id=\"col-1268236857\" class=\"col hide-for-medium medium-1 small-12 large-1\"  >\n\t\t\t\t<div class=\"col-inner\"  >\n\t\t\t\n\t\t\t\n\t\t<\/div>\n\t\t\t\t\t<\/div>\n\n\t\n\n\t<div id=\"col-2097981307\" class=\"col medium-12 small-12 large-5\"  >\n\t\t\t\t<div class=\"col-inner\"  >\n\t\t\t\n\t\t\t\n<p class=\"big-text\">Palliser House Palliser Road, Second Floor, London, England, W14 9EB<\/p>\n<div class=\"content-social-icons left\">\n<ul>\n<li><\/li>\n<\/ul>\n<\/div>\n\t\t<\/div>\n\t\t\t\t\t<\/div>\n\n\t\n\n\t<div id=\"col-736510\" class=\"col medium-10 small-12 large-5\"  >\n\t\t\t\t<div class=\"col-inner\"  >\n\t\t\t\n\t\t\t\n\n<div class=\"wpcf7 no-js\" id=\"wpcf7-f3357-o1\" lang=\"en-US\" dir=\"ltr\" data-wpcf7-id=\"3357\">\n<div class=\"screen-reader-response\"><p role=\"status\" aria-live=\"polite\" aria-atomic=\"true\"><\/p> <ul><\/ul><\/div>\n<form action=\"\/fi\/wp-json\/wp\/v2\/pages\/11#wpcf7-f3357-o1\" method=\"post\" class=\"wpcf7-form init\" aria-label=\"Contact form\" novalidate=\"novalidate\" data-status=\"init\">\n<div style=\"display: none;\">\n<input type=\"hidden\" name=\"_wpcf7\" value=\"3357\" \/>\n<input type=\"hidden\" name=\"_wpcf7_version\" value=\"6.0.5\" \/>\n<input type=\"hidden\" name=\"_wpcf7_locale\" value=\"en_US\" \/>\n<input type=\"hidden\" name=\"_wpcf7_unit_tag\" value=\"wpcf7-f3357-o1\" \/>\n<input type=\"hidden\" name=\"_wpcf7_container_post\" value=\"0\" \/>\n<input type=\"hidden\" name=\"_wpcf7_posted_data_hash\" value=\"\" \/>\n<input type=\"hidden\" name=\"_uacf7_hidden_conditional_fields\" value=\"\" \/>\n<\/div>\n<div class=\"uacf7-form-3357  \"><div class=\"inlingo-form light-form\">\n<label>\n    <span class=\"wpcf7-form-control-wrap\" data-name=\"your-name\"><input size=\"40\" maxlength=\"400\" class=\"wpcf7-form-control wpcf7-text wpcf7-validates-as-required\" autocomplete=\"name\" aria-required=\"true\" aria-invalid=\"false\" placeholder=\"Name\" value=\"\" type=\"text\" name=\"your-name\" \/><\/span> <\/label>\n\n<label>\n    <span class=\"wpcf7-form-control-wrap\" data-name=\"your-email\"><input size=\"40\" maxlength=\"400\" class=\"wpcf7-form-control wpcf7-email wpcf7-validates-as-required wpcf7-text wpcf7-validates-as-email\" autocomplete=\"email\" aria-required=\"true\" aria-invalid=\"false\" placeholder=\"Email\" value=\"\" type=\"email\" name=\"your-email\" \/><\/span> <\/label>\n\n<label>\n    <span class=\"wpcf7-form-control-wrap\" data-name=\"your-message\"><textarea cols=\"40\" rows=\"10\" maxlength=\"2000\" class=\"wpcf7-form-control wpcf7-textarea wpcf7-validates-as-required\" aria-required=\"true\" aria-invalid=\"false\" placeholder=\"Your message\" name=\"your-message\"><\/textarea><\/span> <\/label>\n\n<span id=\"wpcf7-69d3afbf18982-wrapper\" class=\"wpcf7-form-control-wrap zipcode-wrap\" style=\"display:none !important; visibility:hidden !important;\"><label for=\"wpcf7-69d3afbf18982-field\" class=\"hp-message\">Please leave this field empty.<\/label><input id=\"wpcf7-69d3afbf18982-field\"  class=\"wpcf7-form-control wpcf7-text\" type=\"text\" name=\"zipcode\" value=\"\" size=\"40\" tabindex=\"-1\" autocomplete=\"new-password\" \/><\/span>\n\n<div class=\"form-accept\">\n<span class=\"wpcf7-form-control-wrap\" data-name=\"acceptance-615\"><span class=\"wpcf7-form-control wpcf7-acceptance\"><span class=\"wpcf7-list-item\"><label><input type=\"checkbox\" name=\"acceptance-615\" value=\"1\" aria-invalid=\"false\" \/><span class=\"wpcf7-list-item-label\">By clicking \"Send\" you consent to <a href=\"\/policy\" target=\"_blank\">to personal data processing<\/a>. We will not share your contact information with third parties<\/p><\/span><\/label><\/span><\/span><\/span>\n<\/div>\n\n<\/div>\n\n<div class=\"form-button orange-button\">\n<input class=\"wpcf7-form-control wpcf7-submit has-spinner\" type=\"submit\" value=\"Send\" \/>\n<\/div><\/div><input type=\"hidden\" id=\"ct_checkjs_cf7_e2a2dcc36a08a345332c751b2f2e476c\" name=\"ct_checkjs_cf7\" value=\"0\" \/><script >setTimeout(function(){var ct_input_name = \"ct_checkjs_cf7_e2a2dcc36a08a345332c751b2f2e476c\";if (document.getElementById(ct_input_name) !== null) {var ct_input_value = document.getElementById(ct_input_name).value;document.getElementById(ct_input_name).value = document.getElementById(ct_input_name).value.replace(ct_input_value, '62bc940be2a3e5cf5922df3509db99716c165df6a6dec40a310453ada0d696b6');}}, 1000);<\/script><label class=\"apbct_special_field\" id=\"apbct_label_id52159\" for=\"apbct__email_id__wp_contact_form_7_52159\">52159<\/label><input \n        id=\"apbct__email_id__wp_contact_form_7_52159\" \n        class=\"apbct_special_field apbct__email_id__wp_contact_form_7\"\n        autocomplete=\"off\" \n        name=\"apbct__email_id__wp_contact_form_7_52159\"  \n        type=\"text\" \n        value=\"52159\" \n        size=\"30\" \n        apbct_event_id=\"52159\"\n        maxlength=\"200\" \n    \/><input \n        id=\"apbct_event_id\"\n        class=\"apbct_special_field\"\n        name=\"apbct_event_id\"\n        type=\"hidden\" \n        value=\"52159\" \n            \/><p style=\"display: none !important;\" class=\"akismet-fields-container\" data-prefix=\"_wpcf7_ak_\"><label>&#916;<textarea name=\"_wpcf7_ak_hp_textarea\" cols=\"45\" rows=\"8\" maxlength=\"100\"><\/textarea><\/label><input type=\"hidden\" id=\"ak_js_1\" name=\"_wpcf7_ak_js\" value=\"236\"\/><script>document.getElementById( \"ak_js_1\" ).setAttribute( \"value\", ( new Date() ).getTime() );<\/script><\/p><div class=\"wpcf7-response-output\" aria-hidden=\"true\"><\/div>\n<\/form>\n<\/div>\n\n\t\t<\/div>\n\t\t\t\t\t<\/div>\n\n\t\n\n\t<div id=\"col-1458668374\" class=\"col hide-for-medium medium-1 small-12 large-1\"  >\n\t\t\t\t<div class=\"col-inner\"  >\n\t\t\t\n\t\t\t\n\t\t<\/div>\n\t\t\t\t\t<\/div>\n\n\t\n<\/div>\n\t\t<\/div>\n\n\t\t\n<style>\n#section_1281479859 {\n  padding-top: 30px;\n  padding-bottom: 30px;\n  background-color: #f2f2f2;\n}\n<\/style>\n\t<\/section>\n\t\n","protected":false},"excerpt":{"rendered":"","protected":false},"author":1,"featured_media":0,"parent":0,"menu_order":0,"comment_status":"closed","ping_status":"closed","template":"main-template-header-footer.php","meta":{"footnotes":""},"class_list":["post-11","page","type-page","status-publish","hentry"],"yoast_head":"<!-- This site is optimized with the Yoast SEO plugin v24.7 - https:\/\/yoast.com\/wordpress\/plugins\/seo\/ -->\n<title>INLINGO - Gamedev ulkoistamisstudio<\/title>\n<meta name=\"description\" content=\"INLINGO studio perustettiin vuonna 2012. 13 vuoden aikana olemme kasvaneet pienest\u00e4 lokalisointistudiosta suureksi kansainv\u00e4liseksi ulkoistamisyritykseksi.\" \/>\n<meta name=\"robots\" content=\"index, follow, max-snippet:-1, max-image-preview:large, max-video-preview:-1\" \/>\n<link rel=\"canonical\" href=\"https:\/\/inlingogames.com\/fi\/about\/\" \/>\n<meta property=\"og:locale\" content=\"en_US\" \/>\n<meta property=\"og:type\" content=\"article\" \/>\n<meta property=\"og:title\" content=\"About INLINGO \u2013 Gamedev Outsourcing Studio\" \/>\n<meta property=\"og:description\" content=\"INLINGO studio was founded in 2012. Over 11 years of work, we have grown from a small localization studio into a large international outsourcing company.\" \/>\n<meta property=\"og:url\" content=\"https:\/\/inlingogames.com\/fi\/about\/\" \/>\n<meta property=\"og:site_name\" content=\"INLINGO \u2013 Gamedev Outsourcing Studios FI\" \/>\n<meta property=\"article:modified_time\" content=\"2025-09-17T07:56:33+00:00\" \/>\n<meta name=\"twitter:card\" content=\"summary_large_image\" \/>\n<meta name=\"twitter:title\" content=\"About INLINGO \u2013 Gamedev Outsourcing Studio\" \/>\n<meta name=\"twitter:description\" content=\"INLINGO studio was founded in 2012. Over 11 years of work, we have grown from a small localization studio into a large international outsourcing company.\" \/>\n<meta name=\"twitter:label1\" content=\"Est. reading time\" \/>\n\t<meta name=\"twitter:data1\" content=\"2 minutes\" \/>\n<!-- \/ Yoast SEO plugin. -->","yoast_head_json":{"title":"INLINGO - Gamedev ulkoistamisstudio","description":"INLINGO studio perustettiin vuonna 2012. 13 vuoden aikana olemme kasvaneet pienest\u00e4 lokalisointistudiosta suureksi kansainv\u00e4liseksi ulkoistamisyritykseksi.","robots":{"index":"index","follow":"follow","max-snippet":"max-snippet:-1","max-image-preview":"max-image-preview:large","max-video-preview":"max-video-preview:-1"},"canonical":"https:\/\/inlingogames.com\/fi\/about\/","og_locale":"en_US","og_type":"article","og_title":"About INLINGO \u2013 Gamedev Outsourcing Studio","og_description":"INLINGO studio was founded in 2012. Over 11 years of work, we have grown from a small localization studio into a large international outsourcing company.","og_url":"https:\/\/inlingogames.com\/fi\/about\/","og_site_name":"INLINGO \u2013 Gamedev Outsourcing Studios FI","article_modified_time":"2025-09-17T07:56:33+00:00","twitter_card":"summary_large_image","twitter_title":"About INLINGO \u2013 Gamedev Outsourcing Studio","twitter_description":"INLINGO studio was founded in 2012. Over 11 years of work, we have grown from a small localization studio into a large international outsourcing company.","twitter_misc":{"Est. reading time":"2 minutes"},"schema":{"@context":"https:\/\/schema.org","@graph":[{"@type":"WebPage","@id":"https:\/\/inlingogames.com\/fi\/about\/","url":"https:\/\/inlingogames.com\/fi\/about\/","name":"INLINGO - Gamedev ulkoistamisstudio","isPartOf":{"@id":"https:\/\/inlingogames.com\/fi\/#website"},"datePublished":"2023-04-28T07:27:23+00:00","dateModified":"2025-09-17T07:56:33+00:00","description":"INLINGO studio perustettiin vuonna 2012. 13 vuoden aikana olemme kasvaneet pienest\u00e4 lokalisointistudiosta suureksi kansainv\u00e4liseksi ulkoistamisyritykseksi.","breadcrumb":{"@id":"https:\/\/inlingogames.com\/fi\/about\/#breadcrumb"},"inLanguage":"en-US","potentialAction":[{"@type":"ReadAction","target":["https:\/\/inlingogames.com\/fi\/about\/"]}]},{"@type":"BreadcrumbList","@id":"https:\/\/inlingogames.com\/fi\/about\/#breadcrumb","itemListElement":[{"@type":"ListItem","position":1,"name":"Home","item":"https:\/\/inlingogames.com\/fi\/"},{"@type":"ListItem","position":2,"name":"About Us"}]},{"@type":"WebSite","@id":"https:\/\/inlingogames.com\/fi\/#website","url":"https:\/\/inlingogames.com\/fi\/","name":"INLINGO \u2013 Gamedev Outsourcing Studios FI","description":"","potentialAction":[{"@type":"SearchAction","target":{"@type":"EntryPoint","urlTemplate":"https:\/\/inlingogames.com\/fi\/?s={search_term_string}"},"query-input":{"@type":"PropertyValueSpecification","valueRequired":true,"valueName":"search_term_string"}}],"inLanguage":"en-US"}]}},"_links":{"self":[{"href":"https:\/\/inlingogames.com\/fi\/wp-json\/wp\/v2\/pages\/11","targetHints":{"allow":["GET"]}}],"collection":[{"href":"https:\/\/inlingogames.com\/fi\/wp-json\/wp\/v2\/pages"}],"about":[{"href":"https:\/\/inlingogames.com\/fi\/wp-json\/wp\/v2\/types\/page"}],"author":[{"embeddable":true,"href":"https:\/\/inlingogames.com\/fi\/wp-json\/wp\/v2\/users\/1"}],"replies":[{"embeddable":true,"href":"https:\/\/inlingogames.com\/fi\/wp-json\/wp\/v2\/comments?post=11"}],"version-history":[{"count":74,"href":"https:\/\/inlingogames.com\/fi\/wp-json\/wp\/v2\/pages\/11\/revisions"}],"predecessor-version":[{"id":9109,"href":"https:\/\/inlingogames.com\/fi\/wp-json\/wp\/v2\/pages\/11\/revisions\/9109"}],"wp:attachment":[{"href":"https:\/\/inlingogames.com\/fi\/wp-json\/wp\/v2\/media?parent=11"}],"curies":[{"name":"wp","href":"https:\/\/api.w.org\/{rel}","templated":true}]}}