{"id":3417,"date":"2023-05-11T09:51:08","date_gmt":"2023-05-11T09:51:08","guid":{"rendered":"https:\/\/inlingogames.com\/\/?page_id=3417"},"modified":"2025-09-17T07:57:17","modified_gmt":"2025-09-17T07:57:17","slug":"art","status":"publish","type":"page","link":"https:\/\/inlingogames.com\/fi\/art\/","title":{"rendered":"Art"},"content":{"rendered":"\n\t<section class=\"section gameart mainsecttt dark\" id=\"section_565813191\">\n\t\t<div class=\"section-bg fill\" >\n\t\t\t\t\t\t\t\t\t\n\t\t\t\n\n\t\t<\/div>\n\n\t\t\n\n\t\t<div class=\"section-content relative\">\n\t\t\t\n<div class=\"row row-full-width\"  id=\"row-1846904329\">\n\n\t<div id=\"col-374004003\" class=\"col medium-6 small-12 large-6\"  >\n\t\t\t\t<div class=\"col-inner text-left\"  >\n\t\t\t\n\t\t\t\n<div class=\"artbigmaintext\">\n<h1 class=\"titlepgg\">Me teemme peli- ja markkinointitaidetta videopeleille<\/h1>\n\t<div id=\"gap-534734299\" class=\"gap-element clearfix\" style=\"display:block; height:auto;\">\n\t\t\n<style>\n#gap-534734299 {\n  padding-top: 40px;\n}\n@media (min-width:550px) {\n  #gap-534734299 {\n    padding-top: 30px;\n  }\n}\n<\/style>\n\t<\/div>\n\t\n<a href=\"#getintouch\" class=\"button primary arttransp-one\"  style=\"border-radius:16px;\">\n\t\t<span>Ota yhteytt\u00e4<\/span>\n\t<\/a>\n\n<\/div>\n\t\t<\/div>\n\t\t\t\t\t<\/div>\n\n\t\n\n\t<div id=\"col-645063165\" class=\"col hide-for-medium medium-1 small-12 large-1\"  >\n\t\t\t\t<div class=\"col-inner\"  >\n\t\t\t\n\t\t\t\n\t\t<\/div>\n\t\t\t\t\t<\/div>\n\n\t\n\n\t<div id=\"col-1501036871\" class=\"col hide-for-small medium-6 small-12 large-5\"  data-animate=\"fadeInRight\">\n\t\t\t\t<div class=\"col-inner\"  >\n\t\t\t\n\t\t\t\n<div class=\"bigrobomainbg\"><\/div>\n\t\t<\/div>\n\t\t\t\t\t<\/div>\n\n\t\n<\/div>\n\t\t<\/div>\n\n\t\t\n<style>\n#section_565813191 {\n  padding-top: 30px;\n  padding-bottom: 30px;\n  background-color: rgb(14, 14, 14);\n}\n<\/style>\n\t<\/section>\n\t\n\n\t<section class=\"section gameart dark\" id=\"section_1699374558\">\n\t\t<div class=\"section-bg fill\" >\n\t\t\t\t\t\t\t\t\t\n\t\t\t\n\n\t\t<\/div>\n\n\t\t\n\n\t\t<div class=\"section-content relative\">\n\t\t\t\n<span class=\"scroll-to\" data-label=\"Scroll to: #genres\" data-bullet=\"false\" data-link=\"#genres\" data-title=\"Genres\" ><a name=\"genres\"><\/a><\/span>\n\t<div id=\"gap-259851232\" class=\"gap-element clearfix\" style=\"display:block; height:auto;\">\n\t\t\n<style>\n#gap-259851232 {\n  padding-top: 20px;\n}\n@media (min-width:550px) {\n  #gap-259851232 {\n    padding-top: 40px;\n  }\n}\n<\/style>\n\t<\/div>\n\t\n<div class=\"row\"  id=\"row-2059504985\">\n\n\t<div id=\"col-661957128\" class=\"col medium-10 large-12\"  >\n\t\t\t\t<div class=\"col-inner text-left\"  >\n\t\t\t\n\t\t\t\n<h2>Genret, joiden parissa ty\u00f6skentelemme<\/h2>\n\t\t<\/div>\n\t\t\t\t\n<style>\n#col-661957128 > .col-inner {\n  padding: 0px 0px 0px 0px;\n}\n@media (min-width:550px) {\n  #col-661957128 > .col-inner {\n    padding: 0px 0px 0px 0px;\n  }\n}\n@media (min-width:850px) {\n  #col-661957128 > .col-inner {\n    padding: 0px 40px 0px 0px;\n  }\n}\n<\/style>\n\t<\/div>\n\n\t\n<\/div>\n<div class=\"row row-small align-equal art-small-greybanners\"  id=\"row-1015923582\">\n\n\t<div id=\"col-217549416\" class=\"col greybannerstewo medium-6 small-12 large-3\"  >\n\t\t\t\t<div class=\"col-inner\"  >\n\t\t\t\n\t\t\t\n<h3 class=\"purpletwo\">Farmi- ja pulmapelit<\/h3>\n<p class=\"tanimate-one\">Rakennusten, huonekalujen ja kasvien kaltaisista asseteista taustoihin ja kuvakkeisiin rasterina tai vektorina.<\/p>\n\t\t<\/div>\n\t\t\t\t\n<style>\n#col-217549416 > .col-inner {\n  padding: 30px 30px 10px 30px;\n}\n<\/style>\n\t<\/div>\n\n\t\n\n\t<div id=\"col-462342782\" class=\"col greybannerstewo medium-6 small-12 large-3\"  >\n\t\t\t\t<div class=\"col-inner\"  >\n\t\t\t\n\t\t\t\n<h3 class=\"purpletwo\">Visual novelit<\/h3>\n<p class=\"tanimate-two\">Tyyliteltyj\u00e4 tai realistisia hahmoja ja taustoja miss\u00e4 tahansa ymp\u00e4rist\u00f6iss\u00e4, jotka el\u00e4v\u00f6itt\u00e4v\u00e4t tarinaasi.<\/p>\n\t\t<\/div>\n\t\t\t\t\n<style>\n#col-462342782 > .col-inner {\n  padding: 30px 30px 10px 30px;\n}\n<\/style>\n\t<\/div>\n\n\t\n\n\t<div id=\"col-2070300857\" class=\"col greybannerstewo medium-6 small-12 large-3\"  >\n\t\t\t\t<div class=\"col-inner\"  >\n\t\t\t\n\t\t\t\n<h3 class=\"purpletwo\">Indiepelit<\/h3>\n<p class=\"tanimate-three\">Taidetta, joka visualisoi pelisi t\u00e4ydellisesti nopeassakin aikataulussa.<\/p>\n\t\t<\/div>\n\t\t\t\t\n<style>\n#col-2070300857 > .col-inner {\n  padding: 30px 30px 10px 30px;\n}\n<\/style>\n\t<\/div>\n\n\t\n\n\t<div id=\"col-294884239\" class=\"col greybannerstewo medium-6 small-12 large-3\"  >\n\t\t\t\t<div class=\"col-inner\"  >\n\t\t\t\n\t\t\t\n<h3 class=\"purpletwo\">Toiminta<br \/>\/seikkailu<\/h3>\n<p class=\"tanimate-four\">Hahmokonsepteista kovan pinnan 3D-kohtauksiin projektillesi.<\/p>\n\t\t<\/div>\n\t\t\t\t\n<style>\n#col-294884239 > .col-inner {\n  padding: 30px 30px 10px 30px;\n}\n<\/style>\n\t<\/div>\n\n\t\n<\/div>\n\t<div id=\"gap-1176862052\" class=\"gap-element clearfix\" style=\"display:block; height:auto;\">\n\t\t\n<style>\n#gap-1176862052 {\n  padding-top: 20px;\n}\n@media (min-width:550px) {\n  #gap-1176862052 {\n    padding-top: 40px;\n  }\n}\n<\/style>\n\t<\/div>\n\t\n\t\t<\/div>\n\n\t\t\n<style>\n#section_1699374558 {\n  padding-top: 30px;\n  padding-bottom: 30px;\n  background-color: rgb(14, 14, 14);\n}\n<\/style>\n\t<\/section>\n\t\n\n\n\t<section class=\"section gameart dark\" id=\"section_577600287\">\n\t\t<div class=\"section-bg fill\" >\n\t\t\t\t\t\t\t\t\t\n\t\t\t\n\n\t\t<\/div>\n\n\t\t\n\n\t\t<div class=\"section-content relative\">\n\t\t\t\n\t<div id=\"gap-1998627695\" class=\"gap-element clearfix\" style=\"display:block; height:auto;\">\n\t\t\n<style>\n#gap-1998627695 {\n  padding-top: 20px;\n}\n@media (min-width:550px) {\n  #gap-1998627695 {\n    padding-top: 40px;\n  }\n}\n<\/style>\n\t<\/div>\n\t\n<div class=\"row\"  id=\"row-1454715821\">\n\n\t<div id=\"col-726236619\" class=\"col medium-10 large-12\"  >\n\t\t\t\t<div class=\"col-inner text-left\"  >\n\t\t\t\n\t\t\t\n<h2>K\u00e4ytt\u00e4m\u00e4mme p\u00e4\u00e4ohjelmistot<\/h2>\n\t\t<\/div>\n\t\t\t\t\n<style>\n#col-726236619 > .col-inner {\n  padding: 0px 0px 0px 0px;\n}\n@media (min-width:550px) {\n  #col-726236619 > .col-inner {\n    padding: 0px 0px 0px 0px;\n  }\n}\n@media (min-width:850px) {\n  #col-726236619 > .col-inner {\n    padding: 0px 40px 0px 0px;\n  }\n}\n<\/style>\n\t<\/div>\n\n\t\n<\/div>\n<div class=\"row row-small row-full-width align-equal align-center\"  id=\"row-10199749\">\n\n\t<div id=\"col-1451690354\" class=\"col small-12 large-12\"  >\n\t\t\t\t<div class=\"col-inner\"  >\n\t\t\t\n\t\t\t\n\n<div class=\"art-slider\">\n<div class=\"art-slide-track\">\n<div class=\"art-slide\"><img decoding=\"async\" src=\"\/wp-content\/uploads\/sites\/13\/2023\/07\/artlogo1.svg\" height=\"208\" width=\"186\" alt=\"\" \/><\/div>\n<div class=\"art-slide\"><img decoding=\"async\" src=\"\/wp-content\/uploads\/sites\/13\/2023\/07\/artlogo2.svg\" height=\"208\" width=\"186\" alt=\"\" \/><\/div>\n<div class=\"art-slide\"><img decoding=\"async\" src=\"\/wp-content\/uploads\/sites\/13\/2023\/07\/artlogo3.svg\" height=\"208\" width=\"186\" alt=\"\" \/><\/div>\n<div class=\"art-slide\"><img decoding=\"async\" src=\"\/wp-content\/uploads\/sites\/13\/2023\/07\/artlogo4.svg\" height=\"208\" width=\"186\" alt=\"\" \/><\/div>\n<div class=\"art-slide\"><img decoding=\"async\" src=\"\/wp-content\/uploads\/sites\/13\/2023\/07\/artlogo5.svg\" height=\"208\" width=\"186\" alt=\"\" \/><\/div>\n<div class=\"art-slide\"><img decoding=\"async\" src=\"\/wp-content\/uploads\/sites\/13\/2023\/07\/artlogo6.svg\" height=\"208\" width=\"186\" alt=\"\" \/><\/div>\n<div class=\"art-slide\"><img decoding=\"async\" src=\"\/wp-content\/uploads\/sites\/13\/2023\/07\/artlogo7.svg\" height=\"208\" width=\"186\" alt=\"\" \/><\/div>\n<div class=\"art-slide\"><img decoding=\"async\" src=\"\/wp-content\/uploads\/sites\/13\/2023\/07\/artlogo8.svg\" height=\"208\" width=\"186\" alt=\"\" \/><\/div>\n<div class=\"art-slide\"><img decoding=\"async\" src=\"\/wp-content\/uploads\/sites\/13\/2023\/07\/artlogo1.svg\" height=\"208\" width=\"186\" alt=\"\" \/><\/div>\n<div class=\"art-slide\"><img decoding=\"async\" src=\"\/wp-content\/uploads\/sites\/13\/2023\/07\/artlogo2.svg\" height=\"208\" width=\"186\" alt=\"\" \/><\/div>\n<div class=\"art-slide\"><img decoding=\"async\" src=\"\/wp-content\/uploads\/sites\/13\/2023\/07\/artlogo3.svg\" height=\"208\" width=\"186\" alt=\"\" \/><\/div>\n<div class=\"art-slide\"><img decoding=\"async\" src=\"\/wp-content\/uploads\/sites\/13\/2023\/07\/artlogo4.svg\" height=\"208\" width=\"186\" alt=\"\" \/><\/div>\n<div class=\"art-slide\"><img decoding=\"async\" src=\"\/wp-content\/uploads\/sites\/13\/2023\/07\/artlogo5.svg\" height=\"208\" width=\"186\" alt=\"\" \/><\/div>\n<div class=\"art-slide\"><img decoding=\"async\" src=\"\/wp-content\/uploads\/sites\/13\/2023\/07\/artlogo6.svg\" height=\"208\" width=\"186\" alt=\"\" \/><\/div>\n<div class=\"art-slide\"><img decoding=\"async\" src=\"\/wp-content\/uploads\/sites\/13\/2023\/07\/artlogo7.svg\" height=\"208\" width=\"186\" alt=\"\" \/><\/div>\n<div class=\"art-slide\"><img decoding=\"async\" src=\"\/wp-content\/uploads\/sites\/13\/2023\/07\/artlogo8.svg\" height=\"208\" width=\"186\" alt=\"\" \/><\/div>\n<\/div>\n<\/div>\n\n\t\t<\/div>\n\t\t\t\t\t<\/div>\n\n\t\n<\/div>\n\t<div id=\"gap-337288331\" class=\"gap-element clearfix\" style=\"display:block; height:auto;\">\n\t\t\n<style>\n#gap-337288331 {\n  padding-top: 20px;\n}\n@media (min-width:550px) {\n  #gap-337288331 {\n    padding-top: 40px;\n  }\n}\n<\/style>\n\t<\/div>\n\t\n\t\t<\/div>\n\n\t\t\n<style>\n#section_577600287 {\n  padding-top: 30px;\n  padding-bottom: 30px;\n  background-color: rgb(14, 14, 14);\n}\n<\/style>\n\t<\/section>\n\t\n\n\t<section class=\"section dark\" id=\"section_1972491930\">\n\t\t<div class=\"section-bg fill\" >\n\t\t\t\t\t\t\t\t\t\n\t\t\t\n\n\t\t<\/div>\n\n\t\t\n\n\t\t<div class=\"section-content relative\">\n\t\t\t\n<span class=\"scroll-to\" data-label=\"Scroll to: #getintouch\" data-bullet=\"false\" data-link=\"#getintouch\" data-title=\"Get in touch\" ><a name=\"getintouch\"><\/a><\/span>\n<div class=\"row align-equal\"  id=\"row-1381180675\">\n\n\t<div id=\"col-1844264778\" class=\"col medium-12 small-12 large-6\"  >\n\t\t\t\t<div class=\"col-inner text-left\"  >\n\t\t\t\n\t\t\t\n\n  <div class=\"banner has-hover gagetintouch-banner\" id=\"banner-1976452072\">\n          <div class=\"banner-inner fill\">\n        <div class=\"banner-bg fill\" >\n            <img decoding=\"async\" width=\"1200\" height=\"945\" src=\"https:\/\/inlingogames.com\/fi\/wp-content\/uploads\/sites\/13\/2023\/07\/geint.jpeg\" class=\"bg attachment-original size-original\" alt=\"\" \/>                        <div class=\"overlay\"><\/div>            \n                    <\/div>\n\t\t\n        <div class=\"banner-layers container\">\n            <div class=\"fill banner-link\"><\/div>            \n   <div id=\"text-box-2013949750\" class=\"text-box banner-layer x5 md-x5 lg-x5 y5 md-y5 lg-y5 res-text\">\n                                <div class=\"text-box-content text dark\">\n              \n              <div class=\"text-inner text-center\">\n                  \n\t<div id=\"text-2870507806\" class=\"text\">\n\t\t\n<h4>Ota yhteytt\u00e4<\/h4>\n<p>Palliser House Palliser Road, Second Floor,<br \/> London, England, W14 9EB<\/p>\n<p>Email: <a href=\"mailto:order@inlingoart.com\">order@inlingoart.com<\/a><\/p>\n\t\t\n<style>\n#text-2870507806 {\n  text-align: left;\n}\n<\/style>\n\t<\/div>\n\t\n              <\/div>\n           <\/div>\n                            \n<style>\n#text-box-2013949750 {\n  width: 90%;\n}\n#text-box-2013949750 .text-box-content {\n  font-size: 100%;\n}\n@media (min-width:550px) {\n  #text-box-2013949750 {\n    width: 63%;\n  }\n}\n<\/style>\n    <\/div>\n \n        <\/div>\n      <\/div>\n\n            \n<style>\n#banner-1976452072 {\n  padding-top: 450px;\n}\n#banner-1976452072 .overlay {\n  background-color: rgba(91, 19, 191, 0.74);\n}\n@media (min-width:850px) {\n  #banner-1976452072 {\n    padding-top: 500px;\n  }\n}\n<\/style>\n  <\/div>\n\n\n\t\t<\/div>\n\t\t\t\t\t<\/div>\n\n\t\n\n\t<div id=\"col-363837624\" class=\"col medium-12 small-12 large-6\"  >\n\t\t\t\t<div class=\"col-inner\"  >\n\t\t\t\n\t\t\t\n\n  <div class=\"banner has-hover gagetintouch-banner withgaform\" id=\"banner-296176720\">\n          <div class=\"banner-inner fill\">\n        <div class=\"banner-bg fill\" >\n                                    <div class=\"overlay\"><\/div>            \n                    <\/div>\n\t\t\n        <div class=\"banner-layers container\">\n            <div class=\"fill banner-link\"><\/div>            \n<div class=\"artform-blck\">\n\n<div class=\"wpcf7 no-js\" id=\"wpcf7-f5713-o1\" lang=\"en-US\" dir=\"ltr\" data-wpcf7-id=\"5713\">\n<div class=\"screen-reader-response\"><p role=\"status\" aria-live=\"polite\" aria-atomic=\"true\"><\/p> <ul><\/ul><\/div>\n<form action=\"\/fi\/wp-json\/wp\/v2\/pages\/3417#wpcf7-f5713-o1\" method=\"post\" class=\"wpcf7-form init\" aria-label=\"Contact form\" novalidate=\"novalidate\" data-status=\"init\">\n<div style=\"display: none;\">\n<input type=\"hidden\" name=\"_wpcf7\" value=\"5713\" \/>\n<input type=\"hidden\" name=\"_wpcf7_version\" value=\"6.0.5\" \/>\n<input type=\"hidden\" name=\"_wpcf7_locale\" value=\"en_US\" \/>\n<input type=\"hidden\" name=\"_wpcf7_unit_tag\" value=\"wpcf7-f5713-o1\" \/>\n<input type=\"hidden\" name=\"_wpcf7_container_post\" value=\"0\" \/>\n<input type=\"hidden\" name=\"_wpcf7_posted_data_hash\" value=\"\" \/>\n<input type=\"hidden\" name=\"_uacf7_hidden_conditional_fields\" value=\"\" \/>\n<\/div>\n<div class=\"uacf7-form-5713  \"><div class=\"inlingo-form artgetform\">\n<label><span class=\"lbl\">S\u00e4hk\u00f6postiosoitteesi:<\/span>\n    <span class=\"wpcf7-form-control-wrap\" data-name=\"your-email\"><input size=\"40\" maxlength=\"400\" class=\"wpcf7-form-control wpcf7-email wpcf7-validates-as-required wpcf7-text wpcf7-validates-as-email\" autocomplete=\"email\" aria-required=\"true\" aria-invalid=\"false\" value=\"\" type=\"email\" name=\"your-email\" \/><\/span> <\/label>\n\n<label><span class=\"lbl\">Kerro meille, mihin tarvitset apua:<\/span>\n    <span class=\"wpcf7-form-control-wrap\" data-name=\"your-message\"><textarea cols=\"40\" rows=\"10\" maxlength=\"2000\" class=\"wpcf7-form-control wpcf7-textarea wpcf7-validates-as-required\" aria-required=\"true\" aria-invalid=\"false\" placeholder=\"Kirjoita kommentti\" name=\"your-message\"><\/textarea><\/span> <\/label>\n\n<span id=\"wpcf7-69d3b0c3e39dc-wrapper\" class=\"wpcf7-form-control-wrap zipcode-wrap\" style=\"display:none !important; visibility:hidden !important;\"><label for=\"wpcf7-69d3b0c3e39dc-field\" class=\"hp-message\">Please leave this field empty.<\/label><input id=\"wpcf7-69d3b0c3e39dc-field\"  class=\"wpcf7-form-control wpcf7-text\" type=\"text\" name=\"zipcode\" value=\"\" size=\"40\" tabindex=\"-1\" autocomplete=\"new-password\" \/><\/span>\n<\/div>\n\n<div class=\"form-button artbuttn-trans\">\n<input class=\"wpcf7-form-control wpcf7-submit has-spinner\" type=\"submit\" value=\"L\u00e4het\u00e4 nyt\" \/>\n<\/div><\/div><input type=\"hidden\" id=\"ct_checkjs_cf7_6cdd60ea0045eb7a6ec44c54d29ed402\" name=\"ct_checkjs_cf7\" value=\"0\" \/><script >setTimeout(function(){var ct_input_name = \"ct_checkjs_cf7_6cdd60ea0045eb7a6ec44c54d29ed402\";if (document.getElementById(ct_input_name) !== null) {var ct_input_value = document.getElementById(ct_input_name).value;document.getElementById(ct_input_name).value = document.getElementById(ct_input_name).value.replace(ct_input_value, '62bc940be2a3e5cf5922df3509db99716c165df6a6dec40a310453ada0d696b6');}}, 1000);<\/script><label class=\"apbct_special_field\" id=\"apbct_label_id1898\" for=\"apbct__email_id__wp_contact_form_7_1898\">1898<\/label><input \n        id=\"apbct__email_id__wp_contact_form_7_1898\" \n        class=\"apbct_special_field apbct__email_id__wp_contact_form_7\"\n        autocomplete=\"off\" \n        name=\"apbct__email_id__wp_contact_form_7_1898\"  \n        type=\"text\" \n        value=\"1898\" \n        size=\"30\" \n        apbct_event_id=\"1898\"\n        maxlength=\"200\" \n    \/><input \n        id=\"apbct_event_id\"\n        class=\"apbct_special_field\"\n        name=\"apbct_event_id\"\n        type=\"hidden\" \n        value=\"1898\" \n            \/><p style=\"display: none !important;\" class=\"akismet-fields-container\" data-prefix=\"_wpcf7_ak_\"><label>&#916;<textarea name=\"_wpcf7_ak_hp_textarea\" cols=\"45\" rows=\"8\" maxlength=\"100\"><\/textarea><\/label><input type=\"hidden\" id=\"ak_js_1\" name=\"_wpcf7_ak_js\" value=\"170\"\/><script>document.getElementById( \"ak_js_1\" ).setAttribute( \"value\", ( new Date() ).getTime() );<\/script><\/p><div class=\"wpcf7-response-output\" aria-hidden=\"true\"><\/div>\n<\/form>\n<\/div>\n\n<\/div>\n        <\/div>\n      <\/div>\n\n            \n<style>\n#banner-296176720 {\n  padding-top: 570px;\n}\n#banner-296176720 .overlay {\n  background-color: rgba(29, 29, 29, 1);\n}\n@media (min-width:550px) {\n  #banner-296176720 {\n    padding-top: 570px;\n  }\n}\n@media (min-width:850px) {\n  #banner-296176720 {\n    padding-top: 500px;\n  }\n}\n<\/style>\n  <\/div>\n\n\n\t\t<\/div>\n\t\t\t\t\t<\/div>\n\n\t\n<\/div>\n\t<div id=\"gap-286332659\" class=\"gap-element clearfix\" style=\"display:block; height:auto;\">\n\t\t\n<style>\n#gap-286332659 {\n  padding-top: 20px;\n}\n@media (min-width:550px) {\n  #gap-286332659 {\n    padding-top: 50px;\n  }\n}\n<\/style>\n\t<\/div>\n\t\n\t\t<\/div>\n\n\t\t\n<style>\n#section_1972491930 {\n  padding-top: 30px;\n  padding-bottom: 30px;\n  background-color: rgb(14, 14, 14);\n}\n<\/style>\n\t<\/section>\n\t\n","protected":false},"excerpt":{"rendered":"","protected":false},"author":1,"featured_media":9054,"parent":0,"menu_order":0,"comment_status":"closed","ping_status":"closed","template":"main-template-header-footer.php","meta":{"footnotes":""},"class_list":["post-3417","page","type-page","status-publish","has-post-thumbnail","hentry"],"yoast_head":"<!-- This site is optimized with the Yoast SEO plugin v24.7 - https:\/\/yoast.com\/wordpress\/plugins\/seo\/ -->\n<title>Pelitaiteen ulkoistamispalvelut - video- ja mobiilipelien taidestudio<\/title>\n<meta name=\"description\" content=\"Teemme pelinsuunnittelua ja markkinointitaidetta videopeleihin - maatilat ja palapelit, visuaaliset romaanit, indie-pelit ja paljon muuta...\" \/>\n<meta name=\"robots\" content=\"index, follow, max-snippet:-1, max-image-preview:large, max-video-preview:-1\" \/>\n<link rel=\"canonical\" href=\"https:\/\/inlingogames.com\/fi\/art\/\" \/>\n<meta property=\"og:locale\" content=\"en_US\" \/>\n<meta property=\"og:type\" content=\"article\" \/>\n<meta property=\"og:title\" content=\"Pelitaiteen ulkoistamispalvelut - video- ja mobiilipelien taidestudio\" \/>\n<meta property=\"og:description\" content=\"Teemme pelinsuunnittelua ja markkinointitaidetta videopeleihin - maatilat ja palapelit, visuaaliset romaanit, indie-pelit ja paljon muuta...\" \/>\n<meta property=\"og:url\" content=\"https:\/\/inlingogames.com\/fi\/art\/\" \/>\n<meta property=\"og:site_name\" content=\"INLINGO \u2013 Gamedev Outsourcing Studios FI\" \/>\n<meta property=\"article:modified_time\" content=\"2025-09-17T07:57:17+00:00\" \/>\n<meta property=\"og:image\" content=\"https:\/\/inlingogames.com\/fi\/wp-content\/uploads\/sites\/13\/2025\/04\/Art_FL.jpg\" \/>\n\t<meta property=\"og:image:width\" content=\"1200\" \/>\n\t<meta property=\"og:image:height\" content=\"630\" \/>\n\t<meta property=\"og:image:type\" content=\"image\/jpeg\" \/>\n<meta name=\"twitter:card\" content=\"summary_large_image\" \/>\n<meta name=\"twitter:label1\" content=\"Est. reading time\" \/>\n\t<meta name=\"twitter:data1\" content=\"6 minutes\" \/>\n<!-- \/ Yoast SEO plugin. -->","yoast_head_json":{"title":"Pelitaiteen ulkoistamispalvelut - video- ja mobiilipelien taidestudio","description":"Teemme pelinsuunnittelua ja markkinointitaidetta videopeleihin - maatilat ja palapelit, visuaaliset romaanit, indie-pelit ja paljon muuta...","robots":{"index":"index","follow":"follow","max-snippet":"max-snippet:-1","max-image-preview":"max-image-preview:large","max-video-preview":"max-video-preview:-1"},"canonical":"https:\/\/inlingogames.com\/fi\/art\/","og_locale":"en_US","og_type":"article","og_title":"Pelitaiteen ulkoistamispalvelut - video- ja mobiilipelien taidestudio","og_description":"Teemme pelinsuunnittelua ja markkinointitaidetta videopeleihin - maatilat ja palapelit, visuaaliset romaanit, indie-pelit ja paljon muuta...","og_url":"https:\/\/inlingogames.com\/fi\/art\/","og_site_name":"INLINGO \u2013 Gamedev Outsourcing Studios FI","article_modified_time":"2025-09-17T07:57:17+00:00","og_image":[{"width":1200,"height":630,"url":"https:\/\/inlingogames.com\/fi\/wp-content\/uploads\/sites\/13\/2025\/04\/Art_FL.jpg","type":"image\/jpeg"}],"twitter_card":"summary_large_image","twitter_misc":{"Est. reading time":"6 minutes"},"schema":{"@context":"https:\/\/schema.org","@graph":[{"@type":"WebPage","@id":"https:\/\/inlingogames.com\/fi\/art\/","url":"https:\/\/inlingogames.com\/fi\/art\/","name":"Pelitaiteen ulkoistamispalvelut - video- ja mobiilipelien taidestudio","isPartOf":{"@id":"https:\/\/inlingogames.com\/fi\/#website"},"primaryImageOfPage":{"@id":"https:\/\/inlingogames.com\/fi\/art\/#primaryimage"},"image":{"@id":"https:\/\/inlingogames.com\/fi\/art\/#primaryimage"},"thumbnailUrl":"https:\/\/inlingogames.com\/fi\/wp-content\/uploads\/sites\/13\/2025\/04\/Art_FL.jpg","datePublished":"2023-05-11T09:51:08+00:00","dateModified":"2025-09-17T07:57:17+00:00","description":"Teemme pelinsuunnittelua ja markkinointitaidetta videopeleihin - maatilat ja palapelit, visuaaliset romaanit, indie-pelit ja paljon muuta...","breadcrumb":{"@id":"https:\/\/inlingogames.com\/fi\/art\/#breadcrumb"},"inLanguage":"en-US","potentialAction":[{"@type":"ReadAction","target":["https:\/\/inlingogames.com\/fi\/art\/"]}]},{"@type":"ImageObject","inLanguage":"en-US","@id":"https:\/\/inlingogames.com\/fi\/art\/#primaryimage","url":"https:\/\/inlingogames.com\/fi\/wp-content\/uploads\/sites\/13\/2025\/04\/Art_FL.jpg","contentUrl":"https:\/\/inlingogames.com\/fi\/wp-content\/uploads\/sites\/13\/2025\/04\/Art_FL.jpg","width":1200,"height":630},{"@type":"BreadcrumbList","@id":"https:\/\/inlingogames.com\/fi\/art\/#breadcrumb","itemListElement":[{"@type":"ListItem","position":1,"name":"Home","item":"https:\/\/inlingogames.com\/fi\/"},{"@type":"ListItem","position":2,"name":"Art"}]},{"@type":"WebSite","@id":"https:\/\/inlingogames.com\/fi\/#website","url":"https:\/\/inlingogames.com\/fi\/","name":"INLINGO \u2013 Gamedev Outsourcing Studios FI","description":"","potentialAction":[{"@type":"SearchAction","target":{"@type":"EntryPoint","urlTemplate":"https:\/\/inlingogames.com\/fi\/?s={search_term_string}"},"query-input":{"@type":"PropertyValueSpecification","valueRequired":true,"valueName":"search_term_string"}}],"inLanguage":"en-US"}]}},"_links":{"self":[{"href":"https:\/\/inlingogames.com\/fi\/wp-json\/wp\/v2\/pages\/3417","targetHints":{"allow":["GET"]}}],"collection":[{"href":"https:\/\/inlingogames.com\/fi\/wp-json\/wp\/v2\/pages"}],"about":[{"href":"https:\/\/inlingogames.com\/fi\/wp-json\/wp\/v2\/types\/page"}],"author":[{"embeddable":true,"href":"https:\/\/inlingogames.com\/fi\/wp-json\/wp\/v2\/users\/1"}],"replies":[{"embeddable":true,"href":"https:\/\/inlingogames.com\/fi\/wp-json\/wp\/v2\/comments?post=3417"}],"version-history":[{"count":86,"href":"https:\/\/inlingogames.com\/fi\/wp-json\/wp\/v2\/pages\/3417\/revisions"}],"predecessor-version":[{"id":9110,"href":"https:\/\/inlingogames.com\/fi\/wp-json\/wp\/v2\/pages\/3417\/revisions\/9110"}],"wp:featuredmedia":[{"embeddable":true,"href":"https:\/\/inlingogames.com\/fi\/wp-json\/wp\/v2\/media\/9054"}],"wp:attachment":[{"href":"https:\/\/inlingogames.com\/fi\/wp-json\/wp\/v2\/media?parent=3417"}],"curies":[{"name":"wp","href":"https:\/\/api.w.org\/{rel}","templated":true}]}}