{"id":11,"date":"2023-04-28T07:27:23","date_gmt":"2023-04-28T07:27:23","guid":{"rendered":"https:\/\/inlingogames.com\/\/?page_id=11"},"modified":"2025-09-17T08:06:50","modified_gmt":"2025-09-17T08:06:50","slug":"about","status":"publish","type":"page","link":"https:\/\/inlingogames.com\/fr\/about\/","title":{"rendered":"About Us"},"content":{"rendered":"\n\t<section class=\"section about-mainblock dark has-parallax is-full-height\" id=\"section_896395583\">\n\t\t<div class=\"section-bg fill\" data-parallax-container=\".section\" data-parallax-background data-parallax=\"-3\">\n\t\t\t<img decoding=\"async\" width=\"1680\" height=\"945\" src=\"https:\/\/inlingogames.com\/fr\/wp-content\/uploads\/sites\/14\/2023\/04\/Frame_9.jpg\" class=\"bg attachment-original size-original\" alt=\"\" \/>\t\t\t\t\t\t<div class=\"section-bg-overlay absolute fill\"><\/div>\n\t\t\t\n\n\t\t<\/div>\n\n\t\t\n\n\t\t<div class=\"section-content relative\">\n\t\t\t\n<div class=\"row row-small align-equal align-center\"  id=\"row-856543078\">\n\n\t<div id=\"col-1056580351\" class=\"col hide-for-medium medium-1 small-12 large-1\"  >\n\t\t\t\t<div class=\"col-inner\"  >\n\t\t\t\n\t\t\t\n\t\t<\/div>\n\t\t\t\t\t<\/div>\n\n\t\n\n\t<div id=\"col-1397257435\" class=\"col medium-10 small-12 large-10\"  >\n\t\t\t\t<div class=\"col-inner text-center\"  >\n\t\t\t\n\t\t\t\n<h1>Nous sommes <span class=\"orange uppercase\">Inlingo<\/span><\/h1>\n<h2>Notre mission est d&#8217;\u00e9conomiser les ressources des clients<\/h2>\n<div class=\"row\"  id=\"row-684478164\">\n\n\t<div id=\"col-1740779400\" class=\"col medium-4 small-12 large-4\"  >\n\t\t\t\t<div class=\"col-inner\"  >\n\t\t\t\n\t\t\t\n\t<div id=\"gap-1197930887\" class=\"gap-element clearfix\" style=\"display:block; height:auto;\">\n\t\t\n<style>\n#gap-1197930887 {\n  padding-top: 60px;\n}\n@media (min-width:550px) {\n  #gap-1197930887 {\n    padding-top: 120px;\n  }\n}\n<\/style>\n\t<\/div>\n\t\n<p class=\"keynumber\">1300+<\/p>\n<p class=\"keynumber-description\">experts \u00e0 travers le monde<\/p>\n\t\t<\/div>\n\t\t\t\t\t<\/div>\n\n\t\n\n\t<div id=\"col-2122681638\" class=\"col medium-4 small-12 large-4\"  >\n\t\t\t\t<div class=\"col-inner\"  >\n\t\t\t\n\t\t\t\n\t<div id=\"gap-880066511\" class=\"gap-element clearfix\" style=\"display:block; height:auto;\">\n\t\t\n<style>\n#gap-880066511 {\n  padding-top: 10px;\n}\n@media (min-width:550px) {\n  #gap-880066511 {\n    padding-top: 120px;\n  }\n}\n<\/style>\n\t<\/div>\n\t\n<p class=\"keynumber\">2500+<\/p>\n<p class=\"keynumber-description\">projets men\u00e9s \u00e0 bien<\/p>\n\t\t<\/div>\n\t\t\t\t\t<\/div>\n\n\t\n\n\t<div id=\"col-154753211\" class=\"col medium-4 small-12 large-4\"  >\n\t\t\t\t<div class=\"col-inner\"  >\n\t\t\t\n\t\t\t\n\t<div id=\"gap-2055884483\" class=\"gap-element clearfix\" style=\"display:block; height:auto;\">\n\t\t\n<style>\n#gap-2055884483 {\n  padding-top: 10px;\n}\n@media (min-width:550px) {\n  #gap-2055884483 {\n    padding-top: 120px;\n  }\n}\n<\/style>\n\t<\/div>\n\t\n<p class=\"keynumber\">300+<\/p>\n<p class=\"keynumber-description\">entreprises nous font confiance<\/p>\n\t\t<\/div>\n\t\t\t\t\t<\/div>\n\n\t\n<\/div>\n\t\t<\/div>\n\t\t\t\t\t<\/div>\n\n\t\n\n\t<div id=\"col-1183863151\" class=\"col hide-for-medium medium-1 small-12 large-1\"  >\n\t\t\t\t<div class=\"col-inner\"  >\n\t\t\t\n\t\t\t\n\t\t<\/div>\n\t\t\t\t\t<\/div>\n\n\t\n<\/div>\n\t\t<\/div>\n\n\t\t\n<style>\n#section_896395583 {\n  padding-top: 30px;\n  padding-bottom: 30px;\n  min-height: 100vh;\n  background-color: rgb(40, 40, 40);\n}\n#section_896395583 .section-bg-overlay {\n  background-color: rgba(0, 0, 0, 0.427);\n}\n#section_896395583 .section-bg img {\n  object-position: center;\n}\n<\/style>\n\t<\/section>\n\t\n\n\t<section class=\"section\" id=\"section_2067585472\">\n\t\t<div class=\"section-bg fill\" >\n\t\t\t\t\t\t\t\t\t\n\t\t\t\n\n\t\t<\/div>\n\n\t\t\n\n\t\t<div class=\"section-content relative\">\n\t\t\t\n\t<div id=\"gap-590267468\" class=\"gap-element clearfix\" style=\"display:block; height:auto;\">\n\t\t\n<style>\n#gap-590267468 {\n  padding-top: 80px;\n}\n<\/style>\n\t<\/div>\n\t\n<div class=\"row\"  id=\"row-1221825651\">\n\n\t<div id=\"col-1366619232\" class=\"col hide-for-small medium-1 small-12 large-2\"  >\n\t\t\t\t<div class=\"col-inner\"  >\n\t\t\t\n\t\t\t\n\t\t<\/div>\n\t\t\t\t\t<\/div>\n\n\t\n\n\t<div id=\"col-1558073580\" class=\"col medium-10 small-12 large-8\"  >\n\t\t\t\t<div class=\"col-inner\"  >\n\t\t\t\n\t\t\t\n<p class=\"big-text\">Fond\u00e9 en 2012, <span class=\"orange\">INLINGO<\/span> a connu un d\u00e9veloppement fulgurant. D&#8217;une toute petite agence de localisation, nous sommes devenus un groupe entier de studios qui fournit des services de sous-traitance pour le d\u00e9veloppement de jeux vid\u00e9o.<\/p>\n<p class=\"big-text\">D\u00e9sormais, notre \u00e9quipe \u00e9volue au sein d&#8217;une grande vari\u00e9t\u00e9 de domaines. Nous vous aiderons \u00e0 localiser votre projet, \u00e0 cr\u00e9er une histoire captivante, quel que soit le genre, ou encore \u00e0 dessiner vos personnages et \u00e0 leur donner une voix.<\/p>\n\t\t<\/div>\n\t\t\t\t\t<\/div>\n\n\t\n\n\t<div id=\"col-470037387\" class=\"col hide-for-small medium-1 small-12 large-2\"  >\n\t\t\t\t<div class=\"col-inner\"  >\n\t\t\t\n\t\t\t\n\t\t<\/div>\n\t\t\t\t\t<\/div>\n\n\t\n\n<style>\n#row-1221825651 > .col > .col-inner {\n  padding: 0px 0px 0px 0px;\n}\n<\/style>\n<\/div>\n\t<div id=\"gap-1985504760\" class=\"gap-element clearfix\" style=\"display:block; height:auto;\">\n\t\t\n<style>\n#gap-1985504760 {\n  padding-top: 80px;\n}\n<\/style>\n\t<\/div>\n\t\n\t\t<\/div>\n\n\t\t\n<style>\n#section_2067585472 {\n  padding-top: 30px;\n  padding-bottom: 30px;\n  background-color: rgb(240, 240, 240);\n}\n<\/style>\n\t<\/section>\n\t\n\n\t<section class=\"section orange dark\" id=\"section_1069496791\">\n\t\t<div class=\"section-bg fill\" >\n\t\t\t\t\t\t\t\t\t\n\t\t\t\n\n\t\t<\/div>\n\n\t\t\n\n\t\t<div class=\"section-content relative\">\n\t\t\t\n<div class=\"row\"  id=\"row-1232750281\">\n\n\t<div id=\"col-408745597\" class=\"col small-12 large-12\"  >\n\t\t\t\t<div class=\"col-inner text-center\"  >\n\t\t\t\n\t\t\t\n<h2>Valeurs<\/h2>\n<p>Notre travail est guid\u00e9 par les valeurs qui ont fa\u00e7onn\u00e9 nos \u00e9quipes.<\/p>\n\t\t<\/div>\n\t\t\t\t\n<style>\n#col-408745597 > .col-inner {\n  padding: 80px 0px 50px 0px;\n}\n<\/style>\n\t<\/div>\n\n\t\n\n\t<div id=\"col-1920219439\" class=\"col hide-for-medium medium-1 small-12 large-1\"  >\n\t\t\t\t<div class=\"col-inner\"  >\n\t\t\t\n\t\t\t\n\t\t<\/div>\n\t\t\t\t\t<\/div>\n\n\t\n\n\t<div id=\"col-757575484\" class=\"col medium-12 small-12 large-10\"  >\n\t\t\t\t<div class=\"col-inner text-center\"  >\n\t\t\t\n\t\t\t\n<div class=\"row\"  id=\"row-476416165\">\n\n\t<div id=\"col-1434819235\" class=\"col medium-10 small-12 large-4\"  >\n\t\t\t\t<div class=\"col-inner text-center\"  >\n\t\t\t\n\t\t\t\n\n\t\t<div class=\"icon-box featured-box icon-box-top text-left\"  >\n\t\t\t\t\t<div class=\"icon-box-img\" style=\"width: 100px\">\n\t\t\t\t<div class=\"icon\">\n\t\t\t\t\t<div class=\"icon-inner\" >\n\t\t\t\t\t\t\t\t\t\t\t<\/div>\n\t\t\t\t<\/div>\n\t\t\t<\/div>\n\t\t\t\t<div class=\"icon-box-text last-reset\">\n\t\t\t\t\t\t\t\t\t\n\t<div id=\"text-1259734082\" class=\"text\">\n\t\t\n<h4>Les personnes avant tout<\/h4>\n<p>Les personnes sont notre priorit\u00e9 n\u00b0\u00a01. Nous \u00e9prouvons un profond respect pour votre travail, nous attachons une grande importance \u00e0 votre temps et nous sommes pr\u00eats \u00e0 tout mettre en \u0153uvre lorsque la situation se complique.<br \/>\n\t\t\n<style>\n#text-1259734082 {\n  text-align: center;\n}\n<\/style>\n\t<\/div>\n\t\n\t\t<\/div>\n\t<\/div>\n\t\n\t\n\t\t<\/div>\n\t\t\t\t\t<\/div>\n\n\t\n\n\t<div id=\"col-778179794\" class=\"col medium-10 small-12 large-4\"  >\n\t\t\t\t<div class=\"col-inner text-center\"  >\n\t\t\t\n\t\t\t\n\n\t\t<div class=\"icon-box featured-box icon-box-top text-left\"  >\n\t\t\t\t\t<div class=\"icon-box-img\" style=\"width: 100px\">\n\t\t\t\t<div class=\"icon\">\n\t\t\t\t\t<div class=\"icon-inner\" >\n\t\t\t\t\t\t\t\t\t\t\t<\/div>\n\t\t\t\t<\/div>\n\t\t\t<\/div>\n\t\t\t\t<div class=\"icon-box-text last-reset\">\n\t\t\t\t\t\t\t\t\t\n\t<div id=\"text-1697517738\" class=\"text\">\n\t\t\n<h4>D\u00e9veloppement professionnel<\/h4>\n<p>Chaque jour, nous nous am\u00e9liorons\u00a0: nous suivons des cours sp\u00e9cialis\u00e9s, nous assistons \u00e0 des conf\u00e9rences, nous \u00e9changeons des connaissances avec nos coll\u00e8gues et nous suivons de tr\u00e8s pr\u00e8s l&#8217;industrie du jeu.<br \/>\n\t\t\n<style>\n#text-1697517738 {\n  text-align: center;\n}\n<\/style>\n\t<\/div>\n\t\n\t\t<\/div>\n\t<\/div>\n\t\n\t\n\t\t<\/div>\n\t\t\t\t\t<\/div>\n\n\t\n\n\t<div id=\"col-876722425\" class=\"col medium-10 small-12 large-4\"  >\n\t\t\t\t<div class=\"col-inner text-center\"  >\n\t\t\t\n\t\t\t\n\n\t\t<div class=\"icon-box featured-box icon-box-top text-left\"  >\n\t\t\t\t\t<div class=\"icon-box-img\" style=\"width: 100px\">\n\t\t\t\t<div class=\"icon\">\n\t\t\t\t\t<div class=\"icon-inner\" >\n\t\t\t\t\t\t\t\t\t\t\t<\/div>\n\t\t\t\t<\/div>\n\t\t\t<\/div>\n\t\t\t\t<div class=\"icon-box-text last-reset\">\n\t\t\t\t\t\t\t\t\t\n\t<div id=\"text-2757820660\" class=\"text\">\n\t\t\n<h4>Les r\u00e9sultats des clients au premier plan<\/h4>\n<p>Notre objectif est de collaborer au long terme avec nos clients. Votre succ\u00e8s est notre r\u00e9ussite.<br \/>\n\t\t\n<style>\n#text-2757820660 {\n  text-align: center;\n}\n<\/style>\n\t<\/div>\n\t\n\t\t<\/div>\n\t<\/div>\n\t\n\t\n\t\t<\/div>\n\t\t\t\t\t<\/div>\n\n\t\n<\/div>\n\t\t<\/div>\n\t\t\t\t\t<\/div>\n\n\t\n\n\t<div id=\"col-1502864294\" class=\"col hide-for-medium medium-1 small-12 large-1\"  >\n\t\t\t\t<div class=\"col-inner\"  >\n\t\t\t\n\t\t\t\n\t\t<\/div>\n\t\t\t\t\t<\/div>\n\n\t\n<\/div>\n\t<div id=\"gap-1095569155\" class=\"gap-element clearfix\" style=\"display:block; height:auto;\">\n\t\t\n<style>\n#gap-1095569155 {\n  padding-top: 40px;\n}\n@media (min-width:550px) {\n  #gap-1095569155 {\n    padding-top: 80px;\n  }\n}\n<\/style>\n\t<\/div>\n\t\n\t\t<\/div>\n\n\t\t\n<style>\n#section_1069496791 {\n  padding-top: 30px;\n  padding-bottom: 30px;\n  background-color: #222;\n}\n<\/style>\n\t<\/section>\n\t\n\n\t<section class=\"section\" id=\"section_1400911701\">\n\t\t<div class=\"section-bg fill\" >\n\t\t\t\t\t\t\t\t\t\n\t\t\t\n\n\t\t<\/div>\n\n\t\t\n\n\t\t<div class=\"section-content relative\">\n\t\t\t\n<span class=\"scroll-to\" data-label=\"Scroll to: #contacts\" data-bullet=\"false\" data-link=\"#contacts\" data-title=\"Contacts\" ><a name=\"contacts\"><\/a><\/span>\n<div class=\"row\"  id=\"row-700955844\">\n\n\t<div id=\"col-1776814267\" class=\"col small-12 large-12\"  >\n\t\t\t\t<div class=\"col-inner text-center\"  >\n\t\t\t\n\t\t\t\n<h2>Nous contacter<\/h2>\n<p class=\"big-text\">N&#8217;h\u00e9sitez pas \u00e0 nous envoyer un message si vous avez des questions ou des demandes.<\/p>\n\t\t<\/div>\n\t\t\t\t\n<style>\n#col-1776814267 > .col-inner {\n  padding: 40px 0px 20px 0px;\n}\n@media (min-width:550px) {\n  #col-1776814267 > .col-inner {\n    padding: 40px 0px 0px 0px;\n  }\n}\n@media (min-width:850px) {\n  #col-1776814267 > .col-inner {\n    padding: 80px 0px 40px 0px;\n  }\n}\n<\/style>\n\t<\/div>\n\n\t\n\n\t<div id=\"col-944137293\" class=\"col hide-for-medium medium-1 small-12 large-1\"  >\n\t\t\t\t<div class=\"col-inner\"  >\n\t\t\t\n\t\t\t\n\t\t<\/div>\n\t\t\t\t\t<\/div>\n\n\t\n\n\t<div id=\"col-852011385\" class=\"col medium-12 small-12 large-5\"  >\n\t\t\t\t<div class=\"col-inner\"  >\n\t\t\t\n\t\t\t\n<p class=\"big-text\">Palliser House Palliser Road, Second Floor, London, England, W14 9EB<\/p>\n<div class=\"content-social-icons left\">\n<ul>\n<li><\/li>\n<\/ul>\n<\/div>\n\t\t<\/div>\n\t\t\t\t\t<\/div>\n\n\t\n\n\t<div id=\"col-499191750\" class=\"col medium-10 small-12 large-5\"  >\n\t\t\t\t<div class=\"col-inner\"  >\n\t\t\t\n\t\t\t\n\n<div class=\"wpcf7 no-js\" id=\"wpcf7-f3357-o1\" lang=\"en-US\" dir=\"ltr\" data-wpcf7-id=\"3357\">\n<div class=\"screen-reader-response\"><p role=\"status\" aria-live=\"polite\" aria-atomic=\"true\"><\/p> <ul><\/ul><\/div>\n<form action=\"\/fr\/wp-json\/wp\/v2\/pages\/11#wpcf7-f3357-o1\" method=\"post\" class=\"wpcf7-form init\" aria-label=\"Contact form\" novalidate=\"novalidate\" data-status=\"init\">\n<div style=\"display: none;\">\n<input type=\"hidden\" name=\"_wpcf7\" value=\"3357\" \/>\n<input type=\"hidden\" name=\"_wpcf7_version\" value=\"6.0.5\" \/>\n<input type=\"hidden\" name=\"_wpcf7_locale\" value=\"en_US\" \/>\n<input type=\"hidden\" name=\"_wpcf7_unit_tag\" value=\"wpcf7-f3357-o1\" \/>\n<input type=\"hidden\" name=\"_wpcf7_container_post\" value=\"0\" \/>\n<input type=\"hidden\" name=\"_wpcf7_posted_data_hash\" value=\"\" \/>\n<input type=\"hidden\" name=\"_uacf7_hidden_conditional_fields\" value=\"\" \/>\n<\/div>\n<div class=\"uacf7-form-3357  \"><div class=\"inlingo-form light-form\">\n<label>\n    <span class=\"wpcf7-form-control-wrap\" data-name=\"your-name\"><input size=\"40\" maxlength=\"400\" class=\"wpcf7-form-control wpcf7-text wpcf7-validates-as-required\" autocomplete=\"name\" aria-required=\"true\" aria-invalid=\"false\" placeholder=\"Name\" value=\"\" type=\"text\" name=\"your-name\" \/><\/span> <\/label>\n\n<label>\n    <span class=\"wpcf7-form-control-wrap\" data-name=\"your-email\"><input size=\"40\" maxlength=\"400\" class=\"wpcf7-form-control wpcf7-email wpcf7-validates-as-required wpcf7-text wpcf7-validates-as-email\" autocomplete=\"email\" aria-required=\"true\" aria-invalid=\"false\" placeholder=\"Email\" value=\"\" type=\"email\" name=\"your-email\" \/><\/span> <\/label>\n\n<label>\n    <span class=\"wpcf7-form-control-wrap\" data-name=\"your-message\"><textarea cols=\"40\" rows=\"10\" maxlength=\"2000\" class=\"wpcf7-form-control wpcf7-textarea wpcf7-validates-as-required\" aria-required=\"true\" aria-invalid=\"false\" placeholder=\"Your message\" name=\"your-message\"><\/textarea><\/span> <\/label>\n\n<span id=\"wpcf7-69d3a2576f586-wrapper\" class=\"wpcf7-form-control-wrap zipcode-wrap\" style=\"display:none !important; visibility:hidden !important;\"><label for=\"wpcf7-69d3a2576f586-field\" class=\"hp-message\">Please leave this field empty.<\/label><input id=\"wpcf7-69d3a2576f586-field\"  class=\"wpcf7-form-control wpcf7-text\" type=\"text\" name=\"zipcode\" value=\"\" size=\"40\" tabindex=\"-1\" autocomplete=\"new-password\" \/><\/span>\n\n<div class=\"form-accept\">\n<span class=\"wpcf7-form-control-wrap\" data-name=\"acceptance-615\"><span class=\"wpcf7-form-control wpcf7-acceptance\"><span class=\"wpcf7-list-item\"><label><input type=\"checkbox\" name=\"acceptance-615\" value=\"1\" aria-invalid=\"false\" \/><span class=\"wpcf7-list-item-label\">By clicking \"Send\" you consent to <a href=\"\/policy\" target=\"_blank\">to personal data processing<\/a>. We will not share your contact information with third parties<\/p><\/span><\/label><\/span><\/span><\/span>\n<\/div>\n\n<\/div>\n\n<div class=\"form-button orange-button\">\n<input class=\"wpcf7-form-control wpcf7-submit has-spinner\" type=\"submit\" value=\"Send\" \/>\n<\/div><\/div><input type=\"hidden\" id=\"ct_checkjs_cf7_8757150decbd89b0f5442ca3db4d0e0e\" name=\"ct_checkjs_cf7\" value=\"0\" \/><script >setTimeout(function(){var ct_input_name = \"ct_checkjs_cf7_8757150decbd89b0f5442ca3db4d0e0e\";if (document.getElementById(ct_input_name) !== null) {var ct_input_value = document.getElementById(ct_input_name).value;document.getElementById(ct_input_name).value = document.getElementById(ct_input_name).value.replace(ct_input_value, '62bc940be2a3e5cf5922df3509db99716c165df6a6dec40a310453ada0d696b6');}}, 1000);<\/script><label class=\"apbct_special_field\" id=\"apbct_label_id3796\" for=\"apbct__email_id__wp_contact_form_7_3796\">3796<\/label><input \n        id=\"apbct__email_id__wp_contact_form_7_3796\" \n        class=\"apbct_special_field apbct__email_id__wp_contact_form_7\"\n        autocomplete=\"off\" \n        name=\"apbct__email_id__wp_contact_form_7_3796\"  \n        type=\"text\" \n        value=\"3796\" \n        size=\"30\" \n        apbct_event_id=\"3796\"\n        maxlength=\"200\" \n    \/><input \n        id=\"apbct_event_id\"\n        class=\"apbct_special_field\"\n        name=\"apbct_event_id\"\n        type=\"hidden\" \n        value=\"3796\" \n            \/><p style=\"display: none !important;\" class=\"akismet-fields-container\" data-prefix=\"_wpcf7_ak_\"><label>&#916;<textarea name=\"_wpcf7_ak_hp_textarea\" cols=\"45\" rows=\"8\" maxlength=\"100\"><\/textarea><\/label><input type=\"hidden\" id=\"ak_js_1\" name=\"_wpcf7_ak_js\" value=\"52\"\/><script>document.getElementById( \"ak_js_1\" ).setAttribute( \"value\", ( new Date() ).getTime() );<\/script><\/p><div class=\"wpcf7-response-output\" aria-hidden=\"true\"><\/div>\n<\/form>\n<\/div>\n\n\t\t<\/div>\n\t\t\t\t\t<\/div>\n\n\t\n\n\t<div id=\"col-934018511\" class=\"col hide-for-medium medium-1 small-12 large-1\"  >\n\t\t\t\t<div class=\"col-inner\"  >\n\t\t\t\n\t\t\t\n\t\t<\/div>\n\t\t\t\t\t<\/div>\n\n\t\n<\/div>\n\t\t<\/div>\n\n\t\t\n<style>\n#section_1400911701 {\n  padding-top: 30px;\n  padding-bottom: 30px;\n  background-color: #f2f2f2;\n}\n<\/style>\n\t<\/section>\n\t\n","protected":false},"excerpt":{"rendered":"","protected":false},"author":1,"featured_media":36,"parent":0,"menu_order":0,"comment_status":"closed","ping_status":"closed","template":"main-template-header-footer.php","meta":{"footnotes":""},"class_list":["post-11","page","type-page","status-publish","has-post-thumbnail","hentry"],"yoast_head":"<!-- This site is optimized with the Yoast SEO plugin v24.7 - https:\/\/yoast.com\/wordpress\/plugins\/seo\/ -->\n<title>A propos d&#039;INLINGO - Gamedev Outsourcing Studio<\/title>\n<meta name=\"description\" content=\"Le studio INLINGO a \u00e9t\u00e9 fond\u00e9 en 2012. En 11 ans de travail, nous sommes pass\u00e9s d&#039;un petit studio de localisation \u00e0 une grande entreprise internationale d&#039;externalisation.\" \/>\n<meta name=\"robots\" content=\"index, follow, max-snippet:-1, max-image-preview:large, max-video-preview:-1\" \/>\n<link rel=\"canonical\" href=\"https:\/\/inlingogames.com\/fr\/about\/\" \/>\n<meta property=\"og:locale\" content=\"en_US\" \/>\n<meta property=\"og:type\" content=\"article\" \/>\n<meta property=\"og:title\" content=\"About INLINGO \u2013 Gamedev Outsourcing Studio\" \/>\n<meta property=\"og:description\" content=\"INLINGO studio was founded in 2012. Over 11 years of work, we have grown from a small localization studio into a large international outsourcing company.\" \/>\n<meta property=\"og:url\" content=\"https:\/\/inlingogames.com\/fr\/about\/\" \/>\n<meta property=\"og:site_name\" content=\"INLINGO \u2013 Gamedev Outsourcing Studios FR\" \/>\n<meta property=\"article:modified_time\" content=\"2025-09-17T08:06:50+00:00\" \/>\n<meta property=\"og:image\" content=\"https:\/\/inlingogames.com\/fr\/wp-content\/uploads\/sites\/14\/2023\/04\/Frame_9.jpg\" \/>\n\t<meta property=\"og:image:width\" content=\"1680\" \/>\n\t<meta property=\"og:image:height\" content=\"945\" \/>\n\t<meta property=\"og:image:type\" content=\"image\/jpeg\" \/>\n<meta name=\"twitter:card\" content=\"summary_large_image\" \/>\n<meta name=\"twitter:title\" content=\"About INLINGO \u2013 Gamedev Outsourcing Studio\" \/>\n<meta name=\"twitter:description\" content=\"INLINGO studio was founded in 2012. Over 11 years of work, we have grown from a small localization studio into a large international outsourcing company.\" \/>\n<meta name=\"twitter:image\" content=\"https:\/\/inlingogames.com\/fr\/wp-content\/uploads\/sites\/14\/2023\/04\/Frame_9.jpg\" \/>\n<meta name=\"twitter:label1\" content=\"Est. reading time\" \/>\n\t<meta name=\"twitter:data1\" content=\"3 minutes\" \/>\n<!-- \/ Yoast SEO plugin. -->","yoast_head_json":{"title":"A propos d'INLINGO - Gamedev Outsourcing Studio","description":"Le studio INLINGO a \u00e9t\u00e9 fond\u00e9 en 2012. En 11 ans de travail, nous sommes pass\u00e9s d'un petit studio de localisation \u00e0 une grande entreprise internationale d'externalisation.","robots":{"index":"index","follow":"follow","max-snippet":"max-snippet:-1","max-image-preview":"max-image-preview:large","max-video-preview":"max-video-preview:-1"},"canonical":"https:\/\/inlingogames.com\/fr\/about\/","og_locale":"en_US","og_type":"article","og_title":"About INLINGO \u2013 Gamedev Outsourcing Studio","og_description":"INLINGO studio was founded in 2012. Over 11 years of work, we have grown from a small localization studio into a large international outsourcing company.","og_url":"https:\/\/inlingogames.com\/fr\/about\/","og_site_name":"INLINGO \u2013 Gamedev Outsourcing Studios FR","article_modified_time":"2025-09-17T08:06:50+00:00","og_image":[{"width":1680,"height":945,"url":"https:\/\/inlingogames.com\/fr\/wp-content\/uploads\/sites\/14\/2023\/04\/Frame_9.jpg","type":"image\/jpeg"}],"twitter_card":"summary_large_image","twitter_title":"About INLINGO \u2013 Gamedev Outsourcing Studio","twitter_description":"INLINGO studio was founded in 2012. Over 11 years of work, we have grown from a small localization studio into a large international outsourcing company.","twitter_image":"https:\/\/inlingogames.com\/fr\/wp-content\/uploads\/sites\/14\/2023\/04\/Frame_9.jpg","twitter_misc":{"Est. reading time":"3 minutes"},"schema":{"@context":"https:\/\/schema.org","@graph":[{"@type":"WebPage","@id":"https:\/\/inlingogames.com\/fr\/about\/","url":"https:\/\/inlingogames.com\/fr\/about\/","name":"A propos d'INLINGO - Gamedev Outsourcing Studio","isPartOf":{"@id":"https:\/\/inlingogames.com\/fr\/#website"},"primaryImageOfPage":{"@id":"https:\/\/inlingogames.com\/fr\/about\/#primaryimage"},"image":{"@id":"https:\/\/inlingogames.com\/fr\/about\/#primaryimage"},"thumbnailUrl":"https:\/\/inlingogames.com\/fr\/wp-content\/uploads\/sites\/14\/2023\/04\/Frame_9.jpg","datePublished":"2023-04-28T07:27:23+00:00","dateModified":"2025-09-17T08:06:50+00:00","description":"Le studio INLINGO a \u00e9t\u00e9 fond\u00e9 en 2012. En 11 ans de travail, nous sommes pass\u00e9s d'un petit studio de localisation \u00e0 une grande entreprise internationale d'externalisation.","breadcrumb":{"@id":"https:\/\/inlingogames.com\/fr\/about\/#breadcrumb"},"inLanguage":"en-US","potentialAction":[{"@type":"ReadAction","target":["https:\/\/inlingogames.com\/fr\/about\/"]}]},{"@type":"ImageObject","inLanguage":"en-US","@id":"https:\/\/inlingogames.com\/fr\/about\/#primaryimage","url":"https:\/\/inlingogames.com\/fr\/wp-content\/uploads\/sites\/14\/2023\/04\/Frame_9.jpg","contentUrl":"https:\/\/inlingogames.com\/fr\/wp-content\/uploads\/sites\/14\/2023\/04\/Frame_9.jpg","width":1680,"height":945},{"@type":"BreadcrumbList","@id":"https:\/\/inlingogames.com\/fr\/about\/#breadcrumb","itemListElement":[{"@type":"ListItem","position":1,"name":"Home","item":"https:\/\/inlingogames.com\/fr\/"},{"@type":"ListItem","position":2,"name":"About Us"}]},{"@type":"WebSite","@id":"https:\/\/inlingogames.com\/fr\/#website","url":"https:\/\/inlingogames.com\/fr\/","name":"INLINGO \u2013 Gamedev Outsourcing Studios FR","description":"","potentialAction":[{"@type":"SearchAction","target":{"@type":"EntryPoint","urlTemplate":"https:\/\/inlingogames.com\/fr\/?s={search_term_string}"},"query-input":{"@type":"PropertyValueSpecification","valueRequired":true,"valueName":"search_term_string"}}],"inLanguage":"en-US"}]}},"_links":{"self":[{"href":"https:\/\/inlingogames.com\/fr\/wp-json\/wp\/v2\/pages\/11","targetHints":{"allow":["GET"]}}],"collection":[{"href":"https:\/\/inlingogames.com\/fr\/wp-json\/wp\/v2\/pages"}],"about":[{"href":"https:\/\/inlingogames.com\/fr\/wp-json\/wp\/v2\/types\/page"}],"author":[{"embeddable":true,"href":"https:\/\/inlingogames.com\/fr\/wp-json\/wp\/v2\/users\/1"}],"replies":[{"embeddable":true,"href":"https:\/\/inlingogames.com\/fr\/wp-json\/wp\/v2\/comments?post=11"}],"version-history":[{"count":74,"href":"https:\/\/inlingogames.com\/fr\/wp-json\/wp\/v2\/pages\/11\/revisions"}],"predecessor-version":[{"id":9128,"href":"https:\/\/inlingogames.com\/fr\/wp-json\/wp\/v2\/pages\/11\/revisions\/9128"}],"wp:featuredmedia":[{"embeddable":true,"href":"https:\/\/inlingogames.com\/fr\/wp-json\/wp\/v2\/media\/36"}],"wp:attachment":[{"href":"https:\/\/inlingogames.com\/fr\/wp-json\/wp\/v2\/media?parent=11"}],"curies":[{"name":"wp","href":"https:\/\/api.w.org\/{rel}","templated":true}]}}