{"id":3417,"date":"2023-05-11T09:51:08","date_gmt":"2023-05-11T09:51:08","guid":{"rendered":"https:\/\/inlingogames.com\/\/?page_id=3417"},"modified":"2025-09-18T09:31:36","modified_gmt":"2025-09-18T09:31:36","slug":"art","status":"publish","type":"page","link":"https:\/\/inlingogames.com\/pl\/art\/","title":{"rendered":"Art"},"content":{"rendered":"\n\t<section class=\"section gameart mainsecttt dark\" id=\"section_2017479200\">\n\t\t<div class=\"section-bg fill\" >\n\t\t\t\t\t\t\t\t\t\n\t\t\t\n\n\t\t<\/div>\n\n\t\t\n\n\t\t<div class=\"section-content relative\">\n\t\t\t\n<div class=\"row row-full-width\"  id=\"row-2071705731\">\n\n\t<div id=\"col-1243867372\" class=\"col medium-6 small-12 large-6\"  >\n\t\t\t\t<div class=\"col-inner text-left\"  >\n\t\t\t\n\t\t\t\n<div class=\"artbigmaintext\">\n<h1 class=\"titlepgg\">Wykonujemy grafiki stosowane w grach oraz przeznaczone do marketingu tych produkcji.<\/h1>\n\t<div id=\"gap-1614888181\" class=\"gap-element clearfix\" style=\"display:block; height:auto;\">\n\t\t\n<style>\n#gap-1614888181 {\n  padding-top: 40px;\n}\n@media (min-width:550px) {\n  #gap-1614888181 {\n    padding-top: 30px;\n  }\n}\n<\/style>\n\t<\/div>\n\t\n<a href=\"#getintouch\" class=\"button primary arttransp-one\"  style=\"border-radius:16px;\">\n\t\t<span>Skontaktuj si\u0119 z nami<\/span>\n\t<\/a>\n\n<\/div>\n\t\t<\/div>\n\t\t\t\t\t<\/div>\n\n\t\n\n\t<div id=\"col-1600071277\" class=\"col hide-for-medium medium-1 small-12 large-1\"  >\n\t\t\t\t<div class=\"col-inner\"  >\n\t\t\t\n\t\t\t\n\t\t<\/div>\n\t\t\t\t\t<\/div>\n\n\t\n\n\t<div id=\"col-1938848208\" class=\"col hide-for-small medium-6 small-12 large-5\"  data-animate=\"fadeInRight\">\n\t\t\t\t<div class=\"col-inner\"  >\n\t\t\t\n\t\t\t\n<div class=\"bigrobomainbg\"><\/div>\n\t\t<\/div>\n\t\t\t\t\t<\/div>\n\n\t\n<\/div>\n\t\t<\/div>\n\n\t\t\n<style>\n#section_2017479200 {\n  padding-top: 30px;\n  padding-bottom: 30px;\n  background-color: rgb(14, 14, 14);\n}\n<\/style>\n\t<\/section>\n\t\n\n\t<section class=\"section gameart dark\" id=\"section_1541281357\">\n\t\t<div class=\"section-bg fill\" >\n\t\t\t\t\t\t\t\t\t\n\t\t\t\n\n\t\t<\/div>\n\n\t\t\n\n\t\t<div class=\"section-content relative\">\n\t\t\t\n<span class=\"scroll-to\" data-label=\"Scroll to: #genres\" data-bullet=\"false\" data-link=\"#genres\" data-title=\"Genres\" ><a name=\"genres\"><\/a><\/span>\n\t<div id=\"gap-1047675688\" class=\"gap-element clearfix\" style=\"display:block; height:auto;\">\n\t\t\n<style>\n#gap-1047675688 {\n  padding-top: 20px;\n}\n@media (min-width:550px) {\n  #gap-1047675688 {\n    padding-top: 40px;\n  }\n}\n<\/style>\n\t<\/div>\n\t\n<div class=\"row\"  id=\"row-1193037215\">\n\n\t<div id=\"col-329156806\" class=\"col medium-10 large-12\"  >\n\t\t\t\t<div class=\"col-inner text-left\"  >\n\t\t\t\n\t\t\t\n<h2>Gatunki, z kt\u00f3rymi pracujemy<\/h2>\n\t\t<\/div>\n\t\t\t\t\n<style>\n#col-329156806 > .col-inner {\n  padding: 0px 0px 0px 0px;\n}\n@media (min-width:550px) {\n  #col-329156806 > .col-inner {\n    padding: 0px 0px 0px 0px;\n  }\n}\n@media (min-width:850px) {\n  #col-329156806 > .col-inner {\n    padding: 0px 40px 0px 0px;\n  }\n}\n<\/style>\n\t<\/div>\n\n\t\n<\/div>\n<div class=\"row row-small align-equal art-small-greybanners\"  id=\"row-167588164\">\n\n\t<div id=\"col-812533066\" class=\"col greybannerstewo medium-6 small-12 large-3\"  >\n\t\t\t\t<div class=\"col-inner\"  >\n\t\t\t\n\t\t\t\n<h3 class=\"purpletwo\">Symulatory farmy i gry logiczne<\/h3>\n<p class=\"tanimate-one\">Od element\u00f3w scenografii, takich jak budynki, meble i ro\u015bliny, do otoczenia oraz ikon wykorzystuj\u0105cych grafik\u0119 rastrow\u0105 lub wektorow\u0105.<\/p>\n\t\t<\/div>\n\t\t\t\t\n<style>\n#col-812533066 > .col-inner {\n  padding: 30px 30px 10px 30px;\n}\n<\/style>\n\t<\/div>\n\n\t\n\n\t<div id=\"col-531426273\" class=\"col greybannerstewo medium-6 small-12 large-3\"  >\n\t\t\t\t<div class=\"col-inner\"  >\n\t\t\t\n\t\t\t\n<h3 class=\"purpletwo\">Powie\u015bci wizualne<\/h3>\n<p class=\"tanimate-two\">Stylizowane lub realistyczne postaci oraz t\u0142a w dowolnej scenerii, kt\u00f3re o\u017cywi\u0105 twoj\u0105 histori\u0119.<\/p>\n\t\t<\/div>\n\t\t\t\t\n<style>\n#col-531426273 > .col-inner {\n  padding: 30px 30px 10px 30px;\n}\n<\/style>\n\t<\/div>\n\n\t\n\n\t<div id=\"col-1274847209\" class=\"col greybannerstewo medium-6 small-12 large-3\"  >\n\t\t\t\t<div class=\"col-inner\"  >\n\t\t\t\n\t\t\t\n<h3 class=\"purpletwo\">Gry niezale\u017cne<\/h3>\n<p class=\"tanimate-three\">Grafiki, kt\u00f3re idealnie zwizualizuj\u0105 twoj\u0105 gr\u0119 w kr\u00f3tkim czasie.<\/p>\n\t\t<\/div>\n\t\t\t\t\n<style>\n#col-1274847209 > .col-inner {\n  padding: 30px 30px 10px 30px;\n}\n<\/style>\n\t<\/div>\n\n\t\n\n\t<div id=\"col-1801073482\" class=\"col greybannerstewo medium-6 small-12 large-3\"  >\n\t\t\t\t<div class=\"col-inner\"  >\n\t\t\t\n\t\t\t\n<h3 class=\"purpletwo\">Przygodowe gry akcji<\/h3>\n<p class=\"tanimate-four\">Od przeznaczonych dla twojego projektu grafik koncepcyjnych postaci do scen 3D z wykorzystaniem twardych powierzchni.<\/p>\n\t\t<\/div>\n\t\t\t\t\n<style>\n#col-1801073482 > .col-inner {\n  padding: 30px 30px 10px 30px;\n}\n<\/style>\n\t<\/div>\n\n\t\n<\/div>\n\t<div id=\"gap-729517859\" class=\"gap-element clearfix\" style=\"display:block; height:auto;\">\n\t\t\n<style>\n#gap-729517859 {\n  padding-top: 20px;\n}\n@media (min-width:550px) {\n  #gap-729517859 {\n    padding-top: 40px;\n  }\n}\n<\/style>\n\t<\/div>\n\t\n\t\t<\/div>\n\n\t\t\n<style>\n#section_1541281357 {\n  padding-top: 30px;\n  padding-bottom: 30px;\n  background-color: rgb(14, 14, 14);\n}\n<\/style>\n\t<\/section>\n\t\n\n\n\t<section class=\"section gameart dark\" id=\"section_1922839135\">\n\t\t<div class=\"section-bg fill\" >\n\t\t\t\t\t\t\t\t\t\n\t\t\t\n\n\t\t<\/div>\n\n\t\t\n\n\t\t<div class=\"section-content relative\">\n\t\t\t\n\t<div id=\"gap-583908055\" class=\"gap-element clearfix\" style=\"display:block; height:auto;\">\n\t\t\n<style>\n#gap-583908055 {\n  padding-top: 20px;\n}\n@media (min-width:550px) {\n  #gap-583908055 {\n    padding-top: 40px;\n  }\n}\n<\/style>\n\t<\/div>\n\t\n<div class=\"row\"  id=\"row-119495083\">\n\n\t<div id=\"col-387000260\" class=\"col medium-10 large-12\"  >\n\t\t\t\t<div class=\"col-inner text-left\"  >\n\t\t\t\n\t\t\t\n<h2>G\u0142\u00f3wne oprogramowanie, z kt\u00f3rego korzystamy<\/h2>\n\t\t<\/div>\n\t\t\t\t\n<style>\n#col-387000260 > .col-inner {\n  padding: 0px 0px 0px 0px;\n}\n@media (min-width:550px) {\n  #col-387000260 > .col-inner {\n    padding: 0px 0px 0px 0px;\n  }\n}\n@media (min-width:850px) {\n  #col-387000260 > .col-inner {\n    padding: 0px 40px 0px 0px;\n  }\n}\n<\/style>\n\t<\/div>\n\n\t\n<\/div>\n<div class=\"row row-small row-full-width align-equal align-center\"  id=\"row-452276967\">\n\n\t<div id=\"col-696460356\" class=\"col small-12 large-12\"  >\n\t\t\t\t<div class=\"col-inner\"  >\n\t\t\t\n\t\t\t\n\n<div class=\"art-slider\">\n<div class=\"art-slide-track\">\n<div class=\"art-slide\"><img decoding=\"async\" src=\"\/wp-content\/uploads\/sites\/18\/2023\/07\/artlogo1.svg\" height=\"208\" width=\"186\" alt=\"\" \/><\/div>\n<div class=\"art-slide\"><img decoding=\"async\" src=\"\/wp-content\/uploads\/sites\/18\/2023\/07\/artlogo2.svg\" height=\"208\" width=\"186\" alt=\"\" \/><\/div>\n<div class=\"art-slide\"><img decoding=\"async\" src=\"\/wp-content\/uploads\/sites\/18\/2023\/07\/artlogo3.svg\" height=\"208\" width=\"186\" alt=\"\" \/><\/div>\n<div class=\"art-slide\"><img decoding=\"async\" src=\"\/wp-content\/uploads\/sites\/18\/2023\/07\/artlogo4.svg\" height=\"208\" width=\"186\" alt=\"\" \/><\/div>\n<div class=\"art-slide\"><img decoding=\"async\" src=\"\/wp-content\/uploads\/sites\/18\/2023\/07\/artlogo5.svg\" height=\"208\" width=\"186\" alt=\"\" \/><\/div>\n<div class=\"art-slide\"><img decoding=\"async\" src=\"\/wp-content\/uploads\/sites\/18\/2023\/07\/artlogo6.svg\" height=\"208\" width=\"186\" alt=\"\" \/><\/div>\n<div class=\"art-slide\"><img decoding=\"async\" src=\"\/wp-content\/uploads\/sites\/18\/2023\/07\/artlogo7.svg\" height=\"208\" width=\"186\" alt=\"\" \/><\/div>\n<div class=\"art-slide\"><img decoding=\"async\" src=\"\/wp-content\/uploads\/sites\/18\/2023\/07\/artlogo8.svg\" height=\"208\" width=\"186\" alt=\"\" \/><\/div>\n<div class=\"art-slide\"><img decoding=\"async\" src=\"\/wp-content\/uploads\/sites\/18\/2023\/07\/artlogo1.svg\" height=\"208\" width=\"186\" alt=\"\" \/><\/div>\n<div class=\"art-slide\"><img decoding=\"async\" src=\"\/wp-content\/uploads\/sites\/18\/2023\/07\/artlogo2.svg\" height=\"208\" width=\"186\" alt=\"\" \/><\/div>\n<div class=\"art-slide\"><img decoding=\"async\" src=\"\/wp-content\/uploads\/sites\/18\/2023\/07\/artlogo3.svg\" height=\"208\" width=\"186\" alt=\"\" \/><\/div>\n<div class=\"art-slide\"><img decoding=\"async\" src=\"\/wp-content\/uploads\/sites\/18\/2023\/07\/artlogo4.svg\" height=\"208\" width=\"186\" alt=\"\" \/><\/div>\n<div class=\"art-slide\"><img decoding=\"async\" src=\"\/wp-content\/uploads\/sites\/18\/2023\/07\/artlogo5.svg\" height=\"208\" width=\"186\" alt=\"\" \/><\/div>\n<div class=\"art-slide\"><img decoding=\"async\" src=\"\/wp-content\/uploads\/sites\/18\/2023\/07\/artlogo6.svg\" height=\"208\" width=\"186\" alt=\"\" \/><\/div>\n<div class=\"art-slide\"><img decoding=\"async\" src=\"\/wp-content\/uploads\/sites\/18\/2023\/07\/artlogo7.svg\" height=\"208\" width=\"186\" alt=\"\" \/><\/div>\n<div class=\"art-slide\"><img decoding=\"async\" src=\"\/wp-content\/uploads\/sites\/18\/2023\/07\/artlogo8.svg\" height=\"208\" width=\"186\" alt=\"\" \/><\/div>\n<\/div>\n<\/div>\n\n\t\t<\/div>\n\t\t\t\t\t<\/div>\n\n\t\n<\/div>\n\t<div id=\"gap-473077927\" class=\"gap-element clearfix\" style=\"display:block; height:auto;\">\n\t\t\n<style>\n#gap-473077927 {\n  padding-top: 20px;\n}\n@media (min-width:550px) {\n  #gap-473077927 {\n    padding-top: 40px;\n  }\n}\n<\/style>\n\t<\/div>\n\t\n\t\t<\/div>\n\n\t\t\n<style>\n#section_1922839135 {\n  padding-top: 30px;\n  padding-bottom: 30px;\n  background-color: rgb(14, 14, 14);\n}\n<\/style>\n\t<\/section>\n\t\n\n\t<section class=\"section dark\" id=\"section_1083432209\">\n\t\t<div class=\"section-bg fill\" >\n\t\t\t\t\t\t\t\t\t\n\t\t\t\n\n\t\t<\/div>\n\n\t\t\n\n\t\t<div class=\"section-content relative\">\n\t\t\t\n<span class=\"scroll-to\" data-label=\"Scroll to: #getintouch\" data-bullet=\"false\" data-link=\"#getintouch\" data-title=\"Get in touch\" ><a name=\"getintouch\"><\/a><\/span>\n<div class=\"row align-equal\"  id=\"row-521964727\">\n\n\t<div id=\"col-561991749\" class=\"col medium-12 small-12 large-6\"  >\n\t\t\t\t<div class=\"col-inner text-left\"  >\n\t\t\t\n\t\t\t\n\n  <div class=\"banner has-hover gagetintouch-banner\" id=\"banner-25070617\">\n          <div class=\"banner-inner fill\">\n        <div class=\"banner-bg fill\" >\n            <img decoding=\"async\" width=\"1200\" height=\"945\" src=\"https:\/\/inlingogames.com\/pl\/wp-content\/uploads\/sites\/18\/2023\/07\/geint.jpeg\" class=\"bg attachment-original size-original\" alt=\"\" \/>                        <div class=\"overlay\"><\/div>            \n                    <\/div>\n\t\t\n        <div class=\"banner-layers container\">\n            <div class=\"fill banner-link\"><\/div>            \n   <div id=\"text-box-328468233\" class=\"text-box banner-layer x5 md-x5 lg-x5 y5 md-y5 lg-y5 res-text\">\n                                <div class=\"text-box-content text dark\">\n              \n              <div class=\"text-inner text-center\">\n                  \n\t<div id=\"text-2455873015\" class=\"text\">\n\t\t\n<h4>Skontaktuj si\u0119 z nami<\/h4>\n<p>Palliser House Palliser Road, Second Floor,<br \/> London, England, W14 9EB<\/p>\n<p>Email: <a href=\"mailto:order@inlingoart.com\">order@inlingoart.com<\/a><\/p>\n\t\t\n<style>\n#text-2455873015 {\n  text-align: left;\n}\n<\/style>\n\t<\/div>\n\t\n              <\/div>\n           <\/div>\n                            \n<style>\n#text-box-328468233 {\n  width: 90%;\n}\n#text-box-328468233 .text-box-content {\n  font-size: 100%;\n}\n@media (min-width:550px) {\n  #text-box-328468233 {\n    width: 63%;\n  }\n}\n<\/style>\n    <\/div>\n \n        <\/div>\n      <\/div>\n\n            \n<style>\n#banner-25070617 {\n  padding-top: 450px;\n}\n#banner-25070617 .overlay {\n  background-color: rgba(91, 19, 191, 0.74);\n}\n@media (min-width:850px) {\n  #banner-25070617 {\n    padding-top: 500px;\n  }\n}\n<\/style>\n  <\/div>\n\n\n\t\t<\/div>\n\t\t\t\t\t<\/div>\n\n\t\n\n\t<div id=\"col-646751676\" class=\"col medium-12 small-12 large-6\"  >\n\t\t\t\t<div class=\"col-inner\"  >\n\t\t\t\n\t\t\t\n\n  <div class=\"banner has-hover gagetintouch-banner withgaform\" id=\"banner-2139788807\">\n          <div class=\"banner-inner fill\">\n        <div class=\"banner-bg fill\" >\n                                    <div class=\"overlay\"><\/div>            \n                    <\/div>\n\t\t\n        <div class=\"banner-layers container\">\n            <div class=\"fill banner-link\"><\/div>            \n<div class=\"artform-blck\">\n\n<div class=\"wpcf7 no-js\" id=\"wpcf7-f5713-o1\" lang=\"en-US\" dir=\"ltr\" data-wpcf7-id=\"5713\">\n<div class=\"screen-reader-response\"><p role=\"status\" aria-live=\"polite\" aria-atomic=\"true\"><\/p> <ul><\/ul><\/div>\n<form action=\"\/pl\/wp-json\/wp\/v2\/pages\/3417#wpcf7-f5713-o1\" method=\"post\" class=\"wpcf7-form init\" aria-label=\"Contact form\" novalidate=\"novalidate\" data-status=\"init\">\n<div style=\"display: none;\">\n<input type=\"hidden\" name=\"_wpcf7\" value=\"5713\" \/>\n<input type=\"hidden\" name=\"_wpcf7_version\" value=\"6.0.5\" \/>\n<input type=\"hidden\" name=\"_wpcf7_locale\" value=\"en_US\" \/>\n<input type=\"hidden\" name=\"_wpcf7_unit_tag\" value=\"wpcf7-f5713-o1\" \/>\n<input type=\"hidden\" name=\"_wpcf7_container_post\" value=\"0\" \/>\n<input type=\"hidden\" name=\"_wpcf7_posted_data_hash\" value=\"\" \/>\n<input type=\"hidden\" name=\"_uacf7_hidden_conditional_fields\" value=\"\" \/>\n<\/div>\n<div class=\"uacf7-form-5713  \"><div class=\"inlingo-form artgetform\">\n<label><span class=\"lbl\">Tw\u00f3j adres e-mail:<\/span>\n    <span class=\"wpcf7-form-control-wrap\" data-name=\"your-email\"><input size=\"40\" maxlength=\"400\" class=\"wpcf7-form-control wpcf7-email wpcf7-validates-as-required wpcf7-text wpcf7-validates-as-email\" autocomplete=\"email\" aria-required=\"true\" aria-invalid=\"false\" value=\"\" type=\"email\" name=\"your-email\" \/><\/span> <\/label>\n\n<label><span class=\"lbl\">Powiedz nam, w czym potrzebujesz pomocy:<\/span>\n    <span class=\"wpcf7-form-control-wrap\" data-name=\"your-message\"><textarea cols=\"40\" rows=\"10\" maxlength=\"2000\" class=\"wpcf7-form-control wpcf7-textarea wpcf7-validates-as-required\" aria-required=\"true\" aria-invalid=\"false\" placeholder=\"Wprowad\u017a komentarz\" name=\"your-message\"><\/textarea><\/span> <\/label>\n\n<span id=\"wpcf7-69d3b09f53e8e-wrapper\" class=\"wpcf7-form-control-wrap zipcode-wrap\" style=\"display:none !important; visibility:hidden !important;\"><label for=\"wpcf7-69d3b09f53e8e-field\" class=\"hp-message\">Please leave this field empty.<\/label><input id=\"wpcf7-69d3b09f53e8e-field\"  class=\"wpcf7-form-control wpcf7-text\" type=\"text\" name=\"zipcode\" value=\"\" size=\"40\" tabindex=\"-1\" autocomplete=\"new-password\" \/><\/span>\n<\/div>\n\n<div class=\"form-button artbuttn-trans\">\n<input class=\"wpcf7-form-control wpcf7-submit has-spinner\" type=\"submit\" value=\"Wy\u015blij teraz\" \/>\n<\/div><\/div><input type=\"hidden\" id=\"ct_checkjs_cf7_e1e32e235eee1f970470a3a6658dfdd5\" name=\"ct_checkjs_cf7\" value=\"0\" \/><script >setTimeout(function(){var ct_input_name = \"ct_checkjs_cf7_e1e32e235eee1f970470a3a6658dfdd5\";if (document.getElementById(ct_input_name) !== null) {var ct_input_value = document.getElementById(ct_input_name).value;document.getElementById(ct_input_name).value = document.getElementById(ct_input_name).value.replace(ct_input_value, '62bc940be2a3e5cf5922df3509db99716c165df6a6dec40a310453ada0d696b6');}}, 1000);<\/script><label class=\"apbct_special_field\" id=\"apbct_label_id10070\" for=\"apbct__email_id__wp_contact_form_7_10070\">10070<\/label><input \n        id=\"apbct__email_id__wp_contact_form_7_10070\" \n        class=\"apbct_special_field apbct__email_id__wp_contact_form_7\"\n        autocomplete=\"off\" \n        name=\"apbct__email_id__wp_contact_form_7_10070\"  \n        type=\"text\" \n        value=\"10070\" \n        size=\"30\" \n        apbct_event_id=\"10070\"\n        maxlength=\"200\" \n    \/><input \n        id=\"apbct_event_id\"\n        class=\"apbct_special_field\"\n        name=\"apbct_event_id\"\n        type=\"hidden\" \n        value=\"10070\" \n            \/><p style=\"display: none !important;\" class=\"akismet-fields-container\" data-prefix=\"_wpcf7_ak_\"><label>&#916;<textarea name=\"_wpcf7_ak_hp_textarea\" cols=\"45\" rows=\"8\" maxlength=\"100\"><\/textarea><\/label><input type=\"hidden\" id=\"ak_js_1\" name=\"_wpcf7_ak_js\" value=\"182\"\/><script>document.getElementById( \"ak_js_1\" ).setAttribute( \"value\", ( new Date() ).getTime() );<\/script><\/p><div class=\"wpcf7-response-output\" aria-hidden=\"true\"><\/div>\n<\/form>\n<\/div>\n\n<\/div>\n        <\/div>\n      <\/div>\n\n            \n<style>\n#banner-2139788807 {\n  padding-top: 570px;\n}\n#banner-2139788807 .overlay {\n  background-color: rgba(29, 29, 29, 1);\n}\n@media (min-width:550px) {\n  #banner-2139788807 {\n    padding-top: 570px;\n  }\n}\n@media (min-width:850px) {\n  #banner-2139788807 {\n    padding-top: 500px;\n  }\n}\n<\/style>\n  <\/div>\n\n\n\t\t<\/div>\n\t\t\t\t\t<\/div>\n\n\t\n<\/div>\n\t<div id=\"gap-591431943\" class=\"gap-element clearfix\" style=\"display:block; height:auto;\">\n\t\t\n<style>\n#gap-591431943 {\n  padding-top: 20px;\n}\n@media (min-width:550px) {\n  #gap-591431943 {\n    padding-top: 50px;\n  }\n}\n<\/style>\n\t<\/div>\n\t\n\t\t<\/div>\n\n\t\t\n<style>\n#section_1083432209 {\n  padding-top: 30px;\n  padding-bottom: 30px;\n  background-color: rgb(14, 14, 14);\n}\n<\/style>\n\t<\/section>\n\t\n","protected":false},"excerpt":{"rendered":"","protected":false},"author":1,"featured_media":9054,"parent":0,"menu_order":0,"comment_status":"closed","ping_status":"closed","template":"main-template-header-footer.php","meta":{"footnotes":""},"class_list":["post-3417","page","type-page","status-publish","has-post-thumbnail","hentry"],"yoast_head":"<!-- This site is optimized with the Yoast SEO plugin v24.7 - https:\/\/yoast.com\/wordpress\/plugins\/seo\/ -->\n<title>Us\u0142ugi outsourcingu grafiki do gier - studio graficzne gier wideo i mobilnych<\/title>\n<meta name=\"description\" content=\"Tworzymy projekty graficzne i marketingowe dla gier wideo - farm i \u0142amig\u0142\u00f3wek, powie\u015bci wizualnych, gier niezale\u017cnych i nie tylko.\" \/>\n<meta name=\"robots\" content=\"index, follow, max-snippet:-1, max-image-preview:large, max-video-preview:-1\" \/>\n<link rel=\"canonical\" href=\"https:\/\/inlingogames.com\/pl\/art\/\" \/>\n<meta property=\"og:locale\" content=\"en_US\" \/>\n<meta property=\"og:type\" content=\"article\" \/>\n<meta property=\"og:title\" content=\"Us\u0142ugi outsourcingu grafiki do gier - studio graficzne gier wideo i mobilnych\" \/>\n<meta property=\"og:description\" content=\"Tworzymy projekty graficzne i marketingowe dla gier wideo - farm i \u0142amig\u0142\u00f3wek, powie\u015bci wizualnych, gier niezale\u017cnych i nie tylko.\" \/>\n<meta property=\"og:url\" content=\"https:\/\/inlingogames.com\/pl\/art\/\" \/>\n<meta property=\"og:site_name\" content=\"INLINGO \u2013 Gamedev Outsourcing Studios PL\" \/>\n<meta property=\"article:modified_time\" content=\"2025-09-18T09:31:36+00:00\" \/>\n<meta property=\"og:image\" content=\"https:\/\/inlingogames.com\/pl\/wp-content\/uploads\/sites\/18\/2025\/04\/Art_PL.jpg\" \/>\n\t<meta property=\"og:image:width\" content=\"1200\" \/>\n\t<meta property=\"og:image:height\" content=\"630\" \/>\n\t<meta property=\"og:image:type\" content=\"image\/jpeg\" \/>\n<meta name=\"twitter:card\" content=\"summary_large_image\" \/>\n<meta name=\"twitter:label1\" content=\"Est. reading time\" \/>\n\t<meta name=\"twitter:data1\" content=\"6 minutes\" \/>\n<!-- \/ Yoast SEO plugin. -->","yoast_head_json":{"title":"Us\u0142ugi outsourcingu grafiki do gier - studio graficzne gier wideo i mobilnych","description":"Tworzymy projekty graficzne i marketingowe dla gier wideo - farm i \u0142amig\u0142\u00f3wek, powie\u015bci wizualnych, gier niezale\u017cnych i nie tylko.","robots":{"index":"index","follow":"follow","max-snippet":"max-snippet:-1","max-image-preview":"max-image-preview:large","max-video-preview":"max-video-preview:-1"},"canonical":"https:\/\/inlingogames.com\/pl\/art\/","og_locale":"en_US","og_type":"article","og_title":"Us\u0142ugi outsourcingu grafiki do gier - studio graficzne gier wideo i mobilnych","og_description":"Tworzymy projekty graficzne i marketingowe dla gier wideo - farm i \u0142amig\u0142\u00f3wek, powie\u015bci wizualnych, gier niezale\u017cnych i nie tylko.","og_url":"https:\/\/inlingogames.com\/pl\/art\/","og_site_name":"INLINGO \u2013 Gamedev Outsourcing Studios PL","article_modified_time":"2025-09-18T09:31:36+00:00","og_image":[{"width":1200,"height":630,"url":"https:\/\/inlingogames.com\/pl\/wp-content\/uploads\/sites\/18\/2025\/04\/Art_PL.jpg","type":"image\/jpeg"}],"twitter_card":"summary_large_image","twitter_misc":{"Est. reading time":"6 minutes"},"schema":{"@context":"https:\/\/schema.org","@graph":[{"@type":"WebPage","@id":"https:\/\/inlingogames.com\/pl\/art\/","url":"https:\/\/inlingogames.com\/pl\/art\/","name":"Us\u0142ugi outsourcingu grafiki do gier - studio graficzne gier wideo i mobilnych","isPartOf":{"@id":"https:\/\/inlingogames.com\/pl\/#website"},"primaryImageOfPage":{"@id":"https:\/\/inlingogames.com\/pl\/art\/#primaryimage"},"image":{"@id":"https:\/\/inlingogames.com\/pl\/art\/#primaryimage"},"thumbnailUrl":"https:\/\/inlingogames.com\/pl\/wp-content\/uploads\/sites\/18\/2025\/04\/Art_PL.jpg","datePublished":"2023-05-11T09:51:08+00:00","dateModified":"2025-09-18T09:31:36+00:00","description":"Tworzymy projekty graficzne i marketingowe dla gier wideo - farm i \u0142amig\u0142\u00f3wek, powie\u015bci wizualnych, gier niezale\u017cnych i nie tylko.","breadcrumb":{"@id":"https:\/\/inlingogames.com\/pl\/art\/#breadcrumb"},"inLanguage":"en-US","potentialAction":[{"@type":"ReadAction","target":["https:\/\/inlingogames.com\/pl\/art\/"]}]},{"@type":"ImageObject","inLanguage":"en-US","@id":"https:\/\/inlingogames.com\/pl\/art\/#primaryimage","url":"https:\/\/inlingogames.com\/pl\/wp-content\/uploads\/sites\/18\/2025\/04\/Art_PL.jpg","contentUrl":"https:\/\/inlingogames.com\/pl\/wp-content\/uploads\/sites\/18\/2025\/04\/Art_PL.jpg","width":1200,"height":630},{"@type":"BreadcrumbList","@id":"https:\/\/inlingogames.com\/pl\/art\/#breadcrumb","itemListElement":[{"@type":"ListItem","position":1,"name":"Home","item":"https:\/\/inlingogames.com\/pl\/"},{"@type":"ListItem","position":2,"name":"Art"}]},{"@type":"WebSite","@id":"https:\/\/inlingogames.com\/pl\/#website","url":"https:\/\/inlingogames.com\/pl\/","name":"INLINGO \u2013 Gamedev Outsourcing Studios PL","description":"","potentialAction":[{"@type":"SearchAction","target":{"@type":"EntryPoint","urlTemplate":"https:\/\/inlingogames.com\/pl\/?s={search_term_string}"},"query-input":{"@type":"PropertyValueSpecification","valueRequired":true,"valueName":"search_term_string"}}],"inLanguage":"en-US"}]}},"_links":{"self":[{"href":"https:\/\/inlingogames.com\/pl\/wp-json\/wp\/v2\/pages\/3417","targetHints":{"allow":["GET"]}}],"collection":[{"href":"https:\/\/inlingogames.com\/pl\/wp-json\/wp\/v2\/pages"}],"about":[{"href":"https:\/\/inlingogames.com\/pl\/wp-json\/wp\/v2\/types\/page"}],"author":[{"embeddable":true,"href":"https:\/\/inlingogames.com\/pl\/wp-json\/wp\/v2\/users\/1"}],"replies":[{"embeddable":true,"href":"https:\/\/inlingogames.com\/pl\/wp-json\/wp\/v2\/comments?post=3417"}],"version-history":[{"count":87,"href":"https:\/\/inlingogames.com\/pl\/wp-json\/wp\/v2\/pages\/3417\/revisions"}],"predecessor-version":[{"id":9110,"href":"https:\/\/inlingogames.com\/pl\/wp-json\/wp\/v2\/pages\/3417\/revisions\/9110"}],"wp:featuredmedia":[{"embeddable":true,"href":"https:\/\/inlingogames.com\/pl\/wp-json\/wp\/v2\/media\/9054"}],"wp:attachment":[{"href":"https:\/\/inlingogames.com\/pl\/wp-json\/wp\/v2\/media?parent=3417"}],"curies":[{"name":"wp","href":"https:\/\/api.w.org\/{rel}","templated":true}]}}