{"id":3417,"date":"2023-05-11T09:51:08","date_gmt":"2023-05-11T09:51:08","guid":{"rendered":"https:\/\/inlingogames.com\/\/?page_id=3417"},"modified":"2025-09-18T09:42:05","modified_gmt":"2025-09-18T09:42:05","slug":"art","status":"publish","type":"page","link":"https:\/\/inlingogames.com\/sv\/art\/","title":{"rendered":"Art"},"content":{"rendered":"\n\t<section class=\"section gameart mainsecttt dark\" id=\"section_1335268770\">\n\t\t<div class=\"section-bg fill\" >\n\t\t\t\t\t\t\t\t\t\n\t\t\t\n\n\t\t<\/div>\n\n\t\t\n\n\t\t<div class=\"section-content relative\">\n\t\t\t\n<div class=\"row row-full-width\"  id=\"row-1999813461\">\n\n\t<div id=\"col-574857726\" class=\"col medium-6 small-12 large-6\"  >\n\t\t\t\t<div class=\"col-inner text-left\"  >\n\t\t\t\n\t\t\t\n<div class=\"artbigmaintext\">\n<h1 class=\"titlepgg\">Vi skapar konst f\u00f6r marknadsf\u00f6ring av och anv\u00e4ndning i spel<\/h1>\n\t<div id=\"gap-1714397267\" class=\"gap-element clearfix\" style=\"display:block; height:auto;\">\n\t\t\n<style>\n#gap-1714397267 {\n  padding-top: 40px;\n}\n@media (min-width:550px) {\n  #gap-1714397267 {\n    padding-top: 30px;\n  }\n}\n<\/style>\n\t<\/div>\n\t\n<a href=\"#getintouch\" class=\"button primary arttransp-one\"  style=\"border-radius:16px;\">\n\t\t<span>Ta kontakt med oss<\/span>\n\t<\/a>\n\n<\/div>\n\t\t<\/div>\n\t\t\t\t\t<\/div>\n\n\t\n\n\t<div id=\"col-706495607\" class=\"col hide-for-medium medium-1 small-12 large-1\"  >\n\t\t\t\t<div class=\"col-inner\"  >\n\t\t\t\n\t\t\t\n\t\t<\/div>\n\t\t\t\t\t<\/div>\n\n\t\n\n\t<div id=\"col-233311988\" class=\"col hide-for-small medium-6 small-12 large-5\"  data-animate=\"fadeInRight\">\n\t\t\t\t<div class=\"col-inner\"  >\n\t\t\t\n\t\t\t\n<div class=\"bigrobomainbg\"><\/div>\n\t\t<\/div>\n\t\t\t\t\t<\/div>\n\n\t\n<\/div>\n\t\t<\/div>\n\n\t\t\n<style>\n#section_1335268770 {\n  padding-top: 30px;\n  padding-bottom: 30px;\n  background-color: rgb(14, 14, 14);\n}\n<\/style>\n\t<\/section>\n\t\n\n\t<section class=\"section gameart dark\" id=\"section_70184723\">\n\t\t<div class=\"section-bg fill\" >\n\t\t\t\t\t\t\t\t\t\n\t\t\t\n\n\t\t<\/div>\n\n\t\t\n\n\t\t<div class=\"section-content relative\">\n\t\t\t\n<span class=\"scroll-to\" data-label=\"Scroll to: #genres\" data-bullet=\"false\" data-link=\"#genres\" data-title=\"Genres\" ><a name=\"genres\"><\/a><\/span>\n\t<div id=\"gap-708940520\" class=\"gap-element clearfix\" style=\"display:block; height:auto;\">\n\t\t\n<style>\n#gap-708940520 {\n  padding-top: 20px;\n}\n@media (min-width:550px) {\n  #gap-708940520 {\n    padding-top: 40px;\n  }\n}\n<\/style>\n\t<\/div>\n\t\n<div class=\"row\"  id=\"row-534139302\">\n\n\t<div id=\"col-349152038\" class=\"col medium-10 large-12\"  >\n\t\t\t\t<div class=\"col-inner text-left\"  >\n\t\t\t\n\t\t\t\n<h2>Genrer vi jobbar med<\/h2>\n\t\t<\/div>\n\t\t\t\t\n<style>\n#col-349152038 > .col-inner {\n  padding: 0px 0px 0px 0px;\n}\n@media (min-width:550px) {\n  #col-349152038 > .col-inner {\n    padding: 0px 0px 0px 0px;\n  }\n}\n@media (min-width:850px) {\n  #col-349152038 > .col-inner {\n    padding: 0px 40px 0px 0px;\n  }\n}\n<\/style>\n\t<\/div>\n\n\t\n<\/div>\n<div class=\"row row-small align-equal art-small-greybanners\"  id=\"row-734444364\">\n\n\t<div id=\"col-1775661646\" class=\"col greybannerstewo medium-6 small-12 large-3\"  >\n\t\t\t\t<div class=\"col-inner\"  >\n\t\t\t\n\t\t\t\n<h3 class=\"purpletwo\">Jordbruk och pussel<\/h3>\n<p class=\"tanimate-one\">Fr\u00e5n scentillg\u00e5ngar som byggnader, m\u00f6bler och v\u00e4xter till bakgrundsbr\u00e4den och ikoner i raster eller vektor.<\/p>\n\t\t<\/div>\n\t\t\t\t\n<style>\n#col-1775661646 > .col-inner {\n  padding: 30px 30px 10px 30px;\n}\n<\/style>\n\t<\/div>\n\n\t\n\n\t<div id=\"col-625503991\" class=\"col greybannerstewo medium-6 small-12 large-3\"  >\n\t\t\t\t<div class=\"col-inner\"  >\n\t\t\t\n\t\t\t\n<h3 class=\"purpletwo\">Visuella romaner<\/h3>\n<p class=\"tanimate-two\">Stiliserade eller realistiska karakt\u00e4rer och bakgrunder i just den milj\u00f6 som kan liva upp er ber\u00e4ttelse.<\/p>\n\t\t<\/div>\n\t\t\t\t\n<style>\n#col-625503991 > .col-inner {\n  padding: 30px 30px 10px 30px;\n}\n<\/style>\n\t<\/div>\n\n\t\n\n\t<div id=\"col-1524028337\" class=\"col greybannerstewo medium-6 small-12 large-3\"  >\n\t\t\t\t<div class=\"col-inner\"  >\n\t\t\t\n\t\t\t\n<h3 class=\"purpletwo\">Indiespel<\/h3>\n<p class=\"tanimate-three\">Konst som kan visualisera er titel perfekt p\u00e5 kort tid.<\/p>\n\t\t<\/div>\n\t\t\t\t\n<style>\n#col-1524028337 > .col-inner {\n  padding: 30px 30px 10px 30px;\n}\n<\/style>\n\t<\/div>\n\n\t\n\n\t<div id=\"col-1390783666\" class=\"col greybannerstewo medium-6 small-12 large-3\"  >\n\t\t\t\t<div class=\"col-inner\"  >\n\t\t\t\n\t\t\t\n<h3 class=\"purpletwo\">Action\/\u00e4ventyr<\/h3>\n<p class=\"tanimate-four\">Fr\u00e5n koncept f\u00f6r era karakt\u00e4rer till 3D-scener med h\u00e5rd yta till ert projekt.<\/p>\n\t\t<\/div>\n\t\t\t\t\n<style>\n#col-1390783666 > .col-inner {\n  padding: 30px 30px 10px 30px;\n}\n<\/style>\n\t<\/div>\n\n\t\n<\/div>\n\t<div id=\"gap-534753961\" class=\"gap-element clearfix\" style=\"display:block; height:auto;\">\n\t\t\n<style>\n#gap-534753961 {\n  padding-top: 20px;\n}\n@media (min-width:550px) {\n  #gap-534753961 {\n    padding-top: 40px;\n  }\n}\n<\/style>\n\t<\/div>\n\t\n\t\t<\/div>\n\n\t\t\n<style>\n#section_70184723 {\n  padding-top: 30px;\n  padding-bottom: 30px;\n  background-color: rgb(14, 14, 14);\n}\n<\/style>\n\t<\/section>\n\t\n\n\n\t<section class=\"section gameart dark\" id=\"section_1967834006\">\n\t\t<div class=\"section-bg fill\" >\n\t\t\t\t\t\t\t\t\t\n\t\t\t\n\n\t\t<\/div>\n\n\t\t\n\n\t\t<div class=\"section-content relative\">\n\t\t\t\n\t<div id=\"gap-1969969544\" class=\"gap-element clearfix\" style=\"display:block; height:auto;\">\n\t\t\n<style>\n#gap-1969969544 {\n  padding-top: 20px;\n}\n@media (min-width:550px) {\n  #gap-1969969544 {\n    padding-top: 40px;\n  }\n}\n<\/style>\n\t<\/div>\n\t\n<div class=\"row\"  id=\"row-1051153723\">\n\n\t<div id=\"col-1100816643\" class=\"col medium-10 large-12\"  >\n\t\t\t\t<div class=\"col-inner text-left\"  >\n\t\t\t\n\t\t\t\n<h2>Programvaran vi huvudsakligen anv\u00e4nder<\/h2>\n\t\t<\/div>\n\t\t\t\t\n<style>\n#col-1100816643 > .col-inner {\n  padding: 0px 0px 0px 0px;\n}\n@media (min-width:550px) {\n  #col-1100816643 > .col-inner {\n    padding: 0px 0px 0px 0px;\n  }\n}\n@media (min-width:850px) {\n  #col-1100816643 > .col-inner {\n    padding: 0px 40px 0px 0px;\n  }\n}\n<\/style>\n\t<\/div>\n\n\t\n<\/div>\n<div class=\"row row-small row-full-width align-equal align-center\"  id=\"row-496063201\">\n\n\t<div id=\"col-650041442\" class=\"col small-12 large-12\"  >\n\t\t\t\t<div class=\"col-inner\"  >\n\t\t\t\n\t\t\t\n\n<div class=\"art-slider\">\n<div class=\"art-slide-track\">\n<div class=\"art-slide\"><img decoding=\"async\" src=\"\/wp-content\/uploads\/sites\/20\/2023\/07\/artlogo1.svg\" height=\"208\" width=\"186\" alt=\"\" \/><\/div>\n<div class=\"art-slide\"><img decoding=\"async\" src=\"\/wp-content\/uploads\/sites\/20\/2023\/07\/artlogo2.svg\" height=\"208\" width=\"186\" alt=\"\" \/><\/div>\n<div class=\"art-slide\"><img decoding=\"async\" src=\"\/wp-content\/uploads\/sites\/20\/2023\/07\/artlogo3.svg\" height=\"208\" width=\"186\" alt=\"\" \/><\/div>\n<div class=\"art-slide\"><img decoding=\"async\" src=\"\/wp-content\/uploads\/sites\/20\/2023\/07\/artlogo4.svg\" height=\"208\" width=\"186\" alt=\"\" \/><\/div>\n<div class=\"art-slide\"><img decoding=\"async\" src=\"\/wp-content\/uploads\/sites\/20\/2023\/07\/artlogo5.svg\" height=\"208\" width=\"186\" alt=\"\" \/><\/div>\n<div class=\"art-slide\"><img decoding=\"async\" src=\"\/wp-content\/uploads\/sites\/20\/2023\/07\/artlogo6.svg\" height=\"208\" width=\"186\" alt=\"\" \/><\/div>\n<div class=\"art-slide\"><img decoding=\"async\" src=\"\/wp-content\/uploads\/sites\/20\/2023\/07\/artlogo7.svg\" height=\"208\" width=\"186\" alt=\"\" \/><\/div>\n<div class=\"art-slide\"><img decoding=\"async\" src=\"\/wp-content\/uploads\/sites\/20\/2023\/07\/artlogo8.svg\" height=\"208\" width=\"186\" alt=\"\" \/><\/div>\n<div class=\"art-slide\"><img decoding=\"async\" src=\"\/wp-content\/uploads\/sites\/20\/2023\/07\/artlogo1.svg\" height=\"208\" width=\"186\" alt=\"\" \/><\/div>\n<div class=\"art-slide\"><img decoding=\"async\" src=\"\/wp-content\/uploads\/sites\/20\/2023\/07\/artlogo2.svg\" height=\"208\" width=\"186\" alt=\"\" \/><\/div>\n<div class=\"art-slide\"><img decoding=\"async\" src=\"\/wp-content\/uploads\/sites\/20\/2023\/07\/artlogo3.svg\" height=\"208\" width=\"186\" alt=\"\" \/><\/div>\n<div class=\"art-slide\"><img decoding=\"async\" src=\"\/wp-content\/uploads\/sites\/20\/2023\/07\/artlogo4.svg\" height=\"208\" width=\"186\" alt=\"\" \/><\/div>\n<div class=\"art-slide\"><img decoding=\"async\" src=\"\/wp-content\/uploads\/sites\/20\/2023\/07\/artlogo5.svg\" height=\"208\" width=\"186\" alt=\"\" \/><\/div>\n<div class=\"art-slide\"><img decoding=\"async\" src=\"\/wp-content\/uploads\/sites\/20\/2023\/07\/artlogo6.svg\" height=\"208\" width=\"186\" alt=\"\" \/><\/div>\n<div class=\"art-slide\"><img decoding=\"async\" src=\"\/wp-content\/uploads\/sites\/20\/2023\/07\/artlogo7.svg\" height=\"208\" width=\"186\" alt=\"\" \/><\/div>\n<div class=\"art-slide\"><img decoding=\"async\" src=\"\/wp-content\/uploads\/sites\/20\/2023\/07\/artlogo8.svg\" height=\"208\" width=\"186\" alt=\"\" \/><\/div>\n<\/div>\n<\/div>\n\n\t\t<\/div>\n\t\t\t\t\t<\/div>\n\n\t\n<\/div>\n\t<div id=\"gap-1133756793\" class=\"gap-element clearfix\" style=\"display:block; height:auto;\">\n\t\t\n<style>\n#gap-1133756793 {\n  padding-top: 20px;\n}\n@media (min-width:550px) {\n  #gap-1133756793 {\n    padding-top: 40px;\n  }\n}\n<\/style>\n\t<\/div>\n\t\n\t\t<\/div>\n\n\t\t\n<style>\n#section_1967834006 {\n  padding-top: 30px;\n  padding-bottom: 30px;\n  background-color: rgb(14, 14, 14);\n}\n<\/style>\n\t<\/section>\n\t\n\n\t<section class=\"section dark\" id=\"section_918385003\">\n\t\t<div class=\"section-bg fill\" >\n\t\t\t\t\t\t\t\t\t\n\t\t\t\n\n\t\t<\/div>\n\n\t\t\n\n\t\t<div class=\"section-content relative\">\n\t\t\t\n<span class=\"scroll-to\" data-label=\"Scroll to: #getintouch\" data-bullet=\"false\" data-link=\"#getintouch\" data-title=\"Get in touch\" ><a name=\"getintouch\"><\/a><\/span>\n<div class=\"row align-equal\"  id=\"row-1842704202\">\n\n\t<div id=\"col-297717997\" class=\"col medium-12 small-12 large-6\"  >\n\t\t\t\t<div class=\"col-inner text-left\"  >\n\t\t\t\n\t\t\t\n\n  <div class=\"banner has-hover gagetintouch-banner\" id=\"banner-1348657557\">\n          <div class=\"banner-inner fill\">\n        <div class=\"banner-bg fill\" >\n            <img decoding=\"async\" width=\"1200\" height=\"945\" src=\"https:\/\/inlingogames.com\/sv\/wp-content\/uploads\/sites\/20\/2023\/07\/geint.jpeg\" class=\"bg attachment-original size-original\" alt=\"\" \/>                        <div class=\"overlay\"><\/div>            \n                    <\/div>\n\t\t\n        <div class=\"banner-layers container\">\n            <div class=\"fill banner-link\"><\/div>            \n   <div id=\"text-box-867600456\" class=\"text-box banner-layer x5 md-x5 lg-x5 y5 md-y5 lg-y5 res-text\">\n                                <div class=\"text-box-content text dark\">\n              \n              <div class=\"text-inner text-center\">\n                  \n\t<div id=\"text-1038936326\" class=\"text\">\n\t\t\n<h4>Ta kontakt med oss<\/h4>\n<p>Palliser House Palliser Road, Second Floor,<br \/> London, England, W14 9EB<\/p>\n<p>Email: <a href=\"mailto:order@inlingoart.com\">order@inlingoart.com<\/a><\/p>\n\t\t\n<style>\n#text-1038936326 {\n  text-align: left;\n}\n<\/style>\n\t<\/div>\n\t\n              <\/div>\n           <\/div>\n                            \n<style>\n#text-box-867600456 {\n  width: 90%;\n}\n#text-box-867600456 .text-box-content {\n  font-size: 100%;\n}\n@media (min-width:550px) {\n  #text-box-867600456 {\n    width: 63%;\n  }\n}\n<\/style>\n    <\/div>\n \n        <\/div>\n      <\/div>\n\n            \n<style>\n#banner-1348657557 {\n  padding-top: 450px;\n}\n#banner-1348657557 .overlay {\n  background-color: rgba(91, 19, 191, 0.74);\n}\n@media (min-width:850px) {\n  #banner-1348657557 {\n    padding-top: 500px;\n  }\n}\n<\/style>\n  <\/div>\n\n\n\t\t<\/div>\n\t\t\t\t\t<\/div>\n\n\t\n\n\t<div id=\"col-1691932753\" class=\"col medium-12 small-12 large-6\"  >\n\t\t\t\t<div class=\"col-inner\"  >\n\t\t\t\n\t\t\t\n\n  <div class=\"banner has-hover gagetintouch-banner withgaform\" id=\"banner-1021215084\">\n          <div class=\"banner-inner fill\">\n        <div class=\"banner-bg fill\" >\n                                    <div class=\"overlay\"><\/div>            \n                    <\/div>\n\t\t\n        <div class=\"banner-layers container\">\n            <div class=\"fill banner-link\"><\/div>            \n<div class=\"artform-blck\">\n\n<div class=\"wpcf7 no-js\" id=\"wpcf7-f5713-o1\" lang=\"en-US\" dir=\"ltr\" data-wpcf7-id=\"5713\">\n<div class=\"screen-reader-response\"><p role=\"status\" aria-live=\"polite\" aria-atomic=\"true\"><\/p> <ul><\/ul><\/div>\n<form action=\"\/sv\/wp-json\/wp\/v2\/pages\/3417#wpcf7-f5713-o1\" method=\"post\" class=\"wpcf7-form init\" aria-label=\"Contact form\" novalidate=\"novalidate\" data-status=\"init\">\n<div style=\"display: none;\">\n<input type=\"hidden\" name=\"_wpcf7\" value=\"5713\" \/>\n<input type=\"hidden\" name=\"_wpcf7_version\" value=\"6.0.5\" \/>\n<input type=\"hidden\" name=\"_wpcf7_locale\" value=\"en_US\" \/>\n<input type=\"hidden\" name=\"_wpcf7_unit_tag\" value=\"wpcf7-f5713-o1\" \/>\n<input type=\"hidden\" name=\"_wpcf7_container_post\" value=\"0\" \/>\n<input type=\"hidden\" name=\"_wpcf7_posted_data_hash\" value=\"\" \/>\n<input type=\"hidden\" name=\"_uacf7_hidden_conditional_fields\" value=\"\" \/>\n<\/div>\n<div class=\"uacf7-form-5713  \"><div class=\"inlingo-form artgetform\">\n<label><span class=\"lbl\">Din e-postadress:<\/span>\n    <span class=\"wpcf7-form-control-wrap\" data-name=\"your-email\"><input size=\"40\" maxlength=\"400\" class=\"wpcf7-form-control wpcf7-email wpcf7-validates-as-required wpcf7-text wpcf7-validates-as-email\" autocomplete=\"email\" aria-required=\"true\" aria-invalid=\"false\" value=\"\" type=\"email\" name=\"your-email\" \/><\/span> <\/label>\n\n<label><span class=\"lbl\">Ber\u00e4tta f\u00f6r oss vad du beh\u00f6ver hj\u00e4lp med:<\/span>\n    <span class=\"wpcf7-form-control-wrap\" data-name=\"your-message\"><textarea cols=\"40\" rows=\"10\" maxlength=\"2000\" class=\"wpcf7-form-control wpcf7-textarea wpcf7-validates-as-required\" aria-required=\"true\" aria-invalid=\"false\" placeholder=\"Skriv en kommentar\" name=\"your-message\"><\/textarea><\/span> <\/label>\n\n<span id=\"wpcf7-69d3b0f20839c-wrapper\" class=\"wpcf7-form-control-wrap zipcode-wrap\" style=\"display:none !important; visibility:hidden !important;\"><label for=\"wpcf7-69d3b0f20839c-field\" class=\"hp-message\">Please leave this field empty.<\/label><input id=\"wpcf7-69d3b0f20839c-field\"  class=\"wpcf7-form-control wpcf7-text\" type=\"text\" name=\"zipcode\" value=\"\" size=\"40\" tabindex=\"-1\" autocomplete=\"new-password\" \/><\/span>\n<\/div>\n\n<div class=\"form-button artbuttn-trans\">\n<input class=\"wpcf7-form-control wpcf7-submit has-spinner\" type=\"submit\" value=\"Skicka nu\" \/>\n<\/div><\/div><input type=\"hidden\" id=\"ct_checkjs_cf7_1068c6e4c8051cfd4e9ea8072e3189e2\" name=\"ct_checkjs_cf7\" value=\"0\" \/><script >setTimeout(function(){var ct_input_name = \"ct_checkjs_cf7_1068c6e4c8051cfd4e9ea8072e3189e2\";if (document.getElementById(ct_input_name) !== null) {var ct_input_value = document.getElementById(ct_input_name).value;document.getElementById(ct_input_name).value = document.getElementById(ct_input_name).value.replace(ct_input_value, '62bc940be2a3e5cf5922df3509db99716c165df6a6dec40a310453ada0d696b6');}}, 1000);<\/script><label class=\"apbct_special_field\" id=\"apbct_label_id87046\" for=\"apbct__email_id__wp_contact_form_7_87046\">87046<\/label><input \n        id=\"apbct__email_id__wp_contact_form_7_87046\" \n        class=\"apbct_special_field apbct__email_id__wp_contact_form_7\"\n        autocomplete=\"off\" \n        name=\"apbct__email_id__wp_contact_form_7_87046\"  \n        type=\"text\" \n        value=\"87046\" \n        size=\"30\" \n        apbct_event_id=\"87046\"\n        maxlength=\"200\" \n    \/><input \n        id=\"apbct_event_id\"\n        class=\"apbct_special_field\"\n        name=\"apbct_event_id\"\n        type=\"hidden\" \n        value=\"87046\" \n            \/><p style=\"display: none !important;\" class=\"akismet-fields-container\" data-prefix=\"_wpcf7_ak_\"><label>&#916;<textarea name=\"_wpcf7_ak_hp_textarea\" cols=\"45\" rows=\"8\" maxlength=\"100\"><\/textarea><\/label><input type=\"hidden\" id=\"ak_js_1\" name=\"_wpcf7_ak_js\" value=\"170\"\/><script>document.getElementById( \"ak_js_1\" ).setAttribute( \"value\", ( new Date() ).getTime() );<\/script><\/p><div class=\"wpcf7-response-output\" aria-hidden=\"true\"><\/div>\n<\/form>\n<\/div>\n\n<\/div>\n        <\/div>\n      <\/div>\n\n            \n<style>\n#banner-1021215084 {\n  padding-top: 570px;\n}\n#banner-1021215084 .overlay {\n  background-color: rgba(29, 29, 29, 1);\n}\n@media (min-width:550px) {\n  #banner-1021215084 {\n    padding-top: 570px;\n  }\n}\n@media (min-width:850px) {\n  #banner-1021215084 {\n    padding-top: 500px;\n  }\n}\n<\/style>\n  <\/div>\n\n\n\t\t<\/div>\n\t\t\t\t\t<\/div>\n\n\t\n<\/div>\n\t<div id=\"gap-1448587820\" class=\"gap-element clearfix\" style=\"display:block; height:auto;\">\n\t\t\n<style>\n#gap-1448587820 {\n  padding-top: 20px;\n}\n@media (min-width:550px) {\n  #gap-1448587820 {\n    padding-top: 50px;\n  }\n}\n<\/style>\n\t<\/div>\n\t\n\t\t<\/div>\n\n\t\t\n<style>\n#section_918385003 {\n  padding-top: 30px;\n  padding-bottom: 30px;\n  background-color: rgb(14, 14, 14);\n}\n<\/style>\n\t<\/section>\n\t\n","protected":false},"excerpt":{"rendered":"","protected":false},"author":1,"featured_media":9049,"parent":0,"menu_order":0,"comment_status":"closed","ping_status":"closed","template":"main-template-header-footer.php","meta":{"footnotes":""},"class_list":["post-3417","page","type-page","status-publish","has-post-thumbnail","hentry"],"yoast_head":"<!-- This site is optimized with the Yoast SEO plugin v24.7 - https:\/\/yoast.com\/wordpress\/plugins\/seo\/ -->\n<title>Tj\u00e4nster f\u00f6r outsourcing av spelgrafik - grafikstudio f\u00f6r video- och mobilspel<\/title>\n<meta name=\"description\" content=\"Vi skapar design och marknadsf\u00f6ringskonst f\u00f6r videospel - g\u00e5rdar och pussel, visuella romaner, indiespel och mycket mer\" \/>\n<meta name=\"robots\" content=\"index, follow, max-snippet:-1, max-image-preview:large, max-video-preview:-1\" \/>\n<link rel=\"canonical\" href=\"https:\/\/inlingogames.com\/sv\/art\/\" \/>\n<meta property=\"og:locale\" content=\"en_US\" \/>\n<meta property=\"og:type\" content=\"article\" \/>\n<meta property=\"og:title\" content=\"Tj\u00e4nster f\u00f6r outsourcing av spelgrafik - grafikstudio f\u00f6r video- och mobilspel\" \/>\n<meta property=\"og:description\" content=\"Vi skapar design och marknadsf\u00f6ringskonst f\u00f6r videospel - g\u00e5rdar och pussel, visuella romaner, indiespel och mycket mer\" \/>\n<meta property=\"og:url\" content=\"https:\/\/inlingogames.com\/sv\/art\/\" \/>\n<meta property=\"og:site_name\" content=\"INLINGO \u2013 Gamedev Outsourcing Studios SV\" \/>\n<meta property=\"article:modified_time\" content=\"2025-09-18T09:42:05+00:00\" \/>\n<meta property=\"og:image\" content=\"https:\/\/inlingogames.com\/sv\/wp-content\/uploads\/sites\/20\/2025\/04\/Art_SV.jpg\" \/>\n\t<meta property=\"og:image:width\" content=\"1200\" \/>\n\t<meta property=\"og:image:height\" content=\"630\" \/>\n\t<meta property=\"og:image:type\" content=\"image\/jpeg\" \/>\n<meta name=\"twitter:card\" content=\"summary_large_image\" \/>\n<meta name=\"twitter:label1\" content=\"Est. reading time\" \/>\n\t<meta name=\"twitter:data1\" content=\"6 minutes\" \/>\n<!-- \/ Yoast SEO plugin. -->","yoast_head_json":{"title":"Tj\u00e4nster f\u00f6r outsourcing av spelgrafik - grafikstudio f\u00f6r video- och mobilspel","description":"Vi skapar design och marknadsf\u00f6ringskonst f\u00f6r videospel - g\u00e5rdar och pussel, visuella romaner, indiespel och mycket mer","robots":{"index":"index","follow":"follow","max-snippet":"max-snippet:-1","max-image-preview":"max-image-preview:large","max-video-preview":"max-video-preview:-1"},"canonical":"https:\/\/inlingogames.com\/sv\/art\/","og_locale":"en_US","og_type":"article","og_title":"Tj\u00e4nster f\u00f6r outsourcing av spelgrafik - grafikstudio f\u00f6r video- och mobilspel","og_description":"Vi skapar design och marknadsf\u00f6ringskonst f\u00f6r videospel - g\u00e5rdar och pussel, visuella romaner, indiespel och mycket mer","og_url":"https:\/\/inlingogames.com\/sv\/art\/","og_site_name":"INLINGO \u2013 Gamedev Outsourcing Studios SV","article_modified_time":"2025-09-18T09:42:05+00:00","og_image":[{"width":1200,"height":630,"url":"https:\/\/inlingogames.com\/sv\/wp-content\/uploads\/sites\/20\/2025\/04\/Art_SV.jpg","type":"image\/jpeg"}],"twitter_card":"summary_large_image","twitter_misc":{"Est. reading time":"6 minutes"},"schema":{"@context":"https:\/\/schema.org","@graph":[{"@type":"WebPage","@id":"https:\/\/inlingogames.com\/sv\/art\/","url":"https:\/\/inlingogames.com\/sv\/art\/","name":"Tj\u00e4nster f\u00f6r outsourcing av spelgrafik - grafikstudio f\u00f6r video- och mobilspel","isPartOf":{"@id":"https:\/\/inlingogames.com\/sv\/#website"},"primaryImageOfPage":{"@id":"https:\/\/inlingogames.com\/sv\/art\/#primaryimage"},"image":{"@id":"https:\/\/inlingogames.com\/sv\/art\/#primaryimage"},"thumbnailUrl":"https:\/\/inlingogames.com\/sv\/wp-content\/uploads\/sites\/20\/2025\/04\/Art_SV.jpg","datePublished":"2023-05-11T09:51:08+00:00","dateModified":"2025-09-18T09:42:05+00:00","description":"Vi skapar design och marknadsf\u00f6ringskonst f\u00f6r videospel - g\u00e5rdar och pussel, visuella romaner, indiespel och mycket mer","breadcrumb":{"@id":"https:\/\/inlingogames.com\/sv\/art\/#breadcrumb"},"inLanguage":"en-US","potentialAction":[{"@type":"ReadAction","target":["https:\/\/inlingogames.com\/sv\/art\/"]}]},{"@type":"ImageObject","inLanguage":"en-US","@id":"https:\/\/inlingogames.com\/sv\/art\/#primaryimage","url":"https:\/\/inlingogames.com\/sv\/wp-content\/uploads\/sites\/20\/2025\/04\/Art_SV.jpg","contentUrl":"https:\/\/inlingogames.com\/sv\/wp-content\/uploads\/sites\/20\/2025\/04\/Art_SV.jpg","width":1200,"height":630},{"@type":"BreadcrumbList","@id":"https:\/\/inlingogames.com\/sv\/art\/#breadcrumb","itemListElement":[{"@type":"ListItem","position":1,"name":"Home","item":"https:\/\/inlingogames.com\/sv\/"},{"@type":"ListItem","position":2,"name":"Art"}]},{"@type":"WebSite","@id":"https:\/\/inlingogames.com\/sv\/#website","url":"https:\/\/inlingogames.com\/sv\/","name":"INLINGO \u2013 Gamedev Outsourcing Studios SV","description":"","potentialAction":[{"@type":"SearchAction","target":{"@type":"EntryPoint","urlTemplate":"https:\/\/inlingogames.com\/sv\/?s={search_term_string}"},"query-input":{"@type":"PropertyValueSpecification","valueRequired":true,"valueName":"search_term_string"}}],"inLanguage":"en-US"}]}},"_links":{"self":[{"href":"https:\/\/inlingogames.com\/sv\/wp-json\/wp\/v2\/pages\/3417","targetHints":{"allow":["GET"]}}],"collection":[{"href":"https:\/\/inlingogames.com\/sv\/wp-json\/wp\/v2\/pages"}],"about":[{"href":"https:\/\/inlingogames.com\/sv\/wp-json\/wp\/v2\/types\/page"}],"author":[{"embeddable":true,"href":"https:\/\/inlingogames.com\/sv\/wp-json\/wp\/v2\/users\/1"}],"replies":[{"embeddable":true,"href":"https:\/\/inlingogames.com\/sv\/wp-json\/wp\/v2\/comments?post=3417"}],"version-history":[{"count":86,"href":"https:\/\/inlingogames.com\/sv\/wp-json\/wp\/v2\/pages\/3417\/revisions"}],"predecessor-version":[{"id":9108,"href":"https:\/\/inlingogames.com\/sv\/wp-json\/wp\/v2\/pages\/3417\/revisions\/9108"}],"wp:featuredmedia":[{"embeddable":true,"href":"https:\/\/inlingogames.com\/sv\/wp-json\/wp\/v2\/media\/9049"}],"wp:attachment":[{"href":"https:\/\/inlingogames.com\/sv\/wp-json\/wp\/v2\/media?parent=3417"}],"curies":[{"name":"wp","href":"https:\/\/api.w.org\/{rel}","templated":true}]}}