{"id":8072,"date":"2024-07-02T12:44:20","date_gmt":"2024-07-02T12:44:20","guid":{"rendered":"https:\/\/inlingogames.com\/?page_id=8072"},"modified":"2025-09-18T09:46:59","modified_gmt":"2025-09-18T09:46:59","slug":"projects","status":"publish","type":"page","link":"https:\/\/inlingogames.com\/sv\/projects\/","title":{"rendered":"Our Potrfolio"},"content":{"rendered":"\t\t<div class=\"hidden\">\n\t\t\t\t\n<style>\n<p>.inlingo_section.portfolio_header h1 {\ntext-transform: uppercase;\nmargin-bottom: 0em;\npadding-bottom: 0px;\n}<\/p>\n<p>@media (min-width: 551px) {\n.inlingo_section.portfolio_header .custom_color p {\ncolor: #AAA;\n}\n}<\/p>\n<p>.inlingo_section.portfolio.custom_portfolio .filter-nav {\npadding-left: 8px;\n}\n@media (max-width: 1024px) {\n.inlingo_section.portfolio.custom_portfolio .filter-nav {\npadding: 0 8px 0 8px;\n}\n}<\/p>\n<p>.inlingo_section.portfolio.custom_portfolio .filter-nav li {\nmargin-left: 12px;\n}\n@media (max-width: 400px) {\n.inlingo_section.portfolio.custom_portfolio .filter-nav li {\nmargin-left: 6px;\n}\n}<\/p>\n<p>.inlingo_section.portfolio.custom_portfolio .filter-nav li a {<\/p>\n<p>font-size: 18px;\n  line-height: 24px !important;\n  padding: 13px 30px 15px 30px !important;<\/p>\n<p>-webkit-border-radius: 16px;\n  border: 2px solid #FFF;\n  background: none;\nbackground-color: transparent !important;\ncolor: #FFF;\n  font-family: 'Manrope';\nfont-style: normal;\n  font-weight: 500;\ntransition-property: all;\n  transition-duration: 0.25s;\n}\n@media (max-width: 388px) {\n.inlingo_section.portfolio.custom_portfolio .filter-nav li a {\npadding: 13px 23px 15px 23px !important;\n}\n}<\/p>\n<p>.inlingo_section.portfolio.custom_portfolio .mb-half {\n  margin-bottom: 32px;\n}\n@media (max-width: 1024px) {\n.inlingo_section.portfolio.custom_portfolio .mb-half {\n  margin-bottom: 24px;\n}\n}<\/p>\n<p>.inlingo_section.portfolio.custom_portfolio .filter-nav li.active a {\nborder-radius: 16px;\n  border: 2px solid #B1EF42;\n  background: #B1EF42 !important;\ncolor: #000;\n}<\/p>\n<p>\/*----\u043a\u0430\u0442\u0435\u0433\u043e\u0440\u0438\u0438--*\/<\/p>\n<p>.inlingo_section.portfolio.custom_portfolio .portfolio-box .portfolio-box-category.is-xsmall {\n  display: block;\nopacity: 1 !important;\ntext-transform: none;<\/p>\n<p>}<\/p>\n<p>.inlingo_section.portfolio.custom_portfolio .portfolio-box .portfolio-box-category.is-xsmall span {\n  opacity: 1 !important;<\/p>\n<p>}<\/p>\n<p>.inlingo_section.portfolio.custom_portfolio .box-text.show-on-hover {\n\/*opacity: 1;*\/\n}<\/p>\n<p>.inlingo_section.portfolio.custom_portfolio .hover-fade-in .portfolio-box-title {\n\/*  opacity: 0;\n  transition: opacity .3s;*\/\n}<\/p>\n<p>.inlingo_section.portfolio.custom_portfolio .portfolio-box-category_container {\nposition: absolute;\n  top: 20px;\n  padding: 7px 16px 9px 16px;\n  background-color: rgba(14, 14, 14, 0.75);\n  border-radius: 12px;\n  left: 20px;\n}<\/p>\n<p>\/*---\u0441\u043b\u0430\u0439\u0434\u0435\u0440-------*\/<\/p>\n<p>.custom_portfolio.slider_view .flickity-button.flickity-prev-next-button\n{\ndisplay: none;\n}<\/p>\n<p>.inlingo_section.portfolio_slider .custom_portfolio .flickity-slider .col { width: 290px; margin-right: 12px; } \n.inlingo_section.portfolio_slider .custom_portfolio .flickity-slider {\n  margin-left: 8px;\n}<\/p>\n<p>.inlingo_section.portfolio_slider .custom_portfolio .flickity-slider .col:last-child { margin-right: 0; }<\/p>\n<p>.art_section.inlingo_section.portfolio.custom_portfolio.portfolio_slider .row:first-of-type {\npadding-right: 0px !important;\n}<\/p>\n<\/style>\n\t\t<\/div>\n\t\n\n\t<section class=\"section gameart art_section inlingo_section portfolio_header dark\" id=\"section_535703646\">\n\t\t<div class=\"section-bg fill\" >\n\t\t\t\t\t\t\t\t\t\n\t\t\t\n\n\t\t<\/div>\n\n\t\t\n\n\t\t<div class=\"section-content relative\">\n\t\t\t\n\t<div id=\"gap-1604676994\" class=\"gap-element clearfix\" style=\"display:block; height:auto;\">\n\t\t\n<style>\n#gap-1604676994 {\n  padding-top: 0px;\n}\n@media (min-width:550px) {\n  #gap-1604676994 {\n    padding-top: 32px;\n  }\n}\n@media (min-width:850px) {\n  #gap-1604676994 {\n    padding-top: 32px;\n  }\n}\n<\/style>\n\t<\/div>\n\t\n<div class=\"row\"  id=\"row-2064203532\">\n\n\t<div id=\"col-386204689\" class=\"col medium-10 small-12 large-7\"  >\n\t\t\t\t<div class=\"col-inner text-left\"  >\n\t\t\t\n\t\t\t\n<h1>Portf\u00f6lj<\/h1>\n\t<div id=\"gap-2095245198\" class=\"gap-element clearfix\" style=\"display:block; height:auto;\">\n\t\t\n<style>\n#gap-2095245198 {\n  padding-top: 24px;\n}\n@media (min-width:550px) {\n  #gap-2095245198 {\n    padding-top: 24px;\n  }\n}\n@media (min-width:850px) {\n  #gap-2095245198 {\n    padding-top: 24px;\n  }\n}\n<\/style>\n\t<\/div>\n\t\n\t<div id=\"text-4157732751\" class=\"text custom_color\">\n\t\t\n<p>Det \u00e4r den perfekta milj\u00f6n f\u00f6r att f\u00e5 kontakt med branschledare och diskutera allt som r\u00f6r spelindustrin. Oavsett om du \u00e4r intresserad av spellokalisering, konst eller bara vill prata om branschen, s\u00e5 vill vi g\u00e4rna tr\u00e4ffa dig.<\/p>\n\t\t\n<style>\n#text-4157732751 {\n  text-align: left;\n}\n<\/style>\n\t<\/div>\n\t\n\t\t<\/div>\n\t\t\t\t\n<style>\n#col-386204689 > .col-inner {\n  padding: 0px 0px 0px 0px;\n}\n@media (min-width:550px) {\n  #col-386204689 > .col-inner {\n    padding: 0px 0px 0px 0px;\n  }\n}\n@media (min-width:850px) {\n  #col-386204689 > .col-inner {\n    padding: 0px 40px 0px 0px;\n  }\n}\n<\/style>\n\t<\/div>\n\n\t\n<\/div>\n\t<div id=\"gap-1578467493\" class=\"gap-element clearfix\" style=\"display:block; height:auto;\">\n\t\t\n<style>\n#gap-1578467493 {\n  padding-top: 40px;\n}\n@media (min-width:550px) {\n  #gap-1578467493 {\n    padding-top: 40px;\n  }\n}\n@media (min-width:850px) {\n  #gap-1578467493 {\n    padding-top: 64px;\n  }\n}\n<\/style>\n\t<\/div>\n\t\n\t\t<\/div>\n\n\t\t\n<style>\n#section_535703646 {\n  padding-top: 0px;\n  padding-bottom: 0px;\n  background-color: rgb(14, 14, 14);\n}\n<\/style>\n\t<\/section>\n\t\n\n\t<section class=\"section gameart art_section inlingo_section portfolio custom_portfolio dark\" id=\"section_330756813\">\n\t\t<div class=\"section-bg fill\" >\n\t\t\t\t\t\t\t\t\t\n\t\t\t\n\n\t\t<\/div>\n\n\t\t\n\n\t\t<div class=\"section-content relative\">\n\t\t\t\n<span class=\"scroll-to\" data-label=\"Scroll to: #portfolio\" data-bullet=\"false\" data-link=\"#portfolio\" data-title=\"Portfolio\" ><a name=\"portfolio\"><\/a><\/span>\n<div class=\"row row-small align-equal\"  id=\"row-1352558192\">\n\n\t<div id=\"col-1233076904\" class=\"col portfolio_column small-12 large-12\"  >\n\t\t\t\t<div class=\"col-inner\"  >\n\t\t\t\n\t\t\t\n<div id=\"portfolio-564623030\" class=\"portfolio-element-wrapper has-filtering\">  <div class=\"container mb-half\">\n  <ul class=\"nav nav-true nav-left nav-pills nav-uppercase filter-nav\">\n    <li class=\"active\"><a href=\"#\" data-filter=\"*\">All<\/a><\/li>\n    <li><a href=\"#\" data-filter=\"[data-terms*='&quot;Lokalisering&quot;']\">Lokalisering<\/a><\/li>  <\/ul>\n  <\/div>\n  \n  \n    <div class=\"row custom_portfolio row-isotope large-columns-3 medium-columns-3 small-columns-2 row-small\" >\n    <div class=\"col\" data-terms=\"[&quot;Lokalisering&quot;]\" >\n          <div class=\"col-inner\" style=\"border-radius:10%;\">\n          <a href=\"https:\/\/inlingogames.com\/sv\/projects\/localization\/lokalisering-en-fallstudie-shadow-fight-3\/\" class=\"plain \">\n          <div class=\"portfolio-box box has-hover box-shade dark\">\n            <div class=\"box-image\" style=\"border-radius:10%;\">\n                <div class=\"image-overlay-add-50 image-cover\" style=\"padding-top:300px;\">\n                <img decoding=\"async\" width=\"768\" height=\"432\" src=\"https:\/\/inlingogames.com\/sv\/wp-content\/uploads\/sites\/20\/2025\/03\/unnamed5-768x432-1.jpg\" class=\"attachment-large size-large\" alt=\"\" srcset=\"https:\/\/inlingogames.com\/sv\/wp-content\/uploads\/sites\/20\/2025\/03\/unnamed5-768x432-1.jpg 768w, https:\/\/inlingogames.com\/sv\/wp-content\/uploads\/sites\/20\/2025\/03\/unnamed5-768x432-1-300x169.jpg 300w\" sizes=\"(max-width: 768px) 100vw, 768px\" \/>                <div class=\"overlay\" style=\"background-color:rgba(0, 0, 0, 0.407)\"><\/div>                <div class=\"shade\"><\/div>                <\/div>\n            <\/div>\n            <div class=\"box-text show-on-hover hover-fade-in text-left is-large\" >\n                  <div class=\"box-text-inner\">\n                      <h6 class=\"uppercase portfolio-box-title\">Lokalisering, en fallstudie: Shadow Fight 3<\/h6>\n                      <p class=\"uppercase portfolio-box-category is-xsmall op-6\">\n                        <span class=\"show-on-hover\">\n                         Lokalisering                        <\/span>\n                      <\/p>\n                  <\/div>\n            <\/div>\n           <\/div>\n           <\/a>\n           <\/div>\n           <\/div><\/div><\/div>\n\t\t<\/div>\n\t\t\t\t\t<\/div>\n\n\t\n<\/div>\n\n\t<div id=\"gap-923281076\" class=\"gap-element clearfix portfolio-bottom-gap-2\" style=\"display:block; height:auto;\">\n\t\t\n<style>\n#gap-923281076 {\n  padding-top: 80px;\n}\n<\/style>\n\t<\/div>\n\t\n\t\t<\/div>\n\n\t\t\n<style>\n#section_330756813 {\n  padding-top: 0px;\n  padding-bottom: 0px;\n  background-color: rgb(14, 14, 14);\n}\n<\/style>\n\t<\/section>\n\t\n\n\n\t<section class=\"section art_section inlingo_section dark\" id=\"section_1857322374\">\n\t\t<div class=\"section-bg fill\" >\n\t\t\t\t\t\t\t\t\t\n\t\t\t\n\n\t\t<\/div>\n\n\t\t\n\n\t\t<div class=\"section-content relative\">\n\t\t\t\n<span class=\"scroll-to\" data-label=\"Scroll to: #getintouch\" data-bullet=\"false\" data-link=\"#getintouch\" data-title=\"Get in touch\" ><a name=\"getintouch\"><\/a><\/span>\n\t<div id=\"gap-587550595\" class=\"gap-element clearfix top_gap\" style=\"display:block; height:auto;\">\n\t\t\n<style>\n#gap-587550595 {\n  padding-top: 20px;\n}\n@media (min-width:550px) {\n  #gap-587550595 {\n    padding-top: 64px;\n  }\n}\n<\/style>\n\t<\/div>\n\t\n<div class=\"row row-small align-equal\"  id=\"row-579169867\">\n\n\t<div id=\"col-420312396\" class=\"col medium-12 small-12 large-6\"  >\n\t\t\t\t<div class=\"col-inner\"  >\n\t\t\t\n\t\t\t\n\n  <div class=\"banner has-hover gagetintouch-banner\" id=\"banner-1076543071\">\n          <div class=\"banner-inner fill\">\n        <div class=\"banner-bg fill\" >\n                                                \n                    <\/div>\n\t\t\n        <div class=\"banner-layers container\">\n            <div class=\"fill banner-link\"><\/div>            \n   <div id=\"text-box-1335016324\" class=\"text-box banner-layer x50 md-x5 lg-x5 y50 md-y5 lg-y5 res-text\">\n                                <div class=\"text-box-content text dark\">\n              \n              <div class=\"text-inner text-center\">\n                  \n\t<div id=\"text-230357442\" class=\"text\">\n\t\t\n<h4>L\u00e5t oss diskutera ditt projekt!<\/h4>\n<p>Vi \u00e4r redo att diskutera detaljerna i ditt projekt och svara p\u00e5 alla dina fr\u00e5gor. Fyll bara i formul\u00e4ret nedan.<br \/>\n\t\t\n<style>\n#text-230357442 {\n  text-align: left;\n}\n<\/style>\n\t<\/div>\n\t\n              <\/div>\n           <\/div>\n                            \n<style>\n#text-box-1335016324 {\n  width: 85%;\n}\n#text-box-1335016324 .text-box-content {\n  font-size: 100%;\n}\n@media (min-width:550px) {\n  #text-box-1335016324 {\n    width: 81%;\n  }\n}\n<\/style>\n    <\/div>\n \n        <\/div>\n      <\/div>\n\n            \n<style>\n#banner-1076543071 {\n  padding-top: 292px;\n  background-color: rgb(131, 56, 236);\n}\n#banner-1076543071 .overlay {\n  background-color: rgb(14, 14, 14);\n}\n@media (min-width:550px) {\n  #banner-1076543071 {\n    padding-top: 450px;\n  }\n}\n@media (min-width:850px) {\n  #banner-1076543071 {\n    padding-top: 500px;\n  }\n}\n<\/style>\n  <\/div>\n\n\n\t\t<\/div>\n\t\t\t\t\t<\/div>\n\n\t\n\n\t<div id=\"col-731089004\" class=\"col medium-12 small-12 large-6\"  >\n\t\t\t\t<div class=\"col-inner\"  >\n\t\t\t\n\t\t\t\n\n  <div class=\"banner has-hover gagetintouch-banner withgaform\" id=\"banner-1788932940\">\n          <div class=\"banner-inner fill\">\n        <div class=\"banner-bg fill\" >\n                                    <div class=\"overlay\"><\/div>            \n                    <\/div>\n\t\t\n        <div class=\"banner-layers container\">\n            <div class=\"fill banner-link\"><\/div>            \n<div class=\"artform-blck\">\n\n<div class=\"wpcf7 no-js\" id=\"wpcf7-f9004-o1\" lang=\"en-US\" dir=\"ltr\" data-wpcf7-id=\"9004\">\n<div class=\"screen-reader-response\"><p role=\"status\" aria-live=\"polite\" aria-atomic=\"true\"><\/p> <ul><\/ul><\/div>\n<form action=\"\/sv\/wp-json\/wp\/v2\/pages\/8072#wpcf7-f9004-o1\" method=\"post\" class=\"wpcf7-form init\" aria-label=\"Contact form\" novalidate=\"novalidate\" data-status=\"init\">\n<div style=\"display: none;\">\n<input type=\"hidden\" name=\"_wpcf7\" value=\"9004\" \/>\n<input type=\"hidden\" name=\"_wpcf7_version\" value=\"6.0.5\" \/>\n<input type=\"hidden\" name=\"_wpcf7_locale\" value=\"en_US\" \/>\n<input type=\"hidden\" name=\"_wpcf7_unit_tag\" value=\"wpcf7-f9004-o1\" \/>\n<input type=\"hidden\" name=\"_wpcf7_container_post\" value=\"0\" \/>\n<input type=\"hidden\" name=\"_wpcf7_posted_data_hash\" value=\"\" \/>\n<input type=\"hidden\" name=\"_uacf7_hidden_conditional_fields\" value=\"\" \/>\n<\/div>\n<div class=\"uacf7-form-9004  \"><div class=\"inlingo-form artgetform\">\n<div class=\"artgetform_1line\">\n<label><span class=\"lbl\">Namn:<\/span>\n    <span class=\"wpcf7-form-control-wrap\" data-name=\"your-name\"><input size=\"40\" maxlength=\"400\" class=\"wpcf7-form-control wpcf7-text wpcf7-validates-as-required\" aria-required=\"true\" aria-invalid=\"false\" placeholder=\"Ange ditt namn\" value=\"\" type=\"text\" name=\"your-name\" \/><\/span> <\/label>\n\n<label><span class=\"lbl\">F\u00f6retag:<\/span>\n    <span class=\"wpcf7-form-control-wrap\" data-name=\"your-company\"><input size=\"40\" maxlength=\"400\" class=\"wpcf7-form-control wpcf7-text\" aria-invalid=\"false\" placeholder=\"Ange ditt f\u00f6retag\" value=\"\" type=\"text\" name=\"your-company\" \/><\/span> <\/label>\n<\/div>\n<label><span class=\"lbl\">E-post:<\/span>\n    <span class=\"wpcf7-form-control-wrap\" data-name=\"your-email\"><input size=\"40\" maxlength=\"400\" class=\"wpcf7-form-control wpcf7-email wpcf7-validates-as-required wpcf7-text wpcf7-validates-as-email\" aria-required=\"true\" aria-invalid=\"false\" placeholder=\"Ange din e-postadress\" value=\"\" type=\"email\" name=\"your-email\" \/><\/span> <\/label>\n\n<label><span class=\"lbl\">Ber\u00e4tta f\u00f6r oss vad du beh\u00f6ver hj\u00e4lp med:<\/span>\n    <span class=\"wpcf7-form-control-wrap\" data-name=\"your-message\"><textarea cols=\"40\" rows=\"10\" maxlength=\"2000\" class=\"wpcf7-form-control wpcf7-textarea wpcf7-validates-as-required\" aria-required=\"true\" aria-invalid=\"false\" placeholder=\"Skriv en kommentar\" name=\"your-message\"><\/textarea><\/span> <\/label>\n\n<span id=\"wpcf7-69d3bc4e2665b-wrapper\" class=\"wpcf7-form-control-wrap zipcode-wrap\" style=\"display:none !important; visibility:hidden !important;\"><label for=\"wpcf7-69d3bc4e2665b-field\" class=\"hp-message\">Please leave this field empty.<\/label><input id=\"wpcf7-69d3bc4e2665b-field\"  class=\"wpcf7-form-control wpcf7-text\" type=\"text\" name=\"zipcode\" value=\"\" size=\"40\" tabindex=\"-1\" autocomplete=\"new-password\" \/><\/span>\n<\/div>\n\n<div class=\"form-button artbuttn-trans inlingo_btn_custom_small\">\n<input class=\"wpcf7-form-control wpcf7-submit has-spinner\" type=\"submit\" value=\"Skicka\" \/>\n<\/div><\/div><input type=\"hidden\" id=\"ct_checkjs_cf7_d516b13671a4179d9b7b458a6ebdeb92\" name=\"ct_checkjs_cf7\" value=\"0\" \/><script >setTimeout(function(){var ct_input_name = \"ct_checkjs_cf7_d516b13671a4179d9b7b458a6ebdeb92\";if (document.getElementById(ct_input_name) !== null) {var ct_input_value = document.getElementById(ct_input_name).value;document.getElementById(ct_input_name).value = document.getElementById(ct_input_name).value.replace(ct_input_value, '62bc940be2a3e5cf5922df3509db99716c165df6a6dec40a310453ada0d696b6');}}, 1000);<\/script><label class=\"apbct_special_field\" id=\"apbct_label_id41749\" for=\"apbct__email_id__wp_contact_form_7_41749\">41749<\/label><input \n        id=\"apbct__email_id__wp_contact_form_7_41749\" \n        class=\"apbct_special_field apbct__email_id__wp_contact_form_7\"\n        autocomplete=\"off\" \n        name=\"apbct__email_id__wp_contact_form_7_41749\"  \n        type=\"text\" \n        value=\"41749\" \n        size=\"30\" \n        apbct_event_id=\"41749\"\n        maxlength=\"200\" \n    \/><input \n        id=\"apbct_event_id\"\n        class=\"apbct_special_field\"\n        name=\"apbct_event_id\"\n        type=\"hidden\" \n        value=\"41749\" \n            \/><p style=\"display: none !important;\" class=\"akismet-fields-container\" data-prefix=\"_wpcf7_ak_\"><label>&#916;<textarea name=\"_wpcf7_ak_hp_textarea\" cols=\"45\" rows=\"8\" maxlength=\"100\"><\/textarea><\/label><input type=\"hidden\" id=\"ak_js_1\" name=\"_wpcf7_ak_js\" value=\"95\"\/><script>document.getElementById( \"ak_js_1\" ).setAttribute( \"value\", ( new Date() ).getTime() );<\/script><\/p><div class=\"wpcf7-response-output\" aria-hidden=\"true\"><\/div>\n<\/form>\n<\/div>\n\n<\/div>\n        <\/div>\n      <\/div>\n\n            \n<style>\n#banner-1788932940 {\n  padding-top: 670px;\n}\n#banner-1788932940 .overlay {\n  background-color: rgb(14, 14, 14);\n}\n@media (min-width:550px) {\n  #banner-1788932940 {\n    padding-top: 600px;\n  }\n  #banner-1788932940 .overlay {\n    background-color: rgba(29, 29, 29, 1);\n  }\n}\n@media (min-width:850px) {\n  #banner-1788932940 {\n    padding-top: 600px;\n  }\n}\n<\/style>\n  <\/div>\n\n\n\t\t<\/div>\n\t\t\t\t\t<\/div>\n\n\t\n<\/div>\n\t<div id=\"gap-386609135\" class=\"gap-element clearfix bottom_gap\" style=\"display:block; height:auto;\">\n\t\t\n<style>\n#gap-386609135 {\n  padding-top: 20px;\n}\n@media (min-width:550px) {\n  #gap-386609135 {\n    padding-top: 90px;\n  }\n}\n<\/style>\n\t<\/div>\n\t\n\t\t<\/div>\n\n\t\t\n<style>\n#section_1857322374 {\n  padding-top: 0px;\n  padding-bottom: 0px;\n  background-color: rgb(14, 14, 14);\n}\n<\/style>\n\t<\/section>\n\t\n","protected":false},"excerpt":{"rendered":"","protected":false},"author":1,"featured_media":36,"parent":0,"menu_order":0,"comment_status":"closed","ping_status":"closed","template":"main-template-header-footer.php","meta":{"footnotes":""},"class_list":["post-8072","page","type-page","status-publish","has-post-thumbnail","hentry"],"yoast_head":"<!-- This site is optimized with the Yoast SEO plugin v24.7 - https:\/\/yoast.com\/wordpress\/plugins\/seo\/ -->\n<title>Inlingos portf\u00f6lj<\/title>\n<meta name=\"description\" content=\"Kolla in v\u00e5r portf\u00f6lj\" \/>\n<meta name=\"robots\" content=\"index, follow, max-snippet:-1, max-image-preview:large, max-video-preview:-1\" \/>\n<link rel=\"canonical\" href=\"https:\/\/inlingogames.com\/sv\/projects\/\" \/>\n<meta property=\"og:locale\" content=\"en_US\" \/>\n<meta property=\"og:type\" content=\"article\" \/>\n<meta property=\"og:title\" content=\"Inlingos portf\u00f6lj\" \/>\n<meta property=\"og:description\" content=\"Kolla in v\u00e5r portf\u00f6lj\" \/>\n<meta property=\"og:url\" content=\"https:\/\/inlingogames.com\/sv\/projects\/\" \/>\n<meta property=\"og:site_name\" content=\"INLINGO \u2013 Gamedev Outsourcing Studios SV\" \/>\n<meta property=\"article:modified_time\" content=\"2025-09-18T09:46:59+00:00\" \/>\n<meta property=\"og:image\" content=\"https:\/\/inlingogames.com\/sv\/wp-content\/uploads\/sites\/20\/2023\/04\/Frame_9.jpg\" \/>\n\t<meta property=\"og:image:width\" content=\"1680\" \/>\n\t<meta property=\"og:image:height\" content=\"945\" \/>\n\t<meta property=\"og:image:type\" content=\"image\/jpeg\" \/>\n<meta name=\"twitter:card\" content=\"summary_large_image\" \/>\n<meta name=\"twitter:label1\" content=\"Est. reading time\" \/>\n\t<meta name=\"twitter:data1\" content=\"2 minutes\" \/>\n<!-- \/ Yoast SEO plugin. -->","yoast_head_json":{"title":"Inlingos portf\u00f6lj","description":"Kolla in v\u00e5r portf\u00f6lj","robots":{"index":"index","follow":"follow","max-snippet":"max-snippet:-1","max-image-preview":"max-image-preview:large","max-video-preview":"max-video-preview:-1"},"canonical":"https:\/\/inlingogames.com\/sv\/projects\/","og_locale":"en_US","og_type":"article","og_title":"Inlingos portf\u00f6lj","og_description":"Kolla in v\u00e5r portf\u00f6lj","og_url":"https:\/\/inlingogames.com\/sv\/projects\/","og_site_name":"INLINGO \u2013 Gamedev Outsourcing Studios SV","article_modified_time":"2025-09-18T09:46:59+00:00","og_image":[{"width":1680,"height":945,"url":"https:\/\/inlingogames.com\/sv\/wp-content\/uploads\/sites\/20\/2023\/04\/Frame_9.jpg","type":"image\/jpeg"}],"twitter_card":"summary_large_image","twitter_misc":{"Est. reading time":"2 minutes"},"schema":{"@context":"https:\/\/schema.org","@graph":[{"@type":"WebPage","@id":"https:\/\/inlingogames.com\/sv\/projects\/","url":"https:\/\/inlingogames.com\/sv\/projects\/","name":"Inlingos portf\u00f6lj","isPartOf":{"@id":"https:\/\/inlingogames.com\/sv\/#website"},"primaryImageOfPage":{"@id":"https:\/\/inlingogames.com\/sv\/projects\/#primaryimage"},"image":{"@id":"https:\/\/inlingogames.com\/sv\/projects\/#primaryimage"},"thumbnailUrl":"https:\/\/inlingogames.com\/sv\/wp-content\/uploads\/sites\/20\/2023\/04\/Frame_9.jpg","datePublished":"2024-07-02T12:44:20+00:00","dateModified":"2025-09-18T09:46:59+00:00","description":"Kolla in v\u00e5r portf\u00f6lj","breadcrumb":{"@id":"https:\/\/inlingogames.com\/sv\/projects\/#breadcrumb"},"inLanguage":"en-US","potentialAction":[{"@type":"ReadAction","target":["https:\/\/inlingogames.com\/sv\/projects\/"]}]},{"@type":"ImageObject","inLanguage":"en-US","@id":"https:\/\/inlingogames.com\/sv\/projects\/#primaryimage","url":"https:\/\/inlingogames.com\/sv\/wp-content\/uploads\/sites\/20\/2023\/04\/Frame_9.jpg","contentUrl":"https:\/\/inlingogames.com\/sv\/wp-content\/uploads\/sites\/20\/2023\/04\/Frame_9.jpg","width":1680,"height":945},{"@type":"BreadcrumbList","@id":"https:\/\/inlingogames.com\/sv\/projects\/#breadcrumb","itemListElement":[{"@type":"ListItem","position":1,"name":"Home","item":"https:\/\/inlingogames.com\/sv\/"},{"@type":"ListItem","position":2,"name":"Our Potrfolio"}]},{"@type":"WebSite","@id":"https:\/\/inlingogames.com\/sv\/#website","url":"https:\/\/inlingogames.com\/sv\/","name":"INLINGO \u2013 Gamedev Outsourcing Studios SV","description":"","potentialAction":[{"@type":"SearchAction","target":{"@type":"EntryPoint","urlTemplate":"https:\/\/inlingogames.com\/sv\/?s={search_term_string}"},"query-input":{"@type":"PropertyValueSpecification","valueRequired":true,"valueName":"search_term_string"}}],"inLanguage":"en-US"}]}},"_links":{"self":[{"href":"https:\/\/inlingogames.com\/sv\/wp-json\/wp\/v2\/pages\/8072","targetHints":{"allow":["GET"]}}],"collection":[{"href":"https:\/\/inlingogames.com\/sv\/wp-json\/wp\/v2\/pages"}],"about":[{"href":"https:\/\/inlingogames.com\/sv\/wp-json\/wp\/v2\/types\/page"}],"author":[{"embeddable":true,"href":"https:\/\/inlingogames.com\/sv\/wp-json\/wp\/v2\/users\/1"}],"replies":[{"embeddable":true,"href":"https:\/\/inlingogames.com\/sv\/wp-json\/wp\/v2\/comments?post=8072"}],"version-history":[{"count":8,"href":"https:\/\/inlingogames.com\/sv\/wp-json\/wp\/v2\/pages\/8072\/revisions"}],"predecessor-version":[{"id":9112,"href":"https:\/\/inlingogames.com\/sv\/wp-json\/wp\/v2\/pages\/8072\/revisions\/9112"}],"wp:featuredmedia":[{"embeddable":true,"href":"https:\/\/inlingogames.com\/sv\/wp-json\/wp\/v2\/media\/36"}],"wp:attachment":[{"href":"https:\/\/inlingogames.com\/sv\/wp-json\/wp\/v2\/media?parent=8072"}],"curies":[{"name":"wp","href":"https:\/\/api.w.org\/{rel}","templated":true}]}}