{"id":11,"date":"2023-04-28T07:27:23","date_gmt":"2023-04-28T07:27:23","guid":{"rendered":"https:\/\/inlingogames.com\/tr\/\/?page_id=11"},"modified":"2025-09-19T09:59:36","modified_gmt":"2025-09-19T09:59:36","slug":"about","status":"publish","type":"page","link":"https:\/\/inlingogames.com\/tr\/about\/","title":{"rendered":"About Us"},"content":{"rendered":"\n\t<section class=\"section about-mainblock dark has-parallax is-full-height\" id=\"section_1867863311\">\n\t\t<div class=\"section-bg fill\" data-parallax-container=\".section\" data-parallax-background data-parallax=\"-3\">\n\t\t\t<img decoding=\"async\" width=\"1680\" height=\"945\" src=\"https:\/\/inlingogames.com\/tr\/wp-content\/uploads\/sites\/22\/2023\/04\/Frame_9.jpg\" class=\"bg attachment-original size-original\" alt=\"\" \/>\t\t\t\t\t\t<div class=\"section-bg-overlay absolute fill\"><\/div>\n\t\t\t\n\n\t\t<\/div>\n\n\t\t\n\n\t\t<div class=\"section-content relative\">\n\t\t\t\n<div class=\"row row-small align-equal align-center\"  id=\"row-626574250\">\n\n\t<div id=\"col-706324126\" class=\"col hide-for-medium medium-1 small-12 large-1\"  >\n\t\t\t\t<div class=\"col-inner\"  >\n\t\t\t\n\t\t\t\n\t\t<\/div>\n\t\t\t\t\t<\/div>\n\n\t\n\n\t<div id=\"col-1781370815\" class=\"col medium-10 small-12 large-10\"  >\n\t\t\t\t<div class=\"col-inner text-center\"  >\n\t\t\t\n\t\t\t\n<h1>Biz <span class=\"orange uppercase\">Inlingo<\/span>&#8216;yuz<\/h1>\n<h2>Misyonumuz, m\u00fc\u015fterilerimizin kaynaklar\u0131n\u0131 korumakt\u0131r<\/h2>\n<div class=\"row\"  id=\"row-1498573655\">\n\n\t<div id=\"col-590361558\" class=\"col medium-4 small-12 large-4\"  >\n\t\t\t\t<div class=\"col-inner\"  >\n\t\t\t\n\t\t\t\n\t<div id=\"gap-1498523535\" class=\"gap-element clearfix\" style=\"display:block; height:auto;\">\n\t\t\n<style>\n#gap-1498523535 {\n  padding-top: 60px;\n}\n@media (min-width:550px) {\n  #gap-1498523535 {\n    padding-top: 120px;\n  }\n}\n<\/style>\n\t<\/div>\n\t\n<p class=\"keynumber\">1300+<\/p>\n<p class=\"keynumber-description\">d\u00fcnya \u00e7ap\u0131nda uzman<\/p>\n\t\t<\/div>\n\t\t\t\t\t<\/div>\n\n\t\n\n\t<div id=\"col-1242554425\" class=\"col medium-4 small-12 large-4\"  >\n\t\t\t\t<div class=\"col-inner\"  >\n\t\t\t\n\t\t\t\n\t<div id=\"gap-46659088\" class=\"gap-element clearfix\" style=\"display:block; height:auto;\">\n\t\t\n<style>\n#gap-46659088 {\n  padding-top: 10px;\n}\n@media (min-width:550px) {\n  #gap-46659088 {\n    padding-top: 120px;\n  }\n}\n<\/style>\n\t<\/div>\n\t\n<p class=\"keynumber\">2500+<\/p>\n<p class=\"keynumber-description\">tamamlanm\u0131\u015f proje<\/p>\n\t\t<\/div>\n\t\t\t\t\t<\/div>\n\n\t\n\n\t<div id=\"col-889445561\" class=\"col medium-4 small-12 large-4\"  >\n\t\t\t\t<div class=\"col-inner\"  >\n\t\t\t\n\t\t\t\n\t<div id=\"gap-475352835\" class=\"gap-element clearfix\" style=\"display:block; height:auto;\">\n\t\t\n<style>\n#gap-475352835 {\n  padding-top: 10px;\n}\n@media (min-width:550px) {\n  #gap-475352835 {\n    padding-top: 120px;\n  }\n}\n<\/style>\n\t<\/div>\n\t\n<p class=\"keynumber\">300+<\/p>\n<p class=\"keynumber-description\">\u015firket bize g\u00fcveniyor<\/p>\n\t\t<\/div>\n\t\t\t\t\t<\/div>\n\n\t\n<\/div>\n\t\t<\/div>\n\t\t\t\t\t<\/div>\n\n\t\n\n\t<div id=\"col-86589998\" class=\"col hide-for-medium medium-1 small-12 large-1\"  >\n\t\t\t\t<div class=\"col-inner\"  >\n\t\t\t\n\t\t\t\n\t\t<\/div>\n\t\t\t\t\t<\/div>\n\n\t\n<\/div>\n\t\t<\/div>\n\n\t\t\n<style>\n#section_1867863311 {\n  padding-top: 30px;\n  padding-bottom: 30px;\n  min-height: 100vh;\n  background-color: rgb(40, 40, 40);\n}\n#section_1867863311 .section-bg-overlay {\n  background-color: rgba(0, 0, 0, 0.427);\n}\n#section_1867863311 .section-bg img {\n  object-position: center;\n}\n<\/style>\n\t<\/section>\n\t\n\n\t<section class=\"section\" id=\"section_1012852399\">\n\t\t<div class=\"section-bg fill\" >\n\t\t\t\t\t\t\t\t\t\n\t\t\t\n\n\t\t<\/div>\n\n\t\t\n\n\t\t<div class=\"section-content relative\">\n\t\t\t\n\t<div id=\"gap-9000361\" class=\"gap-element clearfix\" style=\"display:block; height:auto;\">\n\t\t\n<style>\n#gap-9000361 {\n  padding-top: 80px;\n}\n<\/style>\n\t<\/div>\n\t\n<div class=\"row\"  id=\"row-1767661774\">\n\n\t<div id=\"col-1788588118\" class=\"col hide-for-small medium-1 small-12 large-2\"  >\n\t\t\t\t<div class=\"col-inner\"  >\n\t\t\t\n\t\t\t\n\t\t<\/div>\n\t\t\t\t\t<\/div>\n\n\t\n\n\t<div id=\"col-16083963\" class=\"col medium-10 small-12 large-8\"  >\n\t\t\t\t<div class=\"col-inner\"  >\n\t\t\t\n\t\t\t\n<p class=\"big-text\"><span class=\"orange\">INLINGO<\/span>, 2012 y\u0131l\u0131nda kuruldu. 12 y\u0131l i\u00e7inde k\u00fc\u00e7\u00fck bir yerelle\u015ftirme st\u00fcdyosundan oyun geli\u015ftirme d\u0131\u015f kaynak hizmetleri sa\u011flayan bir grup st\u00fcdyoya d\u00f6n\u00fc\u015ft\u00fck.<\/p>\n<p class=\"big-text\">\u015eu an ekibimiz \u00e7e\u015fitli alanlarda faaliyet g\u00f6steriyor. Projenizi yerelle\u015ftirmenize, istedi\u011finiz t\u00fcrde b\u00fcy\u00fcleyici bir hik\u00e2ye yaratman\u0131za, karakterlerinizi \u00e7izmenize ve seslendirmenize yard\u0131mc\u0131 olaca\u011f\u0131z.<\/p>\n\t\t<\/div>\n\t\t\t\t\t<\/div>\n\n\t\n\n\t<div id=\"col-1275025383\" class=\"col hide-for-small medium-1 small-12 large-2\"  >\n\t\t\t\t<div class=\"col-inner\"  >\n\t\t\t\n\t\t\t\n\t\t<\/div>\n\t\t\t\t\t<\/div>\n\n\t\n\n<style>\n#row-1767661774 > .col > .col-inner {\n  padding: 0px 0px 0px 0px;\n}\n<\/style>\n<\/div>\n\t<div id=\"gap-991895406\" class=\"gap-element clearfix\" style=\"display:block; height:auto;\">\n\t\t\n<style>\n#gap-991895406 {\n  padding-top: 80px;\n}\n<\/style>\n\t<\/div>\n\t\n\t\t<\/div>\n\n\t\t\n<style>\n#section_1012852399 {\n  padding-top: 30px;\n  padding-bottom: 30px;\n  background-color: rgb(240, 240, 240);\n}\n<\/style>\n\t<\/section>\n\t\n\n\t<section class=\"section orange dark\" id=\"section_686421976\">\n\t\t<div class=\"section-bg fill\" >\n\t\t\t\t\t\t\t\t\t\n\t\t\t\n\n\t\t<\/div>\n\n\t\t\n\n\t\t<div class=\"section-content relative\">\n\t\t\t\n<div class=\"row\"  id=\"row-892319442\">\n\n\t<div id=\"col-1745069928\" class=\"col small-12 large-12\"  >\n\t\t\t\t<div class=\"col-inner text-center\"  >\n\t\t\t\n\t\t\t\n<h2>De\u011ferler<\/h2>\n<p>\u00c7al\u0131\u015fmalar\u0131m\u0131za ekibimizin inand\u0131\u011f\u0131 de\u011ferler rehberlik eder.<\/p>\n\t\t<\/div>\n\t\t\t\t\n<style>\n#col-1745069928 > .col-inner {\n  padding: 80px 0px 50px 0px;\n}\n<\/style>\n\t<\/div>\n\n\t\n\n\t<div id=\"col-767740594\" class=\"col hide-for-medium medium-1 small-12 large-1\"  >\n\t\t\t\t<div class=\"col-inner\"  >\n\t\t\t\n\t\t\t\n\t\t<\/div>\n\t\t\t\t\t<\/div>\n\n\t\n\n\t<div id=\"col-567236562\" class=\"col medium-12 small-12 large-10\"  >\n\t\t\t\t<div class=\"col-inner text-center\"  >\n\t\t\t\n\t\t\t\n<div class=\"row\"  id=\"row-207359299\">\n\n\t<div id=\"col-980440463\" class=\"col medium-10 small-12 large-4\"  >\n\t\t\t\t<div class=\"col-inner text-center\"  >\n\t\t\t\n\t\t\t\n\n\t\t<div class=\"icon-box featured-box icon-box-top text-left\"  >\n\t\t\t\t\t<div class=\"icon-box-img\" style=\"width: 100px\">\n\t\t\t\t<div class=\"icon\">\n\t\t\t\t\t<div class=\"icon-inner\" >\n\t\t\t\t\t\t<img decoding=\"async\" width=\"200\" height=\"200\" src=\"https:\/\/inlingogames.com\/tr\/wp-content\/uploads\/sites\/22\/2023\/05\/1.webp\" class=\"attachment-medium size-medium\" alt=\"\" srcset=\"https:\/\/inlingogames.com\/tr\/wp-content\/uploads\/sites\/22\/2023\/05\/1.webp 200w, https:\/\/inlingogames.com\/tr\/wp-content\/uploads\/sites\/22\/2023\/05\/1-150x150.webp 150w\" sizes=\"(max-width: 200px) 100vw, 200px\" \/>\t\t\t\t\t<\/div>\n\t\t\t\t<\/div>\n\t\t\t<\/div>\n\t\t\t\t<div class=\"icon-box-text last-reset\">\n\t\t\t\t\t\t\t\t\t\n\t<div id=\"text-4031172388\" class=\"text\">\n\t\t\n<h4>\u0130nsan Odakl\u0131<\/h4>\n<p>\u0130nsanlar \u00f6nceli\u011fimizdir. \u0130\u015finize sayg\u0131 duyar\u0131z, vaktinize de\u011fer veririz ve i\u015fler zorla\u015f\u0131rsa daima gerekenden fazlas\u0131n\u0131 yapmaya haz\u0131r\u0131z.<br \/>\n\t\t\n<style>\n#text-4031172388 {\n  text-align: center;\n}\n<\/style>\n\t<\/div>\n\t\n\t\t<\/div>\n\t<\/div>\n\t\n\t\n\t\t<\/div>\n\t\t\t\t\t<\/div>\n\n\t\n\n\t<div id=\"col-1338847818\" class=\"col medium-10 small-12 large-4\"  >\n\t\t\t\t<div class=\"col-inner text-center\"  >\n\t\t\t\n\t\t\t\n\n\t\t<div class=\"icon-box featured-box icon-box-top text-left\"  >\n\t\t\t\t\t<div class=\"icon-box-img\" style=\"width: 100px\">\n\t\t\t\t<div class=\"icon\">\n\t\t\t\t\t<div class=\"icon-inner\" >\n\t\t\t\t\t\t<img decoding=\"async\" width=\"200\" height=\"200\" src=\"https:\/\/inlingogames.com\/tr\/wp-content\/uploads\/sites\/22\/2023\/05\/Coin.webp\" class=\"attachment-medium size-medium\" alt=\"\" srcset=\"https:\/\/inlingogames.com\/tr\/wp-content\/uploads\/sites\/22\/2023\/05\/Coin.webp 200w, https:\/\/inlingogames.com\/tr\/wp-content\/uploads\/sites\/22\/2023\/05\/Coin-150x150.webp 150w\" sizes=\"(max-width: 200px) 100vw, 200px\" \/>\t\t\t\t\t<\/div>\n\t\t\t\t<\/div>\n\t\t\t<\/div>\n\t\t\t\t<div class=\"icon-box-text last-reset\">\n\t\t\t\t\t\t\t\t\t\n\t<div id=\"text-2079401385\" class=\"text\">\n\t\t\n<h4>Profesyonel Geli\u015ftirme<\/h4>\n<p>Her g\u00fcn daha da iyiye gidiyoruz: uzmanl\u0131k dersleri al\u0131yor, konferanslara kat\u0131l\u0131yor, meslekta\u015flar\u0131m\u0131zla bilgi al\u0131\u015fveri\u015finde bulunuyor ve oyun sekt\u00f6r\u00fcn\u00fc yak\u0131ndan takip ediyoruz.<br \/>\n\t\t\n<style>\n#text-2079401385 {\n  text-align: center;\n}\n<\/style>\n\t<\/div>\n\t\n\t\t<\/div>\n\t<\/div>\n\t\n\t\n\t\t<\/div>\n\t\t\t\t\t<\/div>\n\n\t\n\n\t<div id=\"col-1657456287\" class=\"col medium-10 small-12 large-4\"  >\n\t\t\t\t<div class=\"col-inner text-center\"  >\n\t\t\t\n\t\t\t\n\n\t\t<div class=\"icon-box featured-box icon-box-top text-left\"  >\n\t\t\t\t\t<div class=\"icon-box-img\" style=\"width: 100px\">\n\t\t\t\t<div class=\"icon\">\n\t\t\t\t\t<div class=\"icon-inner\" >\n\t\t\t\t\t\t<img decoding=\"async\" width=\"200\" height=\"200\" src=\"https:\/\/inlingogames.com\/tr\/wp-content\/uploads\/sites\/22\/2023\/05\/Cake.webp\" class=\"attachment-medium size-medium\" alt=\"\" srcset=\"https:\/\/inlingogames.com\/tr\/wp-content\/uploads\/sites\/22\/2023\/05\/Cake.webp 200w, https:\/\/inlingogames.com\/tr\/wp-content\/uploads\/sites\/22\/2023\/05\/Cake-150x150.webp 150w\" sizes=\"(max-width: 200px) 100vw, 200px\" \/>\t\t\t\t\t<\/div>\n\t\t\t\t<\/div>\n\t\t\t<\/div>\n\t\t\t\t<div class=\"icon-box-text last-reset\">\n\t\t\t\t\t\t\t\t\t\n\t<div id=\"text-2682225061\" class=\"text\">\n\t\t\n<h4>M\u00fc\u015fteri Ba\u015far\u0131lar\u0131na Odaklanma<\/h4>\n<p>Amac\u0131m\u0131z m\u00fc\u015fterilerimizle uzun vadeli i\u015f birli\u011fidir. Ba\u015far\u0131n\u0131z ba\u015far\u0131m\u0131zd\u0131r.<br \/>\n\t\t\n<style>\n#text-2682225061 {\n  text-align: center;\n}\n<\/style>\n\t<\/div>\n\t\n\t\t<\/div>\n\t<\/div>\n\t\n\t\n\t\t<\/div>\n\t\t\t\t\t<\/div>\n\n\t\n<\/div>\n\t\t<\/div>\n\t\t\t\t\t<\/div>\n\n\t\n\n\t<div id=\"col-760469758\" class=\"col hide-for-medium medium-1 small-12 large-1\"  >\n\t\t\t\t<div class=\"col-inner\"  >\n\t\t\t\n\t\t\t\n\t\t<\/div>\n\t\t\t\t\t<\/div>\n\n\t\n<\/div>\n\t<div id=\"gap-1265751782\" class=\"gap-element clearfix\" style=\"display:block; height:auto;\">\n\t\t\n<style>\n#gap-1265751782 {\n  padding-top: 40px;\n}\n@media (min-width:550px) {\n  #gap-1265751782 {\n    padding-top: 80px;\n  }\n}\n<\/style>\n\t<\/div>\n\t\n\t\t<\/div>\n\n\t\t\n<style>\n#section_686421976 {\n  padding-top: 30px;\n  padding-bottom: 30px;\n  background-color: #222;\n}\n<\/style>\n\t<\/section>\n\t\n\n\t<section class=\"section\" id=\"section_734983705\">\n\t\t<div class=\"section-bg fill\" >\n\t\t\t\t\t\t\t\t\t\n\t\t\t\n\n\t\t<\/div>\n\n\t\t\n\n\t\t<div class=\"section-content relative\">\n\t\t\t\n<span class=\"scroll-to\" data-label=\"Scroll to: #contacts\" data-bullet=\"false\" data-link=\"#contacts\" data-title=\"Contacts\" ><a name=\"contacts\"><\/a><\/span>\n<div class=\"row\"  id=\"row-122872658\">\n\n\t<div id=\"col-1183563065\" class=\"col small-12 large-12\"  >\n\t\t\t\t<div class=\"col-inner text-center\"  >\n\t\t\t\n\t\t\t\n<h2>Bizimle \u0130leti\u015fime Ge\u00e7in<\/h2>\n<p class=\"big-text\">Herhangi bir sorunuz veya talebiniz varsa bize mesaj g\u00f6ndermekten \u00e7ekinmeyin.<\/p>\n\t\t<\/div>\n\t\t\t\t\n<style>\n#col-1183563065 > .col-inner {\n  padding: 40px 0px 20px 0px;\n}\n@media (min-width:550px) {\n  #col-1183563065 > .col-inner {\n    padding: 40px 0px 0px 0px;\n  }\n}\n@media (min-width:850px) {\n  #col-1183563065 > .col-inner {\n    padding: 80px 0px 40px 0px;\n  }\n}\n<\/style>\n\t<\/div>\n\n\t\n\n\t<div id=\"col-459406092\" class=\"col hide-for-medium medium-1 small-12 large-1\"  >\n\t\t\t\t<div class=\"col-inner\"  >\n\t\t\t\n\t\t\t\n\t\t<\/div>\n\t\t\t\t\t<\/div>\n\n\t\n\n\t<div id=\"col-353885023\" class=\"col medium-12 small-12 large-5\"  >\n\t\t\t\t<div class=\"col-inner\"  >\n\t\t\t\n\t\t\t\n<p class=\"big-text\">Palliser House Palliser Road, Second Floor, London, England, W14 9EB<\/p>\n<div class=\"content-social-icons left\">\n<ul>\n<li><\/li>\n<\/ul>\n<\/div>\n\t\t<\/div>\n\t\t\t\t\t<\/div>\n\n\t\n\n\t<div id=\"col-406335251\" class=\"col medium-10 small-12 large-5\"  >\n\t\t\t\t<div class=\"col-inner\"  >\n\t\t\t\n\t\t\t\n\n<div class=\"wpcf7 no-js\" id=\"wpcf7-f3357-o1\" lang=\"en-US\" dir=\"ltr\" data-wpcf7-id=\"3357\">\n<div class=\"screen-reader-response\"><p role=\"status\" aria-live=\"polite\" aria-atomic=\"true\"><\/p> <ul><\/ul><\/div>\n<form action=\"\/tr\/wp-json\/wp\/v2\/pages\/11#wpcf7-f3357-o1\" method=\"post\" class=\"wpcf7-form init\" aria-label=\"Contact form\" novalidate=\"novalidate\" data-status=\"init\">\n<div style=\"display: none;\">\n<input type=\"hidden\" name=\"_wpcf7\" value=\"3357\" \/>\n<input type=\"hidden\" name=\"_wpcf7_version\" value=\"6.0.5\" \/>\n<input type=\"hidden\" name=\"_wpcf7_locale\" value=\"en_US\" \/>\n<input type=\"hidden\" name=\"_wpcf7_unit_tag\" value=\"wpcf7-f3357-o1\" \/>\n<input type=\"hidden\" name=\"_wpcf7_container_post\" value=\"0\" \/>\n<input type=\"hidden\" name=\"_wpcf7_posted_data_hash\" value=\"\" \/>\n<input type=\"hidden\" name=\"_uacf7_hidden_conditional_fields\" value=\"\" \/>\n<\/div>\n<div class=\"uacf7-form-3357  \"><div class=\"inlingo-form light-form\">\n<label>\n    <span class=\"wpcf7-form-control-wrap\" data-name=\"your-name\"><input size=\"40\" maxlength=\"400\" class=\"wpcf7-form-control wpcf7-text wpcf7-validates-as-required\" autocomplete=\"name\" aria-required=\"true\" aria-invalid=\"false\" placeholder=\"Name\" value=\"\" type=\"text\" name=\"your-name\" \/><\/span> <\/label>\n\n<label>\n    <span class=\"wpcf7-form-control-wrap\" data-name=\"your-email\"><input size=\"40\" maxlength=\"400\" class=\"wpcf7-form-control wpcf7-email wpcf7-validates-as-required wpcf7-text wpcf7-validates-as-email\" autocomplete=\"email\" aria-required=\"true\" aria-invalid=\"false\" placeholder=\"Email\" value=\"\" type=\"email\" name=\"your-email\" \/><\/span> <\/label>\n\n<label>\n    <span class=\"wpcf7-form-control-wrap\" data-name=\"your-message\"><textarea cols=\"40\" rows=\"10\" maxlength=\"2000\" class=\"wpcf7-form-control wpcf7-textarea wpcf7-validates-as-required\" aria-required=\"true\" aria-invalid=\"false\" placeholder=\"Your message\" name=\"your-message\"><\/textarea><\/span> <\/label>\n\n<span id=\"wpcf7-69d3afb6dd39b-wrapper\" class=\"wpcf7-form-control-wrap zipcode-wrap\" style=\"display:none !important; visibility:hidden !important;\"><label for=\"wpcf7-69d3afb6dd39b-field\" class=\"hp-message\">Please leave this field empty.<\/label><input id=\"wpcf7-69d3afb6dd39b-field\"  class=\"wpcf7-form-control wpcf7-text\" type=\"text\" name=\"zipcode\" value=\"\" size=\"40\" tabindex=\"-1\" autocomplete=\"new-password\" \/><\/span>\n\n<div class=\"form-accept\">\n<span class=\"wpcf7-form-control-wrap\" data-name=\"acceptance-615\"><span class=\"wpcf7-form-control wpcf7-acceptance\"><span class=\"wpcf7-list-item\"><label><input type=\"checkbox\" name=\"acceptance-615\" value=\"1\" aria-invalid=\"false\" \/><span class=\"wpcf7-list-item-label\">By clicking \"Send\" you consent to <a href=\"\/policy\" target=\"_blank\">to personal data processing<\/a>. We will not share your contact information with third parties<\/p><\/span><\/label><\/span><\/span><\/span>\n<\/div>\n\n<\/div>\n\n<div class=\"form-button orange-button\">\n<input class=\"wpcf7-form-control wpcf7-submit has-spinner\" type=\"submit\" value=\"Send\" \/>\n<\/div><\/div><input type=\"hidden\" id=\"ct_checkjs_cf7_d554f7bb7be44a7267068a7df88ddd20\" name=\"ct_checkjs_cf7\" value=\"0\" \/><script >setTimeout(function(){var ct_input_name = \"ct_checkjs_cf7_d554f7bb7be44a7267068a7df88ddd20\";if (document.getElementById(ct_input_name) !== null) {var ct_input_value = document.getElementById(ct_input_name).value;document.getElementById(ct_input_name).value = document.getElementById(ct_input_name).value.replace(ct_input_value, '62bc940be2a3e5cf5922df3509db99716c165df6a6dec40a310453ada0d696b6');}}, 1000);<\/script><label class=\"apbct_special_field\" id=\"apbct_label_id40406\" for=\"apbct__email_id__wp_contact_form_7_40406\">40406<\/label><input \n        id=\"apbct__email_id__wp_contact_form_7_40406\" \n        class=\"apbct_special_field apbct__email_id__wp_contact_form_7\"\n        autocomplete=\"off\" \n        name=\"apbct__email_id__wp_contact_form_7_40406\"  \n        type=\"text\" \n        value=\"40406\" \n        size=\"30\" \n        apbct_event_id=\"40406\"\n        maxlength=\"200\" \n    \/><input \n        id=\"apbct_event_id\"\n        class=\"apbct_special_field\"\n        name=\"apbct_event_id\"\n        type=\"hidden\" \n        value=\"40406\" \n            \/><p style=\"display: none !important;\" class=\"akismet-fields-container\" data-prefix=\"_wpcf7_ak_\"><label>&#916;<textarea name=\"_wpcf7_ak_hp_textarea\" cols=\"45\" rows=\"8\" maxlength=\"100\"><\/textarea><\/label><input type=\"hidden\" id=\"ak_js_1\" name=\"_wpcf7_ak_js\" value=\"229\"\/><script>document.getElementById( \"ak_js_1\" ).setAttribute( \"value\", ( new Date() ).getTime() );<\/script><\/p><div class=\"wpcf7-response-output\" aria-hidden=\"true\"><\/div>\n<\/form>\n<\/div>\n\n\t\t<\/div>\n\t\t\t\t\t<\/div>\n\n\t\n\n\t<div id=\"col-2038827629\" class=\"col hide-for-medium medium-1 small-12 large-1\"  >\n\t\t\t\t<div class=\"col-inner\"  >\n\t\t\t\n\t\t\t\n\t\t<\/div>\n\t\t\t\t\t<\/div>\n\n\t\n<\/div>\n\t\t<\/div>\n\n\t\t\n<style>\n#section_734983705 {\n  padding-top: 30px;\n  padding-bottom: 30px;\n  background-color: #f2f2f2;\n}\n<\/style>\n\t<\/section>\n\t\n","protected":false},"excerpt":{"rendered":"","protected":false},"author":1,"featured_media":36,"parent":0,"menu_order":0,"comment_status":"closed","ping_status":"closed","template":"main-template-header-footer.php","meta":{"footnotes":""},"class_list":["post-11","page","type-page","status-publish","has-post-thumbnail","hentry"],"yoast_head":"<!-- This site is optimized with the Yoast SEO plugin v24.7 - https:\/\/yoast.com\/wordpress\/plugins\/seo\/ -->\n<title>INLINGO Hakk\u0131nda - Gamedev Outsourcing Studio<\/title>\n<meta name=\"description\" content=\"INLINGO st\u00fcdyosu 2012 y\u0131l\u0131nda kuruldu. 13 y\u0131l\u0131 a\u015fk\u0131n bir s\u00fcredir k\u00fc\u00e7\u00fck bir yerelle\u015ftirme st\u00fcdyosundan b\u00fcy\u00fck bir uluslararas\u0131 d\u0131\u015f kaynak \u015firketine d\u00f6n\u00fc\u015ft\u00fck.\" \/>\n<meta name=\"robots\" content=\"index, follow, max-snippet:-1, max-image-preview:large, max-video-preview:-1\" \/>\n<link rel=\"canonical\" href=\"https:\/\/inlingogames.com\/tr\/about\/\" \/>\n<meta property=\"og:locale\" content=\"en_US\" \/>\n<meta property=\"og:type\" content=\"article\" \/>\n<meta property=\"og:title\" content=\"About INLINGO \u2013 Gamedev Outsourcing Studio\" \/>\n<meta property=\"og:description\" content=\"INLINGO studio was founded in 2012. Over 11 years of work, we have grown from a small localization studio into a large international outsourcing company.\" \/>\n<meta property=\"og:url\" content=\"https:\/\/inlingogames.com\/tr\/about\/\" \/>\n<meta property=\"og:site_name\" content=\"Turkey\" \/>\n<meta property=\"article:modified_time\" content=\"2025-09-19T09:59:36+00:00\" \/>\n<meta property=\"og:image\" content=\"https:\/\/inlingogames.com\/tr\/wp-content\/uploads\/sites\/22\/2023\/04\/Frame_9.jpg\" \/>\n\t<meta property=\"og:image:width\" content=\"1680\" \/>\n\t<meta property=\"og:image:height\" content=\"945\" \/>\n\t<meta property=\"og:image:type\" content=\"image\/jpeg\" \/>\n<meta name=\"twitter:card\" content=\"summary_large_image\" \/>\n<meta name=\"twitter:title\" content=\"About INLINGO \u2013 Gamedev Outsourcing Studio\" \/>\n<meta name=\"twitter:description\" content=\"INLINGO studio was founded in 2012. Over 11 years of work, we have grown from a small localization studio into a large international outsourcing company.\" \/>\n<meta name=\"twitter:image\" content=\"https:\/\/inlingogames.com\/tr\/wp-content\/uploads\/sites\/22\/2023\/04\/Frame_9.jpg\" \/>\n<meta name=\"twitter:label1\" content=\"Est. reading time\" \/>\n\t<meta name=\"twitter:data1\" content=\"2 minutes\" \/>\n<!-- \/ Yoast SEO plugin. -->","yoast_head_json":{"title":"INLINGO Hakk\u0131nda - Gamedev Outsourcing Studio","description":"INLINGO st\u00fcdyosu 2012 y\u0131l\u0131nda kuruldu. 13 y\u0131l\u0131 a\u015fk\u0131n bir s\u00fcredir k\u00fc\u00e7\u00fck bir yerelle\u015ftirme st\u00fcdyosundan b\u00fcy\u00fck bir uluslararas\u0131 d\u0131\u015f kaynak \u015firketine d\u00f6n\u00fc\u015ft\u00fck.","robots":{"index":"index","follow":"follow","max-snippet":"max-snippet:-1","max-image-preview":"max-image-preview:large","max-video-preview":"max-video-preview:-1"},"canonical":"https:\/\/inlingogames.com\/tr\/about\/","og_locale":"en_US","og_type":"article","og_title":"About INLINGO \u2013 Gamedev Outsourcing Studio","og_description":"INLINGO studio was founded in 2012. Over 11 years of work, we have grown from a small localization studio into a large international outsourcing company.","og_url":"https:\/\/inlingogames.com\/tr\/about\/","og_site_name":"Turkey","article_modified_time":"2025-09-19T09:59:36+00:00","og_image":[{"width":1680,"height":945,"url":"https:\/\/inlingogames.com\/tr\/wp-content\/uploads\/sites\/22\/2023\/04\/Frame_9.jpg","type":"image\/jpeg"}],"twitter_card":"summary_large_image","twitter_title":"About INLINGO \u2013 Gamedev Outsourcing Studio","twitter_description":"INLINGO studio was founded in 2012. Over 11 years of work, we have grown from a small localization studio into a large international outsourcing company.","twitter_image":"https:\/\/inlingogames.com\/tr\/wp-content\/uploads\/sites\/22\/2023\/04\/Frame_9.jpg","twitter_misc":{"Est. reading time":"2 minutes"},"schema":{"@context":"https:\/\/schema.org","@graph":[{"@type":"WebPage","@id":"https:\/\/inlingogames.com\/tr\/about\/","url":"https:\/\/inlingogames.com\/tr\/about\/","name":"INLINGO Hakk\u0131nda - Gamedev Outsourcing Studio","isPartOf":{"@id":"https:\/\/inlingogames.com\/tr\/#website"},"primaryImageOfPage":{"@id":"https:\/\/inlingogames.com\/tr\/about\/#primaryimage"},"image":{"@id":"https:\/\/inlingogames.com\/tr\/about\/#primaryimage"},"thumbnailUrl":"https:\/\/inlingogames.com\/tr\/wp-content\/uploads\/sites\/22\/2023\/04\/Frame_9.jpg","datePublished":"2023-04-28T07:27:23+00:00","dateModified":"2025-09-19T09:59:36+00:00","description":"INLINGO st\u00fcdyosu 2012 y\u0131l\u0131nda kuruldu. 13 y\u0131l\u0131 a\u015fk\u0131n bir s\u00fcredir k\u00fc\u00e7\u00fck bir yerelle\u015ftirme st\u00fcdyosundan b\u00fcy\u00fck bir uluslararas\u0131 d\u0131\u015f kaynak \u015firketine d\u00f6n\u00fc\u015ft\u00fck.","breadcrumb":{"@id":"https:\/\/inlingogames.com\/tr\/about\/#breadcrumb"},"inLanguage":"en-US","potentialAction":[{"@type":"ReadAction","target":["https:\/\/inlingogames.com\/tr\/about\/"]}]},{"@type":"ImageObject","inLanguage":"en-US","@id":"https:\/\/inlingogames.com\/tr\/about\/#primaryimage","url":"https:\/\/inlingogames.com\/tr\/wp-content\/uploads\/sites\/22\/2023\/04\/Frame_9.jpg","contentUrl":"https:\/\/inlingogames.com\/tr\/wp-content\/uploads\/sites\/22\/2023\/04\/Frame_9.jpg","width":1680,"height":945},{"@type":"BreadcrumbList","@id":"https:\/\/inlingogames.com\/tr\/about\/#breadcrumb","itemListElement":[{"@type":"ListItem","position":1,"name":"Home","item":"https:\/\/inlingogames.com\/tr\/"},{"@type":"ListItem","position":2,"name":"About Us"}]},{"@type":"WebSite","@id":"https:\/\/inlingogames.com\/tr\/#website","url":"https:\/\/inlingogames.com\/tr\/","name":"Turkey","description":"","potentialAction":[{"@type":"SearchAction","target":{"@type":"EntryPoint","urlTemplate":"https:\/\/inlingogames.com\/tr\/?s={search_term_string}"},"query-input":{"@type":"PropertyValueSpecification","valueRequired":true,"valueName":"search_term_string"}}],"inLanguage":"en-US"}]}},"_links":{"self":[{"href":"https:\/\/inlingogames.com\/tr\/wp-json\/wp\/v2\/pages\/11","targetHints":{"allow":["GET"]}}],"collection":[{"href":"https:\/\/inlingogames.com\/tr\/wp-json\/wp\/v2\/pages"}],"about":[{"href":"https:\/\/inlingogames.com\/tr\/wp-json\/wp\/v2\/types\/page"}],"author":[{"embeddable":true,"href":"https:\/\/inlingogames.com\/tr\/wp-json\/wp\/v2\/users\/1"}],"replies":[{"embeddable":true,"href":"https:\/\/inlingogames.com\/tr\/wp-json\/wp\/v2\/comments?post=11"}],"version-history":[{"count":75,"href":"https:\/\/inlingogames.com\/tr\/wp-json\/wp\/v2\/pages\/11\/revisions"}],"predecessor-version":[{"id":9148,"href":"https:\/\/inlingogames.com\/tr\/wp-json\/wp\/v2\/pages\/11\/revisions\/9148"}],"wp:featuredmedia":[{"embeddable":true,"href":"https:\/\/inlingogames.com\/tr\/wp-json\/wp\/v2\/media\/36"}],"wp:attachment":[{"href":"https:\/\/inlingogames.com\/tr\/wp-json\/wp\/v2\/media?parent=11"}],"curies":[{"name":"wp","href":"https:\/\/api.w.org\/{rel}","templated":true}]}}