{"id":3417,"date":"2023-05-11T09:51:08","date_gmt":"2023-05-11T09:51:08","guid":{"rendered":"https:\/\/inlingogames.com\/tr\/\/?page_id=3417"},"modified":"2025-09-19T10:12:14","modified_gmt":"2025-09-19T10:12:14","slug":"art","status":"publish","type":"page","link":"https:\/\/inlingogames.com\/tr\/art\/","title":{"rendered":"Art"},"content":{"rendered":"\n\t<section class=\"section gameart mainsecttt dark\" id=\"section_1203063051\">\n\t\t<div class=\"section-bg fill\" >\n\t\t\t\t\t\t\t\t\t\n\t\t\t\n\n\t\t<\/div>\n\n\t\t\n\n\t\t<div class=\"section-content relative\">\n\t\t\t\n<div class=\"row row-full-width\"  id=\"row-1596737657\">\n\n\t<div id=\"col-923501562\" class=\"col medium-6 small-12 large-6\"  >\n\t\t\t\t<div class=\"col-inner text-left\"  >\n\t\t\t\n\t\t\t\n<div class=\"artbigmaintext\">\n<h1 class=\"titlepgg\">Video oyunlar\u0131 i\u00e7in oyun i\u00e7i ve pazarlama ama\u00e7l\u0131 sanat yap\u0131yoruz<\/h1>\n\t<div id=\"gap-1566973612\" class=\"gap-element clearfix\" style=\"display:block; height:auto;\">\n\t\t\n<style>\n#gap-1566973612 {\n  padding-top: 40px;\n}\n@media (min-width:550px) {\n  #gap-1566973612 {\n    padding-top: 30px;\n  }\n}\n<\/style>\n\t<\/div>\n\t\n<a href=\"#getintouch\" class=\"button primary arttransp-one\"  style=\"border-radius:16px;\">\n\t\t<span>\u0130leti\u015fime ge\u00e7in<\/span>\n\t<\/a>\n\n<\/div>\n\t\t<\/div>\n\t\t\t\t\t<\/div>\n\n\t\n\n\t<div id=\"col-737546674\" class=\"col hide-for-medium medium-1 small-12 large-1\"  >\n\t\t\t\t<div class=\"col-inner\"  >\n\t\t\t\n\t\t\t\n\t\t<\/div>\n\t\t\t\t\t<\/div>\n\n\t\n\n\t<div id=\"col-1209492276\" class=\"col hide-for-small medium-6 small-12 large-5\"  data-animate=\"fadeInRight\">\n\t\t\t\t<div class=\"col-inner\"  >\n\t\t\t\n\t\t\t\n<div class=\"bigrobomainbg\"><\/div>\n\t\t<\/div>\n\t\t\t\t\t<\/div>\n\n\t\n<\/div>\n\t\t<\/div>\n\n\t\t\n<style>\n#section_1203063051 {\n  padding-top: 30px;\n  padding-bottom: 30px;\n  background-color: rgb(14, 14, 14);\n}\n<\/style>\n\t<\/section>\n\t\n\n\t<section class=\"section gameart dark\" id=\"section_164659275\">\n\t\t<div class=\"section-bg fill\" >\n\t\t\t\t\t\t\t\t\t\n\t\t\t\n\n\t\t<\/div>\n\n\t\t\n\n\t\t<div class=\"section-content relative\">\n\t\t\t\n<span class=\"scroll-to\" data-label=\"Scroll to: #genres\" data-bullet=\"false\" data-link=\"#genres\" data-title=\"Genres\" ><a name=\"genres\"><\/a><\/span>\n\t<div id=\"gap-272041874\" class=\"gap-element clearfix\" style=\"display:block; height:auto;\">\n\t\t\n<style>\n#gap-272041874 {\n  padding-top: 20px;\n}\n@media (min-width:550px) {\n  #gap-272041874 {\n    padding-top: 40px;\n  }\n}\n<\/style>\n\t<\/div>\n\t\n<div class=\"row\"  id=\"row-1332852707\">\n\n\t<div id=\"col-927666162\" class=\"col medium-10 large-12\"  >\n\t\t\t\t<div class=\"col-inner text-left\"  >\n\t\t\t\n\t\t\t\n<h2>\u00c7al\u0131\u015ft\u0131\u011f\u0131m\u0131z t\u00fcrler<\/h2>\n\t\t<\/div>\n\t\t\t\t\n<style>\n#col-927666162 > .col-inner {\n  padding: 0px 0px 0px 0px;\n}\n@media (min-width:550px) {\n  #col-927666162 > .col-inner {\n    padding: 0px 0px 0px 0px;\n  }\n}\n@media (min-width:850px) {\n  #col-927666162 > .col-inner {\n    padding: 0px 40px 0px 0px;\n  }\n}\n<\/style>\n\t<\/div>\n\n\t\n<\/div>\n<div class=\"row row-small align-equal art-small-greybanners\"  id=\"row-342496842\">\n\n\t<div id=\"col-123950263\" class=\"col greybannerstewo medium-6 small-12 large-3\"  >\n\t\t\t\t<div class=\"col-inner\"  >\n\t\t\t\n\t\t\t\n<h3 class=\"purpletwo\">\u00c7iftlik ve Bulmaca<\/h3>\n<p class=\"tanimate-one\">Binalar, mobilyalar ve bitkiler gibi sahne unsurlar\u0131ndan raster veya vekt\u00f6r arka planlara ve simgelere.<\/p>\n\t\t<\/div>\n\t\t\t\t\n<style>\n#col-123950263 > .col-inner {\n  padding: 30px 30px 10px 30px;\n}\n<\/style>\n\t<\/div>\n\n\t\n\n\t<div id=\"col-714010428\" class=\"col greybannerstewo medium-6 small-12 large-3\"  >\n\t\t\t\t<div class=\"col-inner\"  >\n\t\t\t\n\t\t\t\n<h3 class=\"purpletwo\">G\u00f6rsel Romanlar<\/h3>\n<p class=\"tanimate-two\">Hik\u00e2yenizi renklendirecek stilize veya ger\u00e7ek\u00e7i kahramanlar ve herhangi bir ortam i\u00e7in arka planlar.<\/p>\n\t\t<\/div>\n\t\t\t\t\n<style>\n#col-714010428 > .col-inner {\n  padding: 30px 30px 10px 30px;\n}\n<\/style>\n\t<\/div>\n\n\t\n\n\t<div id=\"col-836941304\" class=\"col greybannerstewo medium-6 small-12 large-3\"  >\n\t\t\t\t<div class=\"col-inner\"  >\n\t\t\t\n\t\t\t\n<h3 class=\"purpletwo\">Ba\u011f\u0131ms\u0131z oyunlar<\/h3>\n<p class=\"tanimate-three\">Oyununuzu k\u0131sa s\u00fcrede kusursuzca g\u00f6rselle\u015ftirecek sanat tasar\u0131mlar\u0131.<\/p>\n\t\t<\/div>\n\t\t\t\t\n<style>\n#col-836941304 > .col-inner {\n  padding: 30px 30px 10px 30px;\n}\n<\/style>\n\t<\/div>\n\n\t\n\n\t<div id=\"col-488996174\" class=\"col greybannerstewo medium-6 small-12 large-3\"  >\n\t\t\t\t<div class=\"col-inner\"  >\n\t\t\t\n\t\t\t\n<h3 class=\"purpletwo\">Aksiyon\/<br \/>Macera<\/h3>\n<p class=\"tanimate-four\">Karakterleriniz i\u00e7in konseptlerden projeniz i\u00e7in sert y\u00fczey 3D sahnelere.<\/p>\n\t\t<\/div>\n\t\t\t\t\n<style>\n#col-488996174 > .col-inner {\n  padding: 30px 30px 10px 30px;\n}\n<\/style>\n\t<\/div>\n\n\t\n<\/div>\n\t<div id=\"gap-1628891105\" class=\"gap-element clearfix\" style=\"display:block; height:auto;\">\n\t\t\n<style>\n#gap-1628891105 {\n  padding-top: 20px;\n}\n@media (min-width:550px) {\n  #gap-1628891105 {\n    padding-top: 40px;\n  }\n}\n<\/style>\n\t<\/div>\n\t\n\t\t<\/div>\n\n\t\t\n<style>\n#section_164659275 {\n  padding-top: 30px;\n  padding-bottom: 30px;\n  background-color: rgb(14, 14, 14);\n}\n<\/style>\n\t<\/section>\n\t\n\n\n\t<section class=\"section gameart dark\" id=\"section_732712563\">\n\t\t<div class=\"section-bg fill\" >\n\t\t\t\t\t\t\t\t\t\n\t\t\t\n\n\t\t<\/div>\n\n\t\t\n\n\t\t<div class=\"section-content relative\">\n\t\t\t\n\t<div id=\"gap-980130701\" class=\"gap-element clearfix\" style=\"display:block; height:auto;\">\n\t\t\n<style>\n#gap-980130701 {\n  padding-top: 20px;\n}\n@media (min-width:550px) {\n  #gap-980130701 {\n    padding-top: 40px;\n  }\n}\n<\/style>\n\t<\/div>\n\t\n<div class=\"row\"  id=\"row-2067959689\">\n\n\t<div id=\"col-911212136\" class=\"col medium-10 large-12\"  >\n\t\t\t\t<div class=\"col-inner text-left\"  >\n\t\t\t\n\t\t\t\n<h2>Kulland\u0131\u011f\u0131m\u0131z ba\u015fl\u0131ca yaz\u0131l\u0131m<\/h2>\n\t\t<\/div>\n\t\t\t\t\n<style>\n#col-911212136 > .col-inner {\n  padding: 0px 0px 0px 0px;\n}\n@media (min-width:550px) {\n  #col-911212136 > .col-inner {\n    padding: 0px 0px 0px 0px;\n  }\n}\n@media (min-width:850px) {\n  #col-911212136 > .col-inner {\n    padding: 0px 40px 0px 0px;\n  }\n}\n<\/style>\n\t<\/div>\n\n\t\n<\/div>\n<div class=\"row row-small row-full-width align-equal align-center\"  id=\"row-988743528\">\n\n\t<div id=\"col-1897384486\" class=\"col small-12 large-12\"  >\n\t\t\t\t<div class=\"col-inner\"  >\n\t\t\t\n\t\t\t\n\n<div class=\"art-slider\">\n<div class=\"art-slide-track\">\n<div class=\"art-slide\"><img decoding=\"async\" src=\"\/wp-content\/uploads\/sites\/22\/2023\/07\/artlogo1.svg\" height=\"208\" width=\"186\" alt=\"\" \/><\/div>\n<div class=\"art-slide\"><img decoding=\"async\" src=\"\/wp-content\/uploads\/sites\/22\/2023\/07\/artlogo2.svg\" height=\"208\" width=\"186\" alt=\"\" \/><\/div>\n<div class=\"art-slide\"><img decoding=\"async\" src=\"\/wp-content\/uploads\/sites\/22\/2023\/07\/artlogo3.svg\" height=\"208\" width=\"186\" alt=\"\" \/><\/div>\n<div class=\"art-slide\"><img decoding=\"async\" src=\"\/wp-content\/uploads\/sites\/22\/2023\/07\/artlogo4.svg\" height=\"208\" width=\"186\" alt=\"\" \/><\/div>\n<div class=\"art-slide\"><img decoding=\"async\" src=\"\/wp-content\/uploads\/sites\/22\/2023\/07\/artlogo5.svg\" height=\"208\" width=\"186\" alt=\"\" \/><\/div>\n<div class=\"art-slide\"><img decoding=\"async\" src=\"\/wp-content\/uploads\/sites\/22\/2023\/07\/artlogo6.svg\" height=\"208\" width=\"186\" alt=\"\" \/><\/div>\n<div class=\"art-slide\"><img decoding=\"async\" src=\"\/wp-content\/uploads\/sites\/22\/2023\/07\/artlogo7.svg\" height=\"208\" width=\"186\" alt=\"\" \/><\/div>\n<div class=\"art-slide\"><img decoding=\"async\" src=\"\/wp-content\/uploads\/sites\/22\/2023\/07\/artlogo8.svg\" height=\"208\" width=\"186\" alt=\"\" \/><\/div>\n<div class=\"art-slide\"><img decoding=\"async\" src=\"\/wp-content\/uploads\/sites\/22\/2023\/07\/artlogo1.svg\" height=\"208\" width=\"186\" alt=\"\" \/><\/div>\n<div class=\"art-slide\"><img decoding=\"async\" src=\"\/wp-content\/uploads\/sites\/22\/2023\/07\/artlogo2.svg\" height=\"208\" width=\"186\" alt=\"\" \/><\/div>\n<div class=\"art-slide\"><img decoding=\"async\" src=\"\/wp-content\/uploads\/sites\/22\/2023\/07\/artlogo3.svg\" height=\"208\" width=\"186\" alt=\"\" \/><\/div>\n<div class=\"art-slide\"><img decoding=\"async\" src=\"\/wp-content\/uploads\/sites\/22\/2023\/07\/artlogo4.svg\" height=\"208\" width=\"186\" alt=\"\" \/><\/div>\n<div class=\"art-slide\"><img decoding=\"async\" src=\"\/wp-content\/uploads\/sites\/22\/2023\/07\/artlogo5.svg\" height=\"208\" width=\"186\" alt=\"\" \/><\/div>\n<div class=\"art-slide\"><img decoding=\"async\" src=\"\/wp-content\/uploads\/sites\/22\/2023\/07\/artlogo6.svg\" height=\"208\" width=\"186\" alt=\"\" \/><\/div>\n<div class=\"art-slide\"><img decoding=\"async\" src=\"\/wp-content\/uploads\/sites\/22\/2023\/07\/artlogo7.svg\" height=\"208\" width=\"186\" alt=\"\" \/><\/div>\n<div class=\"art-slide\"><img decoding=\"async\" src=\"\/wp-content\/uploads\/sites\/22\/2023\/07\/artlogo8.svg\" height=\"208\" width=\"186\" alt=\"\" \/><\/div>\n<\/div>\n<\/div>\n\n\t\t<\/div>\n\t\t\t\t\t<\/div>\n\n\t\n<\/div>\n\t<div id=\"gap-221378485\" class=\"gap-element clearfix\" style=\"display:block; height:auto;\">\n\t\t\n<style>\n#gap-221378485 {\n  padding-top: 20px;\n}\n@media (min-width:550px) {\n  #gap-221378485 {\n    padding-top: 40px;\n  }\n}\n<\/style>\n\t<\/div>\n\t\n\t\t<\/div>\n\n\t\t\n<style>\n#section_732712563 {\n  padding-top: 30px;\n  padding-bottom: 30px;\n  background-color: rgb(14, 14, 14);\n}\n<\/style>\n\t<\/section>\n\t\n\n\t<section class=\"section dark\" id=\"section_454589116\">\n\t\t<div class=\"section-bg fill\" >\n\t\t\t\t\t\t\t\t\t\n\t\t\t\n\n\t\t<\/div>\n\n\t\t\n\n\t\t<div class=\"section-content relative\">\n\t\t\t\n<span class=\"scroll-to\" data-label=\"Scroll to: #getintouch\" data-bullet=\"false\" data-link=\"#getintouch\" data-title=\"Get in touch\" ><a name=\"getintouch\"><\/a><\/span>\n<div class=\"row align-equal\"  id=\"row-624139978\">\n\n\t<div id=\"col-790999357\" class=\"col medium-12 small-12 large-6\"  >\n\t\t\t\t<div class=\"col-inner text-left\"  >\n\t\t\t\n\t\t\t\n\n  <div class=\"banner has-hover gagetintouch-banner\" id=\"banner-1088293568\">\n          <div class=\"banner-inner fill\">\n        <div class=\"banner-bg fill\" >\n            <img decoding=\"async\" width=\"1200\" height=\"945\" src=\"https:\/\/inlingogames.com\/tr\/wp-content\/uploads\/sites\/22\/2023\/07\/geint.jpeg\" class=\"bg attachment-original size-original\" alt=\"\" \/>                        <div class=\"overlay\"><\/div>            \n                    <\/div>\n\t\t\n        <div class=\"banner-layers container\">\n            <div class=\"fill banner-link\"><\/div>            \n   <div id=\"text-box-497300409\" class=\"text-box banner-layer x5 md-x5 lg-x5 y5 md-y5 lg-y5 res-text\">\n                                <div class=\"text-box-content text dark\">\n              \n              <div class=\"text-inner text-center\">\n                  \n\t<div id=\"text-1507801845\" class=\"text\">\n\t\t\n<h4>\u0130leti\u015fime ge\u00e7in<\/h4>\n<p>Palliser House Palliser Road, Second Floor,<br \/> London, England, W14 9EB<\/p>\n<p>Email: <a href=\"mailto:order@inlingoart.com\">order@inlingoart.com<\/a><\/p>\n\t\t\n<style>\n#text-1507801845 {\n  text-align: left;\n}\n<\/style>\n\t<\/div>\n\t\n              <\/div>\n           <\/div>\n                            \n<style>\n#text-box-497300409 {\n  width: 90%;\n}\n#text-box-497300409 .text-box-content {\n  font-size: 100%;\n}\n@media (min-width:550px) {\n  #text-box-497300409 {\n    width: 63%;\n  }\n}\n<\/style>\n    <\/div>\n \n        <\/div>\n      <\/div>\n\n            \n<style>\n#banner-1088293568 {\n  padding-top: 450px;\n}\n#banner-1088293568 .overlay {\n  background-color: rgba(91, 19, 191, 0.74);\n}\n@media (min-width:850px) {\n  #banner-1088293568 {\n    padding-top: 500px;\n  }\n}\n<\/style>\n  <\/div>\n\n\n\t\t<\/div>\n\t\t\t\t\t<\/div>\n\n\t\n\n\t<div id=\"col-881643524\" class=\"col medium-12 small-12 large-6\"  >\n\t\t\t\t<div class=\"col-inner\"  >\n\t\t\t\n\t\t\t\n\n  <div class=\"banner has-hover gagetintouch-banner withgaform\" id=\"banner-1024508831\">\n          <div class=\"banner-inner fill\">\n        <div class=\"banner-bg fill\" >\n                                    <div class=\"overlay\"><\/div>            \n                    <\/div>\n\t\t\n        <div class=\"banner-layers container\">\n            <div class=\"fill banner-link\"><\/div>            \n<div class=\"artform-blck\">\n\n<div class=\"wpcf7 no-js\" id=\"wpcf7-f5713-o1\" lang=\"en-US\" dir=\"ltr\" data-wpcf7-id=\"5713\">\n<div class=\"screen-reader-response\"><p role=\"status\" aria-live=\"polite\" aria-atomic=\"true\"><\/p> <ul><\/ul><\/div>\n<form action=\"\/tr\/wp-json\/wp\/v2\/pages\/3417#wpcf7-f5713-o1\" method=\"post\" class=\"wpcf7-form init\" aria-label=\"Contact form\" novalidate=\"novalidate\" data-status=\"init\">\n<div style=\"display: none;\">\n<input type=\"hidden\" name=\"_wpcf7\" value=\"5713\" \/>\n<input type=\"hidden\" name=\"_wpcf7_version\" value=\"6.0.5\" \/>\n<input type=\"hidden\" name=\"_wpcf7_locale\" value=\"en_US\" \/>\n<input type=\"hidden\" name=\"_wpcf7_unit_tag\" value=\"wpcf7-f5713-o1\" \/>\n<input type=\"hidden\" name=\"_wpcf7_container_post\" value=\"0\" \/>\n<input type=\"hidden\" name=\"_wpcf7_posted_data_hash\" value=\"\" \/>\n<input type=\"hidden\" name=\"_uacf7_hidden_conditional_fields\" value=\"\" \/>\n<\/div>\n<div class=\"uacf7-form-5713  \"><div class=\"inlingo-form artgetform\">\n<label><span class=\"lbl\">E-posta adresiniz:<\/span>\n    <span class=\"wpcf7-form-control-wrap\" data-name=\"your-email\"><input size=\"40\" maxlength=\"400\" class=\"wpcf7-form-control wpcf7-email wpcf7-validates-as-required wpcf7-text wpcf7-validates-as-email\" autocomplete=\"email\" aria-required=\"true\" aria-invalid=\"false\" value=\"\" type=\"email\" name=\"your-email\" \/><\/span> <\/label>\n\n<label><span class=\"lbl\">Bize hangi konuda yard\u0131ma ihtiyac\u0131n\u0131z oldu\u011funu s\u00f6yleyin:<\/span>\n    <span class=\"wpcf7-form-control-wrap\" data-name=\"your-message\"><textarea cols=\"40\" rows=\"10\" maxlength=\"2000\" class=\"wpcf7-form-control wpcf7-textarea wpcf7-validates-as-required\" aria-required=\"true\" aria-invalid=\"false\" placeholder=\"Bir yorum girin\" name=\"your-message\"><\/textarea><\/span> <\/label>\n\n<span id=\"wpcf7-69d3afd21c29d-wrapper\" class=\"wpcf7-form-control-wrap zipcode-wrap\" style=\"display:none !important; visibility:hidden !important;\"><label for=\"wpcf7-69d3afd21c29d-field\" class=\"hp-message\">Please leave this field empty.<\/label><input id=\"wpcf7-69d3afd21c29d-field\"  class=\"wpcf7-form-control wpcf7-text\" type=\"text\" name=\"zipcode\" value=\"\" size=\"40\" tabindex=\"-1\" autocomplete=\"new-password\" \/><\/span>\n<\/div>\n\n<div class=\"form-button artbuttn-trans\">\n<input class=\"wpcf7-form-control wpcf7-submit has-spinner\" type=\"submit\" value=\"\u015eimdi g\u00f6nder\" \/>\n<\/div><\/div><input type=\"hidden\" id=\"ct_checkjs_cf7_05f971b5ec196b8c65b75d2ef8267331\" name=\"ct_checkjs_cf7\" value=\"0\" \/><script >setTimeout(function(){var ct_input_name = \"ct_checkjs_cf7_05f971b5ec196b8c65b75d2ef8267331\";if (document.getElementById(ct_input_name) !== null) {var ct_input_value = document.getElementById(ct_input_name).value;document.getElementById(ct_input_name).value = document.getElementById(ct_input_name).value.replace(ct_input_value, '62bc940be2a3e5cf5922df3509db99716c165df6a6dec40a310453ada0d696b6');}}, 1000);<\/script><label class=\"apbct_special_field\" id=\"apbct_label_id1036\" for=\"apbct__email_id__wp_contact_form_7_1036\">1036<\/label><input \n        id=\"apbct__email_id__wp_contact_form_7_1036\" \n        class=\"apbct_special_field apbct__email_id__wp_contact_form_7\"\n        autocomplete=\"off\" \n        name=\"apbct__email_id__wp_contact_form_7_1036\"  \n        type=\"text\" \n        value=\"1036\" \n        size=\"30\" \n        apbct_event_id=\"1036\"\n        maxlength=\"200\" \n    \/><input \n        id=\"apbct_event_id\"\n        class=\"apbct_special_field\"\n        name=\"apbct_event_id\"\n        type=\"hidden\" \n        value=\"1036\" \n            \/><p style=\"display: none !important;\" class=\"akismet-fields-container\" data-prefix=\"_wpcf7_ak_\"><label>&#916;<textarea name=\"_wpcf7_ak_hp_textarea\" cols=\"45\" rows=\"8\" maxlength=\"100\"><\/textarea><\/label><input type=\"hidden\" id=\"ak_js_1\" name=\"_wpcf7_ak_js\" value=\"183\"\/><script>document.getElementById( \"ak_js_1\" ).setAttribute( \"value\", ( new Date() ).getTime() );<\/script><\/p><div class=\"wpcf7-response-output\" aria-hidden=\"true\"><\/div>\n<\/form>\n<\/div>\n\n<\/div>\n        <\/div>\n      <\/div>\n\n            \n<style>\n#banner-1024508831 {\n  padding-top: 570px;\n}\n#banner-1024508831 .overlay {\n  background-color: rgba(29, 29, 29, 1);\n}\n@media (min-width:550px) {\n  #banner-1024508831 {\n    padding-top: 570px;\n  }\n}\n@media (min-width:850px) {\n  #banner-1024508831 {\n    padding-top: 500px;\n  }\n}\n<\/style>\n  <\/div>\n\n\n\t\t<\/div>\n\t\t\t\t\t<\/div>\n\n\t\n<\/div>\n\t<div id=\"gap-1066400138\" class=\"gap-element clearfix\" style=\"display:block; height:auto;\">\n\t\t\n<style>\n#gap-1066400138 {\n  padding-top: 20px;\n}\n@media (min-width:550px) {\n  #gap-1066400138 {\n    padding-top: 50px;\n  }\n}\n<\/style>\n\t<\/div>\n\t\n\t\t<\/div>\n\n\t\t\n<style>\n#section_454589116 {\n  padding-top: 30px;\n  padding-bottom: 30px;\n  background-color: rgb(14, 14, 14);\n}\n<\/style>\n\t<\/section>\n\t\n","protected":false},"excerpt":{"rendered":"","protected":false},"author":1,"featured_media":9091,"parent":0,"menu_order":0,"comment_status":"closed","ping_status":"closed","template":"main-template-header-footer.php","meta":{"footnotes":""},"class_list":["post-3417","page","type-page","status-publish","has-post-thumbnail","hentry"],"yoast_head":"<!-- This site is optimized with the Yoast SEO plugin v24.7 - https:\/\/yoast.com\/wordpress\/plugins\/seo\/ -->\n<title>Oyun sanat\u0131 d\u0131\u015f kaynak hizmetleri - video ve mobil oyun sanat st\u00fcdyosu<\/title>\n<meta name=\"description\" content=\"Video oyunlar\u0131 i\u00e7in oyun i\u00e7i tasar\u0131m ve pazarlama sanat\u0131 yap\u0131yoruz - \u00e7iftlikler ve bulmacalar, g\u00f6rsel romanlar, ba\u011f\u0131ms\u0131z oyunlar ve daha fazlas\u0131\" \/>\n<meta name=\"robots\" content=\"index, follow, max-snippet:-1, max-image-preview:large, max-video-preview:-1\" \/>\n<link rel=\"canonical\" href=\"https:\/\/inlingogames.com\/tr\/art\/\" \/>\n<meta property=\"og:locale\" content=\"en_US\" \/>\n<meta property=\"og:type\" content=\"article\" \/>\n<meta property=\"og:title\" content=\"Oyun sanat\u0131 d\u0131\u015f kaynak hizmetleri - video ve mobil oyun sanat st\u00fcdyosu\" \/>\n<meta property=\"og:description\" content=\"Video oyunlar\u0131 i\u00e7in oyun i\u00e7i tasar\u0131m ve pazarlama sanat\u0131 yap\u0131yoruz - \u00e7iftlikler ve bulmacalar, g\u00f6rsel romanlar, ba\u011f\u0131ms\u0131z oyunlar ve daha fazlas\u0131\" \/>\n<meta property=\"og:url\" content=\"https:\/\/inlingogames.com\/tr\/art\/\" \/>\n<meta property=\"og:site_name\" content=\"Turkey\" \/>\n<meta property=\"article:modified_time\" content=\"2025-09-19T10:12:14+00:00\" \/>\n<meta property=\"og:image\" content=\"https:\/\/inlingogames.com\/tr\/wp-content\/uploads\/sites\/22\/2025\/04\/Art_TR.jpg\" \/>\n\t<meta property=\"og:image:width\" content=\"1200\" \/>\n\t<meta property=\"og:image:height\" content=\"630\" \/>\n\t<meta property=\"og:image:type\" content=\"image\/jpeg\" \/>\n<meta name=\"twitter:card\" content=\"summary_large_image\" \/>\n<meta name=\"twitter:label1\" content=\"Est. reading time\" \/>\n\t<meta name=\"twitter:data1\" content=\"6 minutes\" \/>\n<!-- \/ Yoast SEO plugin. -->","yoast_head_json":{"title":"Oyun sanat\u0131 d\u0131\u015f kaynak hizmetleri - video ve mobil oyun sanat st\u00fcdyosu","description":"Video oyunlar\u0131 i\u00e7in oyun i\u00e7i tasar\u0131m ve pazarlama sanat\u0131 yap\u0131yoruz - \u00e7iftlikler ve bulmacalar, g\u00f6rsel romanlar, ba\u011f\u0131ms\u0131z oyunlar ve daha fazlas\u0131","robots":{"index":"index","follow":"follow","max-snippet":"max-snippet:-1","max-image-preview":"max-image-preview:large","max-video-preview":"max-video-preview:-1"},"canonical":"https:\/\/inlingogames.com\/tr\/art\/","og_locale":"en_US","og_type":"article","og_title":"Oyun sanat\u0131 d\u0131\u015f kaynak hizmetleri - video ve mobil oyun sanat st\u00fcdyosu","og_description":"Video oyunlar\u0131 i\u00e7in oyun i\u00e7i tasar\u0131m ve pazarlama sanat\u0131 yap\u0131yoruz - \u00e7iftlikler ve bulmacalar, g\u00f6rsel romanlar, ba\u011f\u0131ms\u0131z oyunlar ve daha fazlas\u0131","og_url":"https:\/\/inlingogames.com\/tr\/art\/","og_site_name":"Turkey","article_modified_time":"2025-09-19T10:12:14+00:00","og_image":[{"width":1200,"height":630,"url":"https:\/\/inlingogames.com\/tr\/wp-content\/uploads\/sites\/22\/2025\/04\/Art_TR.jpg","type":"image\/jpeg"}],"twitter_card":"summary_large_image","twitter_misc":{"Est. reading time":"6 minutes"},"schema":{"@context":"https:\/\/schema.org","@graph":[{"@type":"WebPage","@id":"https:\/\/inlingogames.com\/tr\/art\/","url":"https:\/\/inlingogames.com\/tr\/art\/","name":"Oyun sanat\u0131 d\u0131\u015f kaynak hizmetleri - video ve mobil oyun sanat st\u00fcdyosu","isPartOf":{"@id":"https:\/\/inlingogames.com\/tr\/#website"},"primaryImageOfPage":{"@id":"https:\/\/inlingogames.com\/tr\/art\/#primaryimage"},"image":{"@id":"https:\/\/inlingogames.com\/tr\/art\/#primaryimage"},"thumbnailUrl":"https:\/\/inlingogames.com\/tr\/wp-content\/uploads\/sites\/22\/2025\/04\/Art_TR.jpg","datePublished":"2023-05-11T09:51:08+00:00","dateModified":"2025-09-19T10:12:14+00:00","description":"Video oyunlar\u0131 i\u00e7in oyun i\u00e7i tasar\u0131m ve pazarlama sanat\u0131 yap\u0131yoruz - \u00e7iftlikler ve bulmacalar, g\u00f6rsel romanlar, ba\u011f\u0131ms\u0131z oyunlar ve daha fazlas\u0131","breadcrumb":{"@id":"https:\/\/inlingogames.com\/tr\/art\/#breadcrumb"},"inLanguage":"en-US","potentialAction":[{"@type":"ReadAction","target":["https:\/\/inlingogames.com\/tr\/art\/"]}]},{"@type":"ImageObject","inLanguage":"en-US","@id":"https:\/\/inlingogames.com\/tr\/art\/#primaryimage","url":"https:\/\/inlingogames.com\/tr\/wp-content\/uploads\/sites\/22\/2025\/04\/Art_TR.jpg","contentUrl":"https:\/\/inlingogames.com\/tr\/wp-content\/uploads\/sites\/22\/2025\/04\/Art_TR.jpg","width":1200,"height":630},{"@type":"BreadcrumbList","@id":"https:\/\/inlingogames.com\/tr\/art\/#breadcrumb","itemListElement":[{"@type":"ListItem","position":1,"name":"Home","item":"https:\/\/inlingogames.com\/tr\/"},{"@type":"ListItem","position":2,"name":"Art"}]},{"@type":"WebSite","@id":"https:\/\/inlingogames.com\/tr\/#website","url":"https:\/\/inlingogames.com\/tr\/","name":"Turkey","description":"","potentialAction":[{"@type":"SearchAction","target":{"@type":"EntryPoint","urlTemplate":"https:\/\/inlingogames.com\/tr\/?s={search_term_string}"},"query-input":{"@type":"PropertyValueSpecification","valueRequired":true,"valueName":"search_term_string"}}],"inLanguage":"en-US"}]}},"_links":{"self":[{"href":"https:\/\/inlingogames.com\/tr\/wp-json\/wp\/v2\/pages\/3417","targetHints":{"allow":["GET"]}}],"collection":[{"href":"https:\/\/inlingogames.com\/tr\/wp-json\/wp\/v2\/pages"}],"about":[{"href":"https:\/\/inlingogames.com\/tr\/wp-json\/wp\/v2\/types\/page"}],"author":[{"embeddable":true,"href":"https:\/\/inlingogames.com\/tr\/wp-json\/wp\/v2\/users\/1"}],"replies":[{"embeddable":true,"href":"https:\/\/inlingogames.com\/tr\/wp-json\/wp\/v2\/comments?post=3417"}],"version-history":[{"count":85,"href":"https:\/\/inlingogames.com\/tr\/wp-json\/wp\/v2\/pages\/3417\/revisions"}],"predecessor-version":[{"id":9149,"href":"https:\/\/inlingogames.com\/tr\/wp-json\/wp\/v2\/pages\/3417\/revisions\/9149"}],"wp:featuredmedia":[{"embeddable":true,"href":"https:\/\/inlingogames.com\/tr\/wp-json\/wp\/v2\/media\/9091"}],"wp:attachment":[{"href":"https:\/\/inlingogames.com\/tr\/wp-json\/wp\/v2\/media?parent=3417"}],"curies":[{"name":"wp","href":"https:\/\/api.w.org\/{rel}","templated":true}]}}